{"id":32,"date":"2021-12-23T15:00:46","date_gmt":"2021-12-23T14:00:46","guid":{"rendered":"http:\/\/lesours-france.com\/2022\/?page_id=32"},"modified":"2026-01-20T11:44:38","modified_gmt":"2026-01-20T10:44:38","slug":"conditions-generales-de-vente","status":"publish","type":"page","link":"https:\/\/lesours-france.com\/en\/conditions-generales-de-vente\/","title":{"rendered":"Conditions g\u00e9n\u00e9rales de vente et d&#8217;utilisation"},"content":{"rendered":"<div data-elementor-type=\"wp-page\" data-elementor-id=\"32\" class=\"elementor elementor-32\">\n\t\t\t\t\t\t<section class=\"elementor-section elementor-top-section elementor-element elementor-element-5f57d6a elementor-section-boxed elementor-section-height-default elementor-section-height-default\" data-id=\"5f57d6a\" data-element_type=\"section\" data-e-type=\"section\">\n\t\t\t\t\t\t<div class=\"elementor-container elementor-column-gap-default\">\n\t\t\t\t\t<div class=\"elementor-column elementor-col-100 elementor-top-column elementor-element elementor-element-66625477\" data-id=\"66625477\" data-element_type=\"column\" data-e-type=\"column\">\n\t\t\t<div class=\"elementor-widget-wrap elementor-element-populated\">\n\t\t\t\t\t\t<div class=\"elementor-element elementor-element-f6190c8 elementor-widget elementor-widget-text-editor\" data-id=\"f6190c8\" data-element_type=\"widget\" data-e-type=\"widget\" data-widget_type=\"text-editor.default\">\n\t\t\t\t<div class=\"elementor-widget-container\">\n\t\t\t\t\t\t\t\t\t<p>As part of the use of the https:\/\/lesours-france.com site, you agree to be legally bound by all the provisions appearing in this User Agreement.<\/p>\n<p><!-- \/wp:paragraph --><!-- wp:paragraph --><\/p>\n<p>As part of the use of the https:\/\/lesours-france.com site, you agree to be legally bound by all the provisions appearing in this User Agreement.\n\nPlease read its provisions carefully. By using this site, you represent that you are 18 years of age or older, or at least the minimum legal age to enter into a contract in the jurisdiction in which you are viewing this site. In addition, when you use any current or future version of this site, you are subject to the terms and conditions of this Agreement. We may change the terms and conditions of this Agreement from time to time. Your use of the site after any modification constitutes your agreement to the provisions of the modified Agreement.<\/p>\n<p><!-- \/wp:paragraph --><!-- wp:heading --><\/p>\n<h2 class=\"wp-block-heading\">Article 1 \u2013 Scope<\/h2>\n<p><!-- \/wp:heading --><!-- wp:paragraph --><\/p>\n<p>These general conditions of sale are exclusively applicable to items offered for sale by the company L'Arche de l'Ours concluded remotely through the Company's Website identified by the domain names:<\/p>\n<p><!-- \/wp:paragraph --><!-- wp:paragraph --><\/p>\n<p><a href=\"https:\/\/lesours-france.com\/en\/\">https:\/\/lesours-france.com<\/a> (hereinafter referred to as the Site):<\/p>\n<p><!-- \/wp:paragraph --><!-- wp:paragraph --><\/p>\n<p>\u2013 by order taking by non-trading natural person customers having consumer status and having their usual residence in the country in which they are viewing this site,<\/p>\n<p><!-- \/wp:paragraph --><!-- wp:paragraph --><\/p>\n<p>\u2013 for delivery to said customers for their own account or to any third party of their choice also having their habitual residence in the same territories and in the capacity of consumer.<\/p>\n<p><!-- \/wp:paragraph --><!-- wp:paragraph --><\/p>\n<p>Any sale of branded items sold through the Site is subject to these general conditions of sale, which the customer expressly accepts. These are subject to modifications and updates, the conditions applicable to the order of an article by a customer are those in force on the day of the order.<\/p>\n<p><!-- \/wp:paragraph --><!-- wp:heading --><\/p>\n<h2 class=\"wp-block-heading\">Article 2 \u2013 Identification of the Company<\/h2>\n<p><!-- \/wp:heading --><!-- wp:paragraph --><\/p>\n<p>LES OURS, 13Bis rue Calqui\u00e8res basses, 34120 Pezenas<br \/>Tel. +33 (0)4.67.31.73.88<br \/>Mail les.ours@outlook.fr<br \/>Montpellier 579 379 618<\/p>\n<p><!-- \/wp:paragraph --><!-- wp:heading --><\/p>\n<h2 class=\"wp-block-heading\">Article 3 \u2013 Information relating to the articles and limitation of liability<\/h2>\n<p><!-- \/wp:heading --><!-- wp:paragraph --><\/p>\n<p>The information on the site is as accurate as possible. The Company cannot be held responsible for non-substantial errors that could affect the characteristics of the articles. However, the photographs and other reproductions of the articles are only indicative and have no contractual value.<\/p>\n<p><!-- \/wp:paragraph --><!-- wp:paragraph --><\/p>\n<p><strong>Colors<br \/><\/strong>La soci\u00e9t\u00e9 LES OURS, en charge de l&#8217;administration des contenus, fait de son mieux pour afficher aussi pr\u00e9cis\u00e9ment que possible les couleurs des produits figurant sur le site. Les couleurs que vous voyez d\u00e9pendent de l&#8217;\u00e9cran de votre ordinateur, toutefois, il n&#8217;y a aucune garantie que l&#8217;affichage des couleurs de votre \u00e9cran soit pr\u00e9cis.<\/p>\n<p><!-- \/wp:paragraph --><!-- wp:paragraph --><\/p>\n<p>The company LES OURS has, for all stages of access to the site, the ordering process, delivery or subsequent services, only an obligation of means; its responsibility cannot be engaged for any inconvenience or damage inherent in the use of the Internet network, in particular a break in service or failure of the customer's connection to the Site, an external intrusion or the presence of computer viruses, or any fact qualified of force majeure in accordance with the law and case law. LES OURS reserves the right to modify these Terms of Use, without prior notification.<\/p>\n<p><!-- \/wp:paragraph --><!-- wp:paragraph --><\/p>\n<p>In the event that one of the clauses of this contract is null and void by a change in legislation, regulation or by a court decision, this can in no way affect the validity and compliance with these general conditions of sale or call into question the validity of the other provisions which will continue to apply.<\/p>\n<p><!-- \/wp:paragraph --><!-- wp:heading --><\/p>\n<h2 class=\"wp-block-heading\">Article 4 \u2013 Conditions for ordering items<\/h2>\n<p><!-- \/wp:heading --><!-- wp:paragraph --><\/p>\n<p>4-1 To place an order on the site, the customer must be of legal age, have legal capacity and hold a bank card (Visa \u2013 MasterCard \u2013 Carte Bleue) to the exclusion of any other means of payment. Orders will be accepted within the limits of available stocks. To this end, the customer is informed at the time of order taking on the information page of the Site describing each of the articles of the availability of the said article. If the items ordered are no longer available, the Company will inform the customer by e-mail as soon as possible and will reimburse the price invoiced by bank transfer or will propose the modification of the order of the items concerned.<\/p>\n<p><!-- \/wp:paragraph --><!-- wp:paragraph --><\/p>\n<p>4-2 La Soci\u00e9t\u00e9 sera en droit de refuser toute commande effectu\u00e9e par un client avec lequel existerait un litige relatif au paiement d&#8217;une commande ant\u00e9rieure. Si la Soci\u00e9t\u00e9 constate que la commande ne satisfait pas aux pr\u00e9sentes conditions g\u00e9n\u00e9rales de vente elle en informera dans un d\u00e9lai maximum de six (6) jours le client par t\u00e9l\u00e9phone ou par voie de courrier \u00e9lectronique. A d\u00e9faut pour le client de proc\u00e9der aupr\u00e8s de la Soci\u00e9t\u00e9 \u00e0 la correction des \u00e9l\u00e9ments erron\u00e9s ou contraires aux pr\u00e9sentes conditions g\u00e9n\u00e9rales de vente, la Soci\u00e9t\u00e9 se r\u00e9serve le droit d&#8217;annuler purement et simplement la commande.<\/p>\n<p><!-- \/wp:paragraph --><!-- wp:heading --><\/p>\n<h2 class=\"wp-block-heading\">Article 5 \u2013 Confidentiality of personal data<\/h2>\n<p><!-- \/wp:heading --><!-- wp:paragraph --><\/p>\n<p>It is recalled that when ordering, the Company collects personal data. These data are necessary for the processing of the order and may be communicated in whole or in part to the contractual partners of the Company intervening strictly within the framework of the execution of the order. The customer is informed that this same personal data is also collected by the organization in charge of analyzing orders and combating credit card fraud.<\/p>\n<p><!-- \/wp:paragraph --><!-- wp:paragraph --><\/p>\n<p>The information and data concerning our customers are necessary for the management of orders and commercial relations. In accordance with the Data Protection Act of January 6, 1978 amended by the Act of August 6, 2004 (French Code), all customers have, in particular, a right of access, opposition and rectification of personal data concerning them.<\/p>\n<p><!-- \/wp:paragraph --><!-- wp:paragraph --><\/p>\n<p>All he has to do is send us an e-mail indicating the surnames, first names, e-mails and addresses to: les.ours@outlook.fr<\/p>\n<p><!-- \/wp:paragraph --><!-- wp:heading --><\/p>\n<h2 class=\"wp-block-heading\">Article 6 \u2013 Order by Internet on the Site<\/h2>\n<p><!-- \/wp:heading --><!-- wp:paragraph --><\/p>\n<p>Order taking on the Site is subject to strict compliance with the procedures embodied in a succession of different screens indicating the steps that the customer must follow to validate his order.<\/p>\n<p><!-- \/wp:paragraph --><!-- wp:heading --><\/p>\n<h2 class=\"wp-block-heading\">Article 7 \u2013 Proof of order<\/h2>\n<p><!-- \/wp:heading --><!-- wp:paragraph --><\/p>\n<p>The e-mails will prevail between the parties as well as the automatic registration systems used on the Site, in particular as to the nature and date of the order.<\/p>\n<p><!-- \/wp:paragraph --><!-- wp:heading --><\/p>\n<h2 class=\"wp-block-heading\">Article 8 \u2013 Item's Price<\/h2>\n<p><!-- \/wp:heading --><!-- wp:paragraph --><\/p>\n<p>Unless otherwise stated, the prices displayed on the site are in Euros and include all taxes (TTC), excluding shipping costs.<\/p>\n<p><!-- \/wp:paragraph --><!-- wp:paragraph --><\/p>\n<p>In accordance with applicable rules and regulations, any purchase made through the website is subject to Value Added Tax (VAT).<\/p>\n<p><!-- \/wp:paragraph --><!-- wp:paragraph --><\/p>\n<p>As such and in accordance with Chapter I of Title V of Directive 2006\/112\/EC of 28 November 2006 on the common system of VAT, the place of delivery is assumed to be that of the Member State at the address where the articles must be delivered and the applicable VAT will be that in force in each Member State where the articles must be delivered in accordance with the purchase orders.<\/p>\n<p><!-- \/wp:paragraph --><!-- wp:paragraph --><\/p>\n<p>The prices invoiced are those in effect on the date of the order. The amount of the transport costs relating to the delivery of the articles will be automatically displayed on the site at the time of validation by the customer and will be communicated again to the customer when confirming his order by e-mail.<\/p>\n<p><!-- \/wp:paragraph --><!-- wp:heading --><\/p>\n<h2 class=\"wp-block-heading\">Article 9 \u2013 Intellectual Property Rights<\/h2>\n<p><!-- \/wp:heading --><!-- wp:paragraph --><\/p>\n<p>The Site remains the exclusive property of L\u2019ARCHE DE L\u2019OURS, which has created and put online the web pages, images and basic data composing it. Any partial or total reproduction or representation for other purposes on any medium is prohibited, except with the express and prior authorization of the company L'ARCHE DE L'OURS in its capacity as author modify, integrate the technical elements of the Services in a derivative work or use any other method to attempt to access the source code or protocols. Failure to comply with this prohibition constitutes an infringement that may engage the civil and\/or criminal liability of the infringer against whom the company L\u2019ARCHE DE L\u2019OURS reserves the right to claim compensation for its entire prejudice.<\/p>\n<p><!-- \/wp:paragraph --><!-- wp:heading --><\/p>\n<h2 class=\"wp-block-heading\">Article 10 \u2013 Disputes \u2013 Applicable law and jurisdiction<\/h2>\n<p><!-- \/wp:heading --><!-- wp:paragraph --><\/p>\n<p>These general conditions of sale are subject to French law. Any dispute arising from the interpretation of these provisions will be submitted to the courts.<\/p>\n<p><!-- \/wp:paragraph --><!-- wp:paragraph --><\/p>\n<h1><strong>Article 11 &#8211; Retour et remboursement<\/strong><\/h1>\n<p><strong><br \/><\/strong>Le client dispose d&#8217;un d\u00e9lai de quatorze jours francs \u00e0 compter de la r\u00e9ception de la commande pour exercer son droit de r\u00e9tractation, sans avoir \u00e0 justifier de motifs. Celui-ci s\u2019exercera par le retour \u00e0 ses frais des produits accompagn\u00e9s du num\u00e9ro de commande \u00e0 condition que les produits soient\u00a0retourn\u00e9s dans leurs emballages d&#8217;origines (si il y en avait un), en parfait \u00e9tat de revente, ne pr\u00e9sentant aucune trace d&#8217;utilisation, ni de lavages et les \u00e9tiquettes doivent rest\u00e9es attach\u00e9es aux produits. Le retour doit se faire \u00e0 l&#8217;adresse suivante :\u00a0<\/p>\n<p>LES OURS, 13Bis rue Calqui\u00e8res basses, 34120 Pezenas<\/p>\n<p><!-- \/wp:paragraph --><!-- wp:paragraph --><\/p>\n<p>Le droit de r\u00e9tractation peut \u00eatre exerc\u00e9 en ligne, \u00e0 l&#8217;aide du formulaire de contact disponible sur le site internet, auquel cas un accus\u00e9 de r\u00e9ception sur un support durable sera imm\u00e9diatement communiqu\u00e9 au Client par le vendeur, ou de toute autre d\u00e9claration, d\u00e9nu\u00e9e d&#8217;ambigu\u00eft\u00e9, exprimant la volont\u00e9 de se r\u00e9tracter.<br \/>Lorsque le d\u00e9lai de quatorze jours expire un samedi, un dimanche ou un jour f\u00e9ri\u00e9 ou ch\u00f4m\u00e9, il est prorog\u00e9 jusqu&#8217;au premier jour ouvrable suivant.<\/p>\n<p>Une fois le retour annonc\u00e9, le client dispose d&#8217;un d\u00e9lai de quatorze jours francs pour envoyer son colis retour et nous transmettre le num\u00e9ro de suivi. Pass\u00e9 ce d\u00e9lai de quatorze jours, le retour sera refus\u00e9.<\/p>\n<p><!-- \/wp:paragraph --><!-- wp:paragraph --><\/p>\n<p><strong><em>Attention: the return shipping costs are the responsibility of the customer.<br \/><\/em><em>En cas de non r\u00e9clamation du colis ou d\u2019adresse incorrecte, les frais de livraison et de retour restent \u00e0 la charge du client.<\/em><\/strong><\/p>\n<p>Les produits retourn\u00e9s incomplets, d\u00e9grad\u00e9s ou salis par l\u2019acheteur ne seront pas repris.<br \/>Les remboursements des produits seront effectu\u00e9s dans un d\u00e9lai maximum de 30 jours apr\u00e8s la r\u00e9ception desdits produits \u00e0 l&#8217;adresse fournie.\u00a0Le remboursement s\u2019effectuera suivant la m\u00eame mode de r\u00e8glement choisi par le client au moment de sa commande.<\/p>\n<p><!-- \/wp:paragraph --><!-- wp:paragraph --><\/p>\n<p><!-- \/wp:paragraph --><\/p>\t\t\t\t\t\t\t\t<\/div>\n\t\t\t\t<\/div>\n\t\t\t\t\t<\/div>\n\t\t<\/div>\n\t\t\t\t\t<\/div>\n\t\t<\/section>\n\t\t\t\t<\/div>","protected":false},"excerpt":{"rendered":"<p>Dans le cadre de l&#8217;utilisation du site https:\/\/lesours-france.com, vous acceptez d&#8217;\u00eatre li\u00e9 juridiquement par toutes les dispositions figurant dans ce Contrat d&#8217;utilisation. Veuillez lire attentivement ses dispositions. Dans le cadre de l&#8217;utilisation de ce site, vous d\u00e9clarez que vous avez 18 ans ou plus, ou que vous avez au moins l&#8217;\u00e2ge l\u00e9gal minimum pour passer [&hellip;]<\/p>\n","protected":false},"author":1,"featured_media":0,"parent":0,"menu_order":0,"comment_status":"closed","ping_status":"closed","template":"","meta":{"ocean_post_layout":"","ocean_both_sidebars_style":"","ocean_both_sidebars_content_width":0,"ocean_both_sidebars_sidebars_width":0,"ocean_sidebar":"0","ocean_second_sidebar":"0","ocean_disable_margins":"enable","ocean_add_body_class":"","ocean_shortcode_before_top_bar":"","ocean_shortcode_after_top_bar":"","ocean_shortcode_before_header":"","ocean_shortcode_after_header":"","ocean_has_shortcode":"","ocean_shortcode_after_title":"","ocean_shortcode_before_footer_widgets":"","ocean_shortcode_after_footer_widgets":"","ocean_shortcode_before_footer_bottom":"","ocean_shortcode_after_footer_bottom":"","ocean_display_top_bar":"default","ocean_display_header":"default","ocean_header_style":"","ocean_center_header_left_menu":"0","ocean_custom_header_template":"0","ocean_custom_logo":0,"ocean_custom_retina_logo":0,"ocean_custom_logo_max_width":0,"ocean_custom_logo_tablet_max_width":0,"ocean_custom_logo_mobile_max_width":0,"ocean_custom_logo_max_height":0,"ocean_custom_logo_tablet_max_height":0,"ocean_custom_logo_mobile_max_height":0,"ocean_header_custom_menu":"0","ocean_menu_typo_font_family":"0","ocean_menu_typo_font_subset":"","ocean_menu_typo_font_size":0,"ocean_menu_typo_font_size_tablet":0,"ocean_menu_typo_font_size_mobile":0,"ocean_menu_typo_font_size_unit":"px","ocean_menu_typo_font_weight":"","ocean_menu_typo_font_weight_tablet":"","ocean_menu_typo_font_weight_mobile":"","ocean_menu_typo_transform":"","ocean_menu_typo_transform_tablet":"","ocean_menu_typo_transform_mobile":"","ocean_menu_typo_line_height":0,"ocean_menu_typo_line_height_tablet":0,"ocean_menu_typo_line_height_mobile":0,"ocean_menu_typo_line_height_unit":"","ocean_menu_typo_spacing":0,"ocean_menu_typo_spacing_tablet":0,"ocean_menu_typo_spacing_mobile":0,"ocean_menu_typo_spacing_unit":"","ocean_menu_link_color":"","ocean_menu_link_color_hover":"","ocean_menu_link_color_active":"","ocean_menu_link_background":"","ocean_menu_link_hover_background":"","ocean_menu_link_active_background":"","ocean_menu_social_links_bg":"","ocean_menu_social_hover_links_bg":"","ocean_menu_social_links_color":"","ocean_menu_social_hover_links_color":"","ocean_disable_title":"default","ocean_disable_heading":"default","ocean_post_title":"","ocean_post_subheading":"","ocean_post_title_style":"centered-minimal","ocean_post_title_background_color":"","ocean_post_title_background":0,"ocean_post_title_bg_image_position":"","ocean_post_title_bg_image_attachment":"","ocean_post_title_bg_image_repeat":"","ocean_post_title_bg_image_size":"","ocean_post_title_height":0,"ocean_post_title_bg_overlay":0.5,"ocean_post_title_bg_overlay_color":"","ocean_disable_breadcrumbs":"off","ocean_breadcrumbs_color":"","ocean_breadcrumbs_separator_color":"","ocean_breadcrumbs_links_color":"","ocean_breadcrumbs_links_hover_color":"","ocean_display_footer_widgets":"default","ocean_display_footer_bottom":"default","ocean_custom_footer_template":"0","osh_disable_topbar_sticky":"default","osh_disable_header_sticky":"default","osh_sticky_header_style":"default","osh_sticky_header_effect":"","osh_custom_sticky_logo":0,"osh_custom_retina_sticky_logo":0,"osh_custom_sticky_logo_height":0,"osh_background_color":"","osh_links_color":"","osh_links_hover_color":"","osh_links_active_color":"","osh_links_bg_color":"","osh_links_hover_bg_color":"","osh_links_active_bg_color":"","osh_menu_social_links_color":"","osh_menu_social_hover_links_color":"","footnotes":""},"class_list":["post-32","page","type-page","status-publish","hentry","entry","owp-thumbs-layout-horizontal","owp-btn-normal","owp-tabs-layout-vertical","has-no-thumbnails","has-product-nav"],"yoast_head":"<!-- This site is optimized with the Yoast SEO plugin v27.2 - https:\/\/yoast.com\/product\/yoast-seo-wordpress\/ -->\n<title>Conditions g\u00e9n\u00e9rales de vente et d&#039;utilisation &#8211; Les Ours<\/title>\n<meta name=\"robots\" content=\"index, follow, max-snippet:-1, max-image-preview:large, max-video-preview:-1\" \/>\n<link rel=\"canonical\" href=\"https:\/\/lesours-france.com\/en\/conditions-generales-de-vente\/\" \/>\n<meta property=\"og:locale\" content=\"en_GB\" \/>\n<meta property=\"og:type\" content=\"article\" \/>\n<meta property=\"og:title\" content=\"Conditions g\u00e9n\u00e9rales de vente et d&#039;utilisation &#8211; Les Ours\" \/>\n<meta property=\"og:description\" content=\"Dans le cadre de l&#8217;utilisation du site https:\/\/lesours-france.com, vous acceptez d&#8217;\u00eatre li\u00e9 juridiquement par toutes les dispositions figurant dans ce Contrat d&#8217;utilisation. Veuillez lire attentivement ses dispositions. Dans le cadre de l&#8217;utilisation de ce site, vous d\u00e9clarez que vous avez 18 ans ou plus, ou que vous avez au moins l&#8217;\u00e2ge l\u00e9gal minimum pour passer [&hellip;]\" \/>\n<meta property=\"og:url\" content=\"https:\/\/lesours-france.com\/en\/conditions-generales-de-vente\/\" \/>\n<meta property=\"og:site_name\" content=\"Les Ours\" \/>\n<meta property=\"article:publisher\" content=\"https:\/\/www.facebook.com\/leshowroomlesours\" \/>\n<meta property=\"article:modified_time\" content=\"2026-01-20T10:44:38+00:00\" \/>\n<meta name=\"twitter:card\" content=\"summary_large_image\" \/>\n<script type=\"application\/ld+json\" class=\"yoast-schema-graph\">{\"@context\":\"https:\/\/schema.org\",\"@graph\":[{\"@type\":\"WebPage\",\"@id\":\"https:\/\/lesours-france.com\/conditions-generales-de-vente\/\",\"url\":\"https:\/\/lesours-france.com\/conditions-generales-de-vente\/\",\"name\":\"Conditions g\u00e9n\u00e9rales de vente et d'utilisation &#8211; Les Ours\",\"isPartOf\":{\"@id\":\"https:\/\/lesours-france.com\/en\/#website\"},\"datePublished\":\"2021-12-23T14:00:46+00:00\",\"dateModified\":\"2026-01-20T10:44:38+00:00\",\"breadcrumb\":{\"@id\":\"https:\/\/lesours-france.com\/conditions-generales-de-vente\/#breadcrumb\"},\"inLanguage\":\"en-GB\",\"potentialAction\":[{\"@type\":\"ReadAction\",\"target\":[\"https:\/\/lesours-france.com\/conditions-generales-de-vente\/\"]}]},{\"@type\":\"BreadcrumbList\",\"@id\":\"https:\/\/lesours-france.com\/conditions-generales-de-vente\/#breadcrumb\",\"itemListElement\":[{\"@type\":\"ListItem\",\"position\":1,\"name\":\"Accueil\",\"item\":\"https:\/\/lesours-france.com\/\"},{\"@type\":\"ListItem\",\"position\":2,\"name\":\"Conditions g\u00e9n\u00e9rales de vente et d&#8217;utilisation\"}]},{\"@type\":\"WebSite\",\"@id\":\"https:\/\/lesours-france.com\/en\/#website\",\"url\":\"https:\/\/lesours-france.com\/en\/\",\"name\":\"Les Ours\",\"description\":\"Pr\u00eat \u00e0 porter romantique\",\"publisher\":{\"@id\":\"https:\/\/lesours-france.com\/en\/#organization\"},\"potentialAction\":[{\"@type\":\"SearchAction\",\"target\":{\"@type\":\"EntryPoint\",\"urlTemplate\":\"https:\/\/lesours-france.com\/en\/?s={search_term_string}\"},\"query-input\":{\"@type\":\"PropertyValueSpecification\",\"valueRequired\":true,\"valueName\":\"search_term_string\"}}],\"inLanguage\":\"en-GB\"},{\"@type\":\"Organization\",\"@id\":\"https:\/\/lesours-france.com\/en\/#organization\",\"name\":\"Les Ours\",\"url\":\"https:\/\/lesours-france.com\/en\/\",\"logo\":{\"@type\":\"ImageObject\",\"inLanguage\":\"en-GB\",\"@id\":\"https:\/\/lesours-france.com\/en\/#\/schema\/logo\/image\/\",\"url\":\"https:\/\/lesours-france.com\/wp-content\/uploads\/Logo_LesOurs_1.png\",\"contentUrl\":\"https:\/\/lesours-france.com\/wp-content\/uploads\/Logo_LesOurs_1.png\",\"width\":260,\"height\":75,\"caption\":\"Les Ours\"},\"image\":{\"@id\":\"https:\/\/lesours-france.com\/en\/#\/schema\/logo\/image\/\"},\"sameAs\":[\"https:\/\/www.facebook.com\/leshowroomlesours\",\"https:\/\/www.instagram.com\/les.ours.createur\"]}]}<\/script>\n<!-- \/ Yoast SEO plugin. -->","yoast_head_json":{"title":"Conditions g\u00e9n\u00e9rales de vente et d'utilisation &#8211; Les Ours","robots":{"index":"index","follow":"follow","max-snippet":"max-snippet:-1","max-image-preview":"max-image-preview:large","max-video-preview":"max-video-preview:-1"},"canonical":"https:\/\/lesours-france.com\/en\/conditions-generales-de-vente\/","og_locale":"en_GB","og_type":"article","og_title":"Conditions g\u00e9n\u00e9rales de vente et d'utilisation &#8211; Les Ours","og_description":"Dans le cadre de l&#8217;utilisation du site https:\/\/lesours-france.com, vous acceptez d&#8217;\u00eatre li\u00e9 juridiquement par toutes les dispositions figurant dans ce Contrat d&#8217;utilisation. Veuillez lire attentivement ses dispositions. Dans le cadre de l&#8217;utilisation de ce site, vous d\u00e9clarez que vous avez 18 ans ou plus, ou que vous avez au moins l&#8217;\u00e2ge l\u00e9gal minimum pour passer [&hellip;]","og_url":"https:\/\/lesours-france.com\/en\/conditions-generales-de-vente\/","og_site_name":"Les Ours","article_publisher":"https:\/\/www.facebook.com\/leshowroomlesours","article_modified_time":"2026-01-20T10:44:38+00:00","twitter_card":"summary_large_image","schema":{"@context":"https:\/\/schema.org","@graph":[{"@type":"WebPage","@id":"https:\/\/lesours-france.com\/conditions-generales-de-vente\/","url":"https:\/\/lesours-france.com\/conditions-generales-de-vente\/","name":"Conditions g\u00e9n\u00e9rales de vente et d'utilisation &#8211; Les Ours","isPartOf":{"@id":"https:\/\/lesours-france.com\/en\/#website"},"datePublished":"2021-12-23T14:00:46+00:00","dateModified":"2026-01-20T10:44:38+00:00","breadcrumb":{"@id":"https:\/\/lesours-france.com\/conditions-generales-de-vente\/#breadcrumb"},"inLanguage":"en-GB","potentialAction":[{"@type":"ReadAction","target":["https:\/\/lesours-france.com\/conditions-generales-de-vente\/"]}]},{"@type":"BreadcrumbList","@id":"https:\/\/lesours-france.com\/conditions-generales-de-vente\/#breadcrumb","itemListElement":[{"@type":"ListItem","position":1,"name":"Accueil","item":"https:\/\/lesours-france.com\/"},{"@type":"ListItem","position":2,"name":"Conditions g\u00e9n\u00e9rales de vente et d&#8217;utilisation"}]},{"@type":"WebSite","@id":"https:\/\/lesours-france.com\/en\/#website","url":"https:\/\/lesours-france.com\/en\/","name":"Les Ours","description":"Pr\u00eat \u00e0 porter romantique","publisher":{"@id":"https:\/\/lesours-france.com\/en\/#organization"},"potentialAction":[{"@type":"SearchAction","target":{"@type":"EntryPoint","urlTemplate":"https:\/\/lesours-france.com\/en\/?s={search_term_string}"},"query-input":{"@type":"PropertyValueSpecification","valueRequired":true,"valueName":"search_term_string"}}],"inLanguage":"en-GB"},{"@type":"Organization","@id":"https:\/\/lesours-france.com\/en\/#organization","name":"Les Ours","url":"https:\/\/lesours-france.com\/en\/","logo":{"@type":"ImageObject","inLanguage":"en-GB","@id":"https:\/\/lesours-france.com\/en\/#\/schema\/logo\/image\/","url":"https:\/\/lesours-france.com\/wp-content\/uploads\/Logo_LesOurs_1.png","contentUrl":"https:\/\/lesours-france.com\/wp-content\/uploads\/Logo_LesOurs_1.png","width":260,"height":75,"caption":"Les Ours"},"image":{"@id":"https:\/\/lesours-france.com\/en\/#\/schema\/logo\/image\/"},"sameAs":["https:\/\/www.facebook.com\/leshowroomlesours","https:\/\/www.instagram.com\/les.ours.createur"]}]}},"_links":{"self":[{"href":"https:\/\/lesours-france.com\/en\/wp-json\/wp\/v2\/pages\/32","targetHints":{"allow":["GET"]}}],"collection":[{"href":"https:\/\/lesours-france.com\/en\/wp-json\/wp\/v2\/pages"}],"about":[{"href":"https:\/\/lesours-france.com\/en\/wp-json\/wp\/v2\/types\/page"}],"author":[{"embeddable":true,"href":"https:\/\/lesours-france.com\/en\/wp-json\/wp\/v2\/users\/1"}],"replies":[{"embeddable":true,"href":"https:\/\/lesours-france.com\/en\/wp-json\/wp\/v2\/comments?post=32"}],"version-history":[{"count":13,"href":"https:\/\/lesours-france.com\/en\/wp-json\/wp\/v2\/pages\/32\/revisions"}],"predecessor-version":[{"id":24321,"href":"https:\/\/lesours-france.com\/en\/wp-json\/wp\/v2\/pages\/32\/revisions\/24321"}],"wp:attachment":[{"href":"https:\/\/lesours-france.com\/en\/wp-json\/wp\/v2\/media?parent=32"}],"curies":[{"name":"wp","href":"https:\/\/api.w.org\/{rel}","templated":true}]}}