{"id":17824,"date":"2024-07-03T17:02:01","date_gmt":"2024-07-03T15:02:01","guid":{"rendered":"https:\/\/lesours-france.com\/?post_type=product&#038;p=17824"},"modified":"2026-03-08T07:22:25","modified_gmt":"2026-03-08T06:22:25","slug":"robe-airelle-lin-raye","status":"publish","type":"product","link":"https:\/\/lesours-france.com\/en\/boutique\/robe-airelle-lin-raye\/","title":{"rendered":"Robe airelle &#8211; lin ray\u00e9"},"content":{"rendered":"<p>Un look campagne chic pour cette jolie robe en lin Elle saura vous surprendre par l\u2019allure qu\u2019elle dessine quand vous la porterez\u00a0.On joue tout l\u2019\u00e9t\u00e9 avec cette robe joyeuse et parfaitement insouciante.<\/p>\n<p>The pretty details:<\/p>\n<ul>\n<li>Manches longues resserr\u00e9es sur le bord.<\/li>\n<li>Col arrondi bord\u00e9 d&#8217;un volant ton sur ton.<\/li>\n<li>Deux poches italiennes sur les cot\u00e9s.<\/li>\n<li>Une fausse ceinture sur l&#8217;arri\u00e8re.<\/li>\n<li>Un patch de coton liberty beige ros\u00e9 sur le bas.<\/li>\n<\/ul>\n<p>&nbsp;<\/p>\n<p><strong><u>GUIDE DES TAILLES:<\/u><\/strong><\/p>\n<table cellspacing=\"0\" cellpadding=\"0\">\n<tbody>\n<tr>\n<td valign=\"top\"><\/td>\n<td valign=\"top\">S (UK 8)<\/td>\n<td valign=\"top\">M (UK 10)<\/td>\n<td valign=\"top\">L (UK 12)<\/td>\n<td valign=\"top\">XL (UK 14)<\/td>\n<td valign=\"top\">XXL (UK 16)<\/td>\n<\/tr>\n<tr>\n<td valign=\"top\">Aisselles \u00e0 aisselles<span class=\"Apple-converted-space\">\u00a0<\/span><\/td>\n<td valign=\"top\">52cm<\/p>\n<p>20,5in<\/td>\n<td valign=\"top\">55cm<\/p>\n<p>21,7in<\/td>\n<td valign=\"top\">58cm<\/p>\n<p>22,8in<\/td>\n<td valign=\"top\">61cm<\/p>\n<p>24in<\/td>\n<td valign=\"top\">64cm<\/p>\n<p>25,2<\/td>\n<\/tr>\n<tr>\n<td valign=\"top\">Size<span class=\"Apple-converted-space\">\u00a0<\/span><\/td>\n<td valign=\"top\">51cm<\/p>\n<p>20,1in<\/td>\n<td valign=\"top\">54cm<\/p>\n<p>21,3in<\/td>\n<td valign=\"top\">57cm<\/p>\n<p>22,4in<\/td>\n<td valign=\"top\">60cm<\/p>\n<p>23,6in<\/td>\n<td valign=\"top\">63cm<\/p>\n<p>24,8in<\/td>\n<\/tr>\n<tr>\n<td valign=\"top\">Longueur<span class=\"Apple-converted-space\">\u00a0<\/span><\/td>\n<td valign=\"top\">112cm<\/p>\n<p>44,1in<\/td>\n<td valign=\"top\">113cm<\/p>\n<p>44,5in<\/td>\n<td valign=\"top\">115cm<\/p>\n<p>45,3in<\/td>\n<td valign=\"top\">116cm<\/p>\n<p>45,7in<\/td>\n<td valign=\"top\">117cm<\/p>\n<p>46,1in<\/td>\n<\/tr>\n<\/tbody>\n<\/table>\n<p>&nbsp;<\/p>","protected":false},"excerpt":{"rendered":"<p>Un look campagne chic pour cette jolie robe en lin Elle saura vous surprendre par l\u2019allure qu\u2019elle dessine quand vous la porterez\u00a0.On joue tout l\u2019\u00e9t\u00e9 avec cette robe joyeuse et parfaitement insouciante. Les jolis d\u00e9tails: Manches longues resserr\u00e9es sur le bord. Col arrondi bord\u00e9 d&#8217;un volant ton sur ton. Deux poches italiennes sur les cot\u00e9s. [&hellip;]<\/p>\n","protected":false},"featured_media":17828,"template":"","meta":{"ocean_post_layout":"","ocean_both_sidebars_style":"","ocean_both_sidebars_content_width":0,"ocean_both_sidebars_sidebars_width":0,"ocean_sidebar":"0","ocean_second_sidebar":"0","ocean_disable_margins":"enable","ocean_add_body_class":"","ocean_shortcode_before_top_bar":"","ocean_shortcode_after_top_bar":"","ocean_shortcode_before_header":"","ocean_shortcode_after_header":"","ocean_has_shortcode":"","ocean_shortcode_after_title":"","ocean_shortcode_before_footer_widgets":"","ocean_shortcode_after_footer_widgets":"","ocean_shortcode_before_footer_bottom":"","ocean_shortcode_after_footer_bottom":"","ocean_display_top_bar":"default","ocean_display_header":"default","ocean_header_style":"","ocean_center_header_left_menu":"0","ocean_custom_header_template":"0","ocean_custom_logo":0,"ocean_custom_retina_logo":0,"ocean_custom_logo_max_width":0,"ocean_custom_logo_tablet_max_width":0,"ocean_custom_logo_mobile_max_width":0,"ocean_custom_logo_max_height":0,"ocean_custom_logo_tablet_max_height":0,"ocean_custom_logo_mobile_max_height":0,"ocean_header_custom_menu":"0","ocean_menu_typo_font_family":"0","ocean_menu_typo_font_subset":"","ocean_menu_typo_font_size":0,"ocean_menu_typo_font_size_tablet":0,"ocean_menu_typo_font_size_mobile":0,"ocean_menu_typo_font_size_unit":"px","ocean_menu_typo_font_weight":"","ocean_menu_typo_font_weight_tablet":"","ocean_menu_typo_font_weight_mobile":"","ocean_menu_typo_transform":"","ocean_menu_typo_transform_tablet":"","ocean_menu_typo_transform_mobile":"","ocean_menu_typo_line_height":0,"ocean_menu_typo_line_height_tablet":0,"ocean_menu_typo_line_height_mobile":0,"ocean_menu_typo_line_height_unit":"","ocean_menu_typo_spacing":0,"ocean_menu_typo_spacing_tablet":0,"ocean_menu_typo_spacing_mobile":0,"ocean_menu_typo_spacing_unit":"","ocean_menu_link_color":"","ocean_menu_link_color_hover":"","ocean_menu_link_color_active":"","ocean_menu_link_background":"","ocean_menu_link_hover_background":"","ocean_menu_link_active_background":"","ocean_menu_social_links_bg":"","ocean_menu_social_hover_links_bg":"","ocean_menu_social_links_color":"","ocean_menu_social_hover_links_color":"","ocean_disable_title":"default","ocean_disable_heading":"default","ocean_post_title":"","ocean_post_subheading":"","ocean_post_title_style":"","ocean_post_title_background_color":"","ocean_post_title_background":0,"ocean_post_title_bg_image_position":"","ocean_post_title_bg_image_attachment":"","ocean_post_title_bg_image_repeat":"","ocean_post_title_bg_image_size":"","ocean_post_title_height":0,"ocean_post_title_bg_overlay":0.5,"ocean_post_title_bg_overlay_color":"","ocean_disable_breadcrumbs":"default","ocean_breadcrumbs_color":"","ocean_breadcrumbs_separator_color":"","ocean_breadcrumbs_links_color":"","ocean_breadcrumbs_links_hover_color":"","ocean_display_footer_widgets":"default","ocean_display_footer_bottom":"default","ocean_custom_footer_template":"0","osh_disable_topbar_sticky":"default","osh_disable_header_sticky":"default","osh_sticky_header_style":"default","osh_sticky_header_effect":"","osh_custom_sticky_logo":0,"osh_custom_retina_sticky_logo":0,"osh_custom_sticky_logo_height":0,"osh_background_color":"","osh_links_color":"","osh_links_hover_color":"","osh_links_active_color":"","osh_links_bg_color":"","osh_links_hover_bg_color":"","osh_links_active_bg_color":"","osh_menu_social_links_color":"","osh_menu_social_hover_links_color":""},"product_brand":[],"product_cat":[19,22,520,20],"product_tag":[],"class_list":{"0":"post-17824","1":"product","2":"type-product","3":"status-publish","4":"has-post-thumbnail","6":"product_cat-anciennes-collections-ete","7":"product_cat-les-bonnes-affaires","8":"product_cat-robes-accessoires-collection-hiver-2025","9":"product_cat-robes-avec-manches","10":"pa_couleur-coton-liberty-vieux-rose","11":"pa_couleur-lin-raye","12":"pa_taille-l","13":"pa_taille-m","14":"pa_taille-s","15":"pa_taille-xl","16":"pa_taille-xxl","18":"entry","19":"has-media","21":"first","22":"outofstock","23":"taxable","24":"shipping-taxable","25":"product-type-variable","26":"has-product-nav","27":"col","28":"span_1_of_4","29":"owp-content-center","30":"item-entry","31":"owp-thumbs-layout-horizontal","32":"owp-btn-normal","33":"owp-tabs-layout-vertical"},"yoast_head":"<!-- This site is optimized with the Yoast SEO plugin v27.2 - https:\/\/yoast.com\/product\/yoast-seo-wordpress\/ -->\n<title>Robe airelle - lin ray\u00e9 &#8211; Les Ours<\/title>\n<meta name=\"description\" content=\"Boutique en ligne Les Ours : v\u00eatements de cr\u00e9ateur romantiques, boh\u00e8mes et tr\u00e8s po\u00e9tiques.\" \/>\n<meta name=\"robots\" content=\"index, follow, max-snippet:-1, max-image-preview:large, max-video-preview:-1\" \/>\n<link rel=\"canonical\" href=\"https:\/\/lesours-france.com\/en\/boutique\/robe-airelle-lin-raye\/\" \/>\n<meta property=\"og:locale\" content=\"en_GB\" \/>\n<meta property=\"og:type\" content=\"article\" \/>\n<meta property=\"og:title\" content=\"Robe airelle - lin ray\u00e9 &#8211; Les Ours\" \/>\n<meta property=\"og:description\" content=\"Boutique en ligne Les Ours : v\u00eatements de cr\u00e9ateur romantiques, boh\u00e8mes et tr\u00e8s po\u00e9tiques.\" \/>\n<meta property=\"og:url\" content=\"https:\/\/lesours-france.com\/en\/boutique\/robe-airelle-lin-raye\/\" \/>\n<meta property=\"og:site_name\" content=\"Les Ours\" \/>\n<meta property=\"article:publisher\" content=\"https:\/\/www.facebook.com\/leshowroomlesours\" \/>\n<meta property=\"article:modified_time\" content=\"2026-03-08T06:22:25+00:00\" \/>\n<meta property=\"og:image\" content=\"https:\/\/lesours-france.com\/wp-content\/uploads\/a53cfe44-9f2b-4626-aad8-3d91cd188c18-scaled-e1742798830247.jpg\" \/>\n\t<meta property=\"og:image:width\" content=\"1158\" \/>\n\t<meta property=\"og:image:height\" content=\"1600\" \/>\n\t<meta property=\"og:image:type\" content=\"image\/jpeg\" \/>\n<meta name=\"twitter:card\" content=\"summary_large_image\" \/>\n<script type=\"application\/ld+json\" class=\"yoast-schema-graph\">{\"@context\":\"https:\/\/schema.org\",\"@graph\":[{\"@type\":\"WebPage\",\"@id\":\"https:\/\/lesours-france.com\/boutique\/robe-airelle-lin-raye\/\",\"url\":\"https:\/\/lesours-france.com\/boutique\/robe-airelle-lin-raye\/\",\"name\":\"Robe airelle - lin ray\u00e9 &#8211; Les Ours\",\"isPartOf\":{\"@id\":\"https:\/\/lesours-france.com\/en\/#website\"},\"primaryImageOfPage\":{\"@id\":\"https:\/\/lesours-france.com\/boutique\/robe-airelle-lin-raye\/#primaryimage\"},\"image\":{\"@id\":\"https:\/\/lesours-france.com\/boutique\/robe-airelle-lin-raye\/#primaryimage\"},\"thumbnailUrl\":\"https:\/\/lesours-france.com\/wp-content\/uploads\/a53cfe44-9f2b-4626-aad8-3d91cd188c18-scaled-e1742798830247.jpg\",\"datePublished\":\"2024-07-03T15:02:01+00:00\",\"dateModified\":\"2026-03-08T06:22:25+00:00\",\"description\":\"Boutique en ligne Les Ours : v\u00eatements de cr\u00e9ateur romantiques, boh\u00e8mes et tr\u00e8s po\u00e9tiques.\",\"breadcrumb\":{\"@id\":\"https:\/\/lesours-france.com\/boutique\/robe-airelle-lin-raye\/#breadcrumb\"},\"inLanguage\":\"en-GB\",\"potentialAction\":[{\"@type\":\"ReadAction\",\"target\":[\"https:\/\/lesours-france.com\/boutique\/robe-airelle-lin-raye\/\"]}]},{\"@type\":\"ImageObject\",\"inLanguage\":\"en-GB\",\"@id\":\"https:\/\/lesours-france.com\/boutique\/robe-airelle-lin-raye\/#primaryimage\",\"url\":\"https:\/\/lesours-france.com\/wp-content\/uploads\/a53cfe44-9f2b-4626-aad8-3d91cd188c18-scaled-e1742798830247.jpg\",\"contentUrl\":\"https:\/\/lesours-france.com\/wp-content\/uploads\/a53cfe44-9f2b-4626-aad8-3d91cd188c18-scaled-e1742798830247.jpg\",\"width\":1158,\"height\":1600},{\"@type\":\"BreadcrumbList\",\"@id\":\"https:\/\/lesours-france.com\/boutique\/robe-airelle-lin-raye\/#breadcrumb\",\"itemListElement\":[{\"@type\":\"ListItem\",\"position\":1,\"name\":\"Accueil\",\"item\":\"https:\/\/lesours-france.com\/\"},{\"@type\":\"ListItem\",\"position\":2,\"name\":\"Boutique\",\"item\":\"https:\/\/lesours-france.com\/en\/boutique\/\"},{\"@type\":\"ListItem\",\"position\":3,\"name\":\"Anciennes collections \u00e9t\u00e9\",\"item\":\"https:\/\/lesours-france.com\/categorie\/anciennes-collections-ete\/\"},{\"@type\":\"ListItem\",\"position\":4,\"name\":\"Robe airelle &#8211; lin ray\u00e9\"}]},{\"@type\":\"WebSite\",\"@id\":\"https:\/\/lesours-france.com\/en\/#website\",\"url\":\"https:\/\/lesours-france.com\/en\/\",\"name\":\"Les Ours\",\"description\":\"Pr\u00eat \u00e0 porter romantique\",\"publisher\":{\"@id\":\"https:\/\/lesours-france.com\/en\/#organization\"},\"potentialAction\":[{\"@type\":\"SearchAction\",\"target\":{\"@type\":\"EntryPoint\",\"urlTemplate\":\"https:\/\/lesours-france.com\/en\/?s={search_term_string}\"},\"query-input\":{\"@type\":\"PropertyValueSpecification\",\"valueRequired\":true,\"valueName\":\"search_term_string\"}}],\"inLanguage\":\"en-GB\"},{\"@type\":\"Organization\",\"@id\":\"https:\/\/lesours-france.com\/en\/#organization\",\"name\":\"Les Ours\",\"url\":\"https:\/\/lesours-france.com\/en\/\",\"logo\":{\"@type\":\"ImageObject\",\"inLanguage\":\"en-GB\",\"@id\":\"https:\/\/lesours-france.com\/en\/#\/schema\/logo\/image\/\",\"url\":\"https:\/\/lesours-france.com\/wp-content\/uploads\/Logo_LesOurs_1.png\",\"contentUrl\":\"https:\/\/lesours-france.com\/wp-content\/uploads\/Logo_LesOurs_1.png\",\"width\":260,\"height\":75,\"caption\":\"Les Ours\"},\"image\":{\"@id\":\"https:\/\/lesours-france.com\/en\/#\/schema\/logo\/image\/\"},\"sameAs\":[\"https:\/\/www.facebook.com\/leshowroomlesours\",\"https:\/\/www.instagram.com\/les.ours.createur\"]}]}<\/script>\n<!-- \/ Yoast SEO plugin. -->","yoast_head_json":{"title":"Robe airelle - lin ray\u00e9 &#8211; Les Ours","description":"Boutique en ligne Les Ours : v\u00eatements de cr\u00e9ateur romantiques, boh\u00e8mes et tr\u00e8s po\u00e9tiques.","robots":{"index":"index","follow":"follow","max-snippet":"max-snippet:-1","max-image-preview":"max-image-preview:large","max-video-preview":"max-video-preview:-1"},"canonical":"https:\/\/lesours-france.com\/en\/boutique\/robe-airelle-lin-raye\/","og_locale":"en_GB","og_type":"article","og_title":"Robe airelle - lin ray\u00e9 &#8211; Les Ours","og_description":"Boutique en ligne Les Ours : v\u00eatements de cr\u00e9ateur romantiques, boh\u00e8mes et tr\u00e8s po\u00e9tiques.","og_url":"https:\/\/lesours-france.com\/en\/boutique\/robe-airelle-lin-raye\/","og_site_name":"Les Ours","article_publisher":"https:\/\/www.facebook.com\/leshowroomlesours","article_modified_time":"2026-03-08T06:22:25+00:00","og_image":[{"width":1158,"height":1600,"url":"https:\/\/lesours-france.com\/wp-content\/uploads\/a53cfe44-9f2b-4626-aad8-3d91cd188c18-scaled-e1742798830247.jpg","type":"image\/jpeg"}],"twitter_card":"summary_large_image","schema":{"@context":"https:\/\/schema.org","@graph":[{"@type":"WebPage","@id":"https:\/\/lesours-france.com\/boutique\/robe-airelle-lin-raye\/","url":"https:\/\/lesours-france.com\/boutique\/robe-airelle-lin-raye\/","name":"Robe airelle - lin ray\u00e9 &#8211; Les Ours","isPartOf":{"@id":"https:\/\/lesours-france.com\/en\/#website"},"primaryImageOfPage":{"@id":"https:\/\/lesours-france.com\/boutique\/robe-airelle-lin-raye\/#primaryimage"},"image":{"@id":"https:\/\/lesours-france.com\/boutique\/robe-airelle-lin-raye\/#primaryimage"},"thumbnailUrl":"https:\/\/lesours-france.com\/wp-content\/uploads\/a53cfe44-9f2b-4626-aad8-3d91cd188c18-scaled-e1742798830247.jpg","datePublished":"2024-07-03T15:02:01+00:00","dateModified":"2026-03-08T06:22:25+00:00","description":"Boutique en ligne Les Ours : v\u00eatements de cr\u00e9ateur romantiques, boh\u00e8mes et tr\u00e8s po\u00e9tiques.","breadcrumb":{"@id":"https:\/\/lesours-france.com\/boutique\/robe-airelle-lin-raye\/#breadcrumb"},"inLanguage":"en-GB","potentialAction":[{"@type":"ReadAction","target":["https:\/\/lesours-france.com\/boutique\/robe-airelle-lin-raye\/"]}]},{"@type":"ImageObject","inLanguage":"en-GB","@id":"https:\/\/lesours-france.com\/boutique\/robe-airelle-lin-raye\/#primaryimage","url":"https:\/\/lesours-france.com\/wp-content\/uploads\/a53cfe44-9f2b-4626-aad8-3d91cd188c18-scaled-e1742798830247.jpg","contentUrl":"https:\/\/lesours-france.com\/wp-content\/uploads\/a53cfe44-9f2b-4626-aad8-3d91cd188c18-scaled-e1742798830247.jpg","width":1158,"height":1600},{"@type":"BreadcrumbList","@id":"https:\/\/lesours-france.com\/boutique\/robe-airelle-lin-raye\/#breadcrumb","itemListElement":[{"@type":"ListItem","position":1,"name":"Accueil","item":"https:\/\/lesours-france.com\/"},{"@type":"ListItem","position":2,"name":"Boutique","item":"https:\/\/lesours-france.com\/en\/boutique\/"},{"@type":"ListItem","position":3,"name":"Anciennes collections \u00e9t\u00e9","item":"https:\/\/lesours-france.com\/categorie\/anciennes-collections-ete\/"},{"@type":"ListItem","position":4,"name":"Robe airelle &#8211; lin ray\u00e9"}]},{"@type":"WebSite","@id":"https:\/\/lesours-france.com\/en\/#website","url":"https:\/\/lesours-france.com\/en\/","name":"Les Ours","description":"Pr\u00eat \u00e0 porter romantique","publisher":{"@id":"https:\/\/lesours-france.com\/en\/#organization"},"potentialAction":[{"@type":"SearchAction","target":{"@type":"EntryPoint","urlTemplate":"https:\/\/lesours-france.com\/en\/?s={search_term_string}"},"query-input":{"@type":"PropertyValueSpecification","valueRequired":true,"valueName":"search_term_string"}}],"inLanguage":"en-GB"},{"@type":"Organization","@id":"https:\/\/lesours-france.com\/en\/#organization","name":"Les Ours","url":"https:\/\/lesours-france.com\/en\/","logo":{"@type":"ImageObject","inLanguage":"en-GB","@id":"https:\/\/lesours-france.com\/en\/#\/schema\/logo\/image\/","url":"https:\/\/lesours-france.com\/wp-content\/uploads\/Logo_LesOurs_1.png","contentUrl":"https:\/\/lesours-france.com\/wp-content\/uploads\/Logo_LesOurs_1.png","width":260,"height":75,"caption":"Les Ours"},"image":{"@id":"https:\/\/lesours-france.com\/en\/#\/schema\/logo\/image\/"},"sameAs":["https:\/\/www.facebook.com\/leshowroomlesours","https:\/\/www.instagram.com\/les.ours.createur"]}]}},"_links":{"self":[{"href":"https:\/\/lesours-france.com\/en\/wp-json\/wp\/v2\/product\/17824","targetHints":{"allow":["GET"]}}],"collection":[{"href":"https:\/\/lesours-france.com\/en\/wp-json\/wp\/v2\/product"}],"about":[{"href":"https:\/\/lesours-france.com\/en\/wp-json\/wp\/v2\/types\/product"}],"wp:featuredmedia":[{"embeddable":true,"href":"https:\/\/lesours-france.com\/en\/wp-json\/wp\/v2\/media\/17828"}],"wp:attachment":[{"href":"https:\/\/lesours-france.com\/en\/wp-json\/wp\/v2\/media?parent=17824"}],"wp:term":[{"taxonomy":"product_brand","embeddable":true,"href":"https:\/\/lesours-france.com\/en\/wp-json\/wp\/v2\/product_brand?post=17824"},{"taxonomy":"product_cat","embeddable":true,"href":"https:\/\/lesours-france.com\/en\/wp-json\/wp\/v2\/product_cat?post=17824"},{"taxonomy":"product_tag","embeddable":true,"href":"https:\/\/lesours-france.com\/en\/wp-json\/wp\/v2\/product_tag?post=17824"}],"curies":[{"name":"wp","href":"https:\/\/api.w.org\/{rel}","templated":true}]}}