{"id":18180,"date":"2024-08-19T11:39:44","date_gmt":"2024-08-19T09:39:44","guid":{"rendered":"https:\/\/lesours-france.com\/?post_type=product&#038;p=18180"},"modified":"2026-03-13T10:47:47","modified_gmt":"2026-03-13T09:47:47","slug":"robe-aster-lin-marron","status":"publish","type":"product","link":"https:\/\/lesours-france.com\/en\/boutique\/robe-aster-lin-marron\/","title":{"rendered":"Robe Aster &#8211; Lin marron"},"content":{"rendered":"<p>The Aster dress and its unstructured cut that gives it a unique and captivating aesthetic will accompany you all winter long. This original piece is distinguished by its bold style. It can be worn casually in overlay with other clothes or be enhanced for a more chic look by combining it with our linen jersey T-shirts.<\/p>\n<p>The pretty details:<a href=\"https:\/\/lesours-france.com\/wp-content\/uploads\/ours_hiver24_miseenscene_LR-09104.jpg\"><img fetchpriority=\"high\" decoding=\"async\" class=\"size-medium wp-image-16199 alignright\" src=\"https:\/\/lesours-france.com\/wp-content\/uploads\/ours_hiver24_miseenscene_LR-09104-200x300.jpg\" alt=\"\" width=\"200\" height=\"300\" srcset=\"https:\/\/lesours-france.com\/wp-content\/uploads\/ours_hiver24_miseenscene_LR-09104-200x300.jpg 200w, https:\/\/lesours-france.com\/wp-content\/uploads\/ours_hiver24_miseenscene_LR-09104-683x1024.jpg 683w, https:\/\/lesours-france.com\/wp-content\/uploads\/ours_hiver24_miseenscene_LR-09104-768x1152.jpg 768w, https:\/\/lesours-france.com\/wp-content\/uploads\/ours_hiver24_miseenscene_LR-09104-1024x1536.jpg 1024w, https:\/\/lesours-france.com\/wp-content\/uploads\/ours_hiver24_miseenscene_LR-09104-8x12.jpg 8w, https:\/\/lesours-france.com\/wp-content\/uploads\/ours_hiver24_miseenscene_LR-09104-450x675.jpg 450w, https:\/\/lesours-france.com\/wp-content\/uploads\/ours_hiver24_miseenscene_LR-09104.jpg 1280w\" sizes=\"(max-width: 200px) 100vw, 200px\" \/><\/a><\/p>\n<ul>\n<li>Long sleeveless dress<\/li>\n<li>Two hidden pockets on each side.<\/li>\n<li>5 small iron buttons in the back<\/li>\n<li>A very original unstructured cut.<\/li>\n<\/ul>\n<p><a href=\"https:\/\/lesours-france.com\/wp-content\/uploads\/Video-Aster-Lava-et-Madou-H24.mov\">Vid\u00e9o Aster, Lava et Madou H24<\/a><\/p>\n<p>&nbsp;<\/p>\n<p>&nbsp;<\/p>","protected":false},"excerpt":{"rendered":"<p>La robe Aster et sa coupe d\u00e9structur\u00e9e qui lui conf\u00e8re une esth\u00e9tique unique et captivante va vous accompagner tout l&#8217;hiver .Cette pi\u00e8ce originale se distingue par son style audacieux. Elle peut \u00eatre port\u00e9e de mani\u00e8re d\u00e9contract\u00e9e en superposition avec d&#8217;autres v\u00eatements ou \u00eatre rehauss\u00e9e pour un look plus chic en l&#8217;associant avec nos \u00a0tee-shirt en [&hellip;]<\/p>\n","protected":false},"featured_media":18132,"template":"","meta":{"ocean_post_layout":"","ocean_both_sidebars_style":"","ocean_both_sidebars_content_width":0,"ocean_both_sidebars_sidebars_width":0,"ocean_sidebar":"0","ocean_second_sidebar":"0","ocean_disable_margins":"enable","ocean_add_body_class":"","ocean_shortcode_before_top_bar":"","ocean_shortcode_after_top_bar":"","ocean_shortcode_before_header":"","ocean_shortcode_after_header":"","ocean_has_shortcode":"","ocean_shortcode_after_title":"","ocean_shortcode_before_footer_widgets":"","ocean_shortcode_after_footer_widgets":"","ocean_shortcode_before_footer_bottom":"","ocean_shortcode_after_footer_bottom":"","ocean_display_top_bar":"default","ocean_display_header":"default","ocean_header_style":"","ocean_center_header_left_menu":"0","ocean_custom_header_template":"0","ocean_custom_logo":0,"ocean_custom_retina_logo":0,"ocean_custom_logo_max_width":0,"ocean_custom_logo_tablet_max_width":0,"ocean_custom_logo_mobile_max_width":0,"ocean_custom_logo_max_height":0,"ocean_custom_logo_tablet_max_height":0,"ocean_custom_logo_mobile_max_height":0,"ocean_header_custom_menu":"0","ocean_menu_typo_font_family":"0","ocean_menu_typo_font_subset":"","ocean_menu_typo_font_size":0,"ocean_menu_typo_font_size_tablet":0,"ocean_menu_typo_font_size_mobile":0,"ocean_menu_typo_font_size_unit":"px","ocean_menu_typo_font_weight":"","ocean_menu_typo_font_weight_tablet":"","ocean_menu_typo_font_weight_mobile":"","ocean_menu_typo_transform":"","ocean_menu_typo_transform_tablet":"","ocean_menu_typo_transform_mobile":"","ocean_menu_typo_line_height":0,"ocean_menu_typo_line_height_tablet":0,"ocean_menu_typo_line_height_mobile":0,"ocean_menu_typo_line_height_unit":"","ocean_menu_typo_spacing":0,"ocean_menu_typo_spacing_tablet":0,"ocean_menu_typo_spacing_mobile":0,"ocean_menu_typo_spacing_unit":"","ocean_menu_link_color":"","ocean_menu_link_color_hover":"","ocean_menu_link_color_active":"","ocean_menu_link_background":"","ocean_menu_link_hover_background":"","ocean_menu_link_active_background":"","ocean_menu_social_links_bg":"","ocean_menu_social_hover_links_bg":"","ocean_menu_social_links_color":"","ocean_menu_social_hover_links_color":"","ocean_disable_title":"default","ocean_disable_heading":"default","ocean_post_title":"","ocean_post_subheading":"","ocean_post_title_style":"","ocean_post_title_background_color":"","ocean_post_title_background":0,"ocean_post_title_bg_image_position":"","ocean_post_title_bg_image_attachment":"","ocean_post_title_bg_image_repeat":"","ocean_post_title_bg_image_size":"","ocean_post_title_height":0,"ocean_post_title_bg_overlay":0.5,"ocean_post_title_bg_overlay_color":"","ocean_disable_breadcrumbs":"default","ocean_breadcrumbs_color":"","ocean_breadcrumbs_separator_color":"","ocean_breadcrumbs_links_color":"","ocean_breadcrumbs_links_hover_color":"","ocean_display_footer_widgets":"default","ocean_display_footer_bottom":"default","ocean_custom_footer_template":"0","osh_disable_topbar_sticky":"default","osh_disable_header_sticky":"default","osh_sticky_header_style":"default","osh_sticky_header_effect":"","osh_custom_sticky_logo":0,"osh_custom_retina_sticky_logo":0,"osh_custom_sticky_logo_height":0,"osh_background_color":"","osh_links_color":"","osh_links_hover_color":"","osh_links_active_color":"","osh_links_bg_color":"","osh_links_hover_bg_color":"","osh_links_active_bg_color":"","osh_menu_social_links_color":"","osh_menu_social_hover_links_color":""},"product_brand":[],"product_cat":[38,41],"product_tag":[],"class_list":{"0":"post-18180","1":"product","2":"type-product","3":"status-publish","4":"has-post-thumbnail","6":"product_cat-anciennes-collections-hiver","7":"product_cat-robes-avec-manches-anciennes-collections-hiver","8":"pa_couleur-lin-marron","9":"pa_couleur-lin-noir-h24","10":"pa_taille-l","11":"pa_taille-m","12":"pa_taille-s","13":"pa_taille-xl","14":"pa_taille-xxl","16":"entry","17":"has-media","19":"first","20":"outofstock","21":"taxable","22":"shipping-taxable","23":"product-type-variable","24":"has-product-nav","25":"col","26":"span_1_of_4","27":"owp-content-center","28":"item-entry","29":"owp-thumbs-layout-horizontal","30":"owp-btn-normal","31":"owp-tabs-layout-vertical"},"yoast_head":"<!-- This site is optimized with the Yoast SEO plugin v27.2 - https:\/\/yoast.com\/product\/yoast-seo-wordpress\/ -->\n<title>Robe Aster - Lin marron &#8211; Les Ours<\/title>\n<meta name=\"description\" content=\"Boutique en ligne Les Ours : v\u00eatements de cr\u00e9ateur romantiques, boh\u00e8mes et tr\u00e8s po\u00e9tiques.\" \/>\n<meta name=\"robots\" content=\"index, follow, max-snippet:-1, max-image-preview:large, max-video-preview:-1\" \/>\n<link rel=\"canonical\" href=\"https:\/\/lesours-france.com\/en\/boutique\/robe-aster-lin-marron\/\" \/>\n<meta property=\"og:locale\" content=\"en_GB\" \/>\n<meta property=\"og:type\" content=\"article\" \/>\n<meta property=\"og:title\" content=\"Robe Aster - Lin marron &#8211; Les Ours\" \/>\n<meta property=\"og:description\" content=\"Boutique en ligne Les Ours : v\u00eatements de cr\u00e9ateur romantiques, boh\u00e8mes et tr\u00e8s po\u00e9tiques.\" \/>\n<meta property=\"og:url\" content=\"https:\/\/lesours-france.com\/en\/boutique\/robe-aster-lin-marron\/\" \/>\n<meta property=\"og:site_name\" content=\"Les Ours\" \/>\n<meta property=\"article:publisher\" content=\"https:\/\/www.facebook.com\/leshowroomlesours\" \/>\n<meta property=\"article:modified_time\" content=\"2026-03-13T09:47:47+00:00\" \/>\n<meta property=\"og:image\" content=\"https:\/\/lesours-france.com\/wp-content\/uploads\/IMG_5750-scaled.jpg\" \/>\n\t<meta property=\"og:image:width\" content=\"1431\" \/>\n\t<meta property=\"og:image:height\" content=\"1920\" \/>\n\t<meta property=\"og:image:type\" content=\"image\/jpeg\" \/>\n<meta name=\"twitter:card\" content=\"summary_large_image\" \/>\n<script type=\"application\/ld+json\" class=\"yoast-schema-graph\">{\"@context\":\"https:\/\/schema.org\",\"@graph\":[{\"@type\":\"WebPage\",\"@id\":\"https:\/\/lesours-france.com\/boutique\/robe-aster-lin-marron\/\",\"url\":\"https:\/\/lesours-france.com\/boutique\/robe-aster-lin-marron\/\",\"name\":\"Robe Aster - Lin marron &#8211; Les Ours\",\"isPartOf\":{\"@id\":\"https:\/\/lesours-france.com\/en\/#website\"},\"primaryImageOfPage\":{\"@id\":\"https:\/\/lesours-france.com\/boutique\/robe-aster-lin-marron\/#primaryimage\"},\"image\":{\"@id\":\"https:\/\/lesours-france.com\/boutique\/robe-aster-lin-marron\/#primaryimage\"},\"thumbnailUrl\":\"https:\/\/lesours-france.com\/wp-content\/uploads\/IMG_5750-scaled.jpg\",\"datePublished\":\"2024-08-19T09:39:44+00:00\",\"dateModified\":\"2026-03-13T09:47:47+00:00\",\"description\":\"Boutique en ligne Les Ours : v\u00eatements de cr\u00e9ateur romantiques, boh\u00e8mes et tr\u00e8s po\u00e9tiques.\",\"breadcrumb\":{\"@id\":\"https:\/\/lesours-france.com\/boutique\/robe-aster-lin-marron\/#breadcrumb\"},\"inLanguage\":\"en-GB\",\"potentialAction\":[{\"@type\":\"ReadAction\",\"target\":[\"https:\/\/lesours-france.com\/boutique\/robe-aster-lin-marron\/\"]}]},{\"@type\":\"ImageObject\",\"inLanguage\":\"en-GB\",\"@id\":\"https:\/\/lesours-france.com\/boutique\/robe-aster-lin-marron\/#primaryimage\",\"url\":\"https:\/\/lesours-france.com\/wp-content\/uploads\/IMG_5750-scaled.jpg\",\"contentUrl\":\"https:\/\/lesours-france.com\/wp-content\/uploads\/IMG_5750-scaled.jpg\",\"width\":1431,\"height\":1920},{\"@type\":\"BreadcrumbList\",\"@id\":\"https:\/\/lesours-france.com\/boutique\/robe-aster-lin-marron\/#breadcrumb\",\"itemListElement\":[{\"@type\":\"ListItem\",\"position\":1,\"name\":\"Accueil\",\"item\":\"https:\/\/lesours-france.com\/\"},{\"@type\":\"ListItem\",\"position\":2,\"name\":\"Boutique\",\"item\":\"https:\/\/lesours-france.com\/en\/boutique\/\"},{\"@type\":\"ListItem\",\"position\":3,\"name\":\"Anciennes collections Hiver\",\"item\":\"https:\/\/lesours-france.com\/categorie\/anciennes-collections-hiver\/\"},{\"@type\":\"ListItem\",\"position\":4,\"name\":\"ROBES\",\"item\":\"https:\/\/lesours-france.com\/categorie\/anciennes-collections-hiver\/robes-avec-manches-anciennes-collections-hiver\/\"},{\"@type\":\"ListItem\",\"position\":5,\"name\":\"Robe Aster &#8211; Lin marron\"}]},{\"@type\":\"WebSite\",\"@id\":\"https:\/\/lesours-france.com\/en\/#website\",\"url\":\"https:\/\/lesours-france.com\/en\/\",\"name\":\"Les Ours\",\"description\":\"Pr\u00eat \u00e0 porter romantique\",\"publisher\":{\"@id\":\"https:\/\/lesours-france.com\/en\/#organization\"},\"potentialAction\":[{\"@type\":\"SearchAction\",\"target\":{\"@type\":\"EntryPoint\",\"urlTemplate\":\"https:\/\/lesours-france.com\/en\/?s={search_term_string}\"},\"query-input\":{\"@type\":\"PropertyValueSpecification\",\"valueRequired\":true,\"valueName\":\"search_term_string\"}}],\"inLanguage\":\"en-GB\"},{\"@type\":\"Organization\",\"@id\":\"https:\/\/lesours-france.com\/en\/#organization\",\"name\":\"Les Ours\",\"url\":\"https:\/\/lesours-france.com\/en\/\",\"logo\":{\"@type\":\"ImageObject\",\"inLanguage\":\"en-GB\",\"@id\":\"https:\/\/lesours-france.com\/en\/#\/schema\/logo\/image\/\",\"url\":\"https:\/\/lesours-france.com\/wp-content\/uploads\/Logo_LesOurs_1.png\",\"contentUrl\":\"https:\/\/lesours-france.com\/wp-content\/uploads\/Logo_LesOurs_1.png\",\"width\":260,\"height\":75,\"caption\":\"Les Ours\"},\"image\":{\"@id\":\"https:\/\/lesours-france.com\/en\/#\/schema\/logo\/image\/\"},\"sameAs\":[\"https:\/\/www.facebook.com\/leshowroomlesours\",\"https:\/\/www.instagram.com\/les.ours.createur\"]}]}<\/script>\n<!-- \/ Yoast SEO plugin. -->","yoast_head_json":{"title":"Robe Aster - Lin marron &#8211; Les Ours","description":"Boutique en ligne Les Ours : v\u00eatements de cr\u00e9ateur romantiques, boh\u00e8mes et tr\u00e8s po\u00e9tiques.","robots":{"index":"index","follow":"follow","max-snippet":"max-snippet:-1","max-image-preview":"max-image-preview:large","max-video-preview":"max-video-preview:-1"},"canonical":"https:\/\/lesours-france.com\/en\/boutique\/robe-aster-lin-marron\/","og_locale":"en_GB","og_type":"article","og_title":"Robe Aster - Lin marron &#8211; Les Ours","og_description":"Boutique en ligne Les Ours : v\u00eatements de cr\u00e9ateur romantiques, boh\u00e8mes et tr\u00e8s po\u00e9tiques.","og_url":"https:\/\/lesours-france.com\/en\/boutique\/robe-aster-lin-marron\/","og_site_name":"Les Ours","article_publisher":"https:\/\/www.facebook.com\/leshowroomlesours","article_modified_time":"2026-03-13T09:47:47+00:00","og_image":[{"width":1431,"height":1920,"url":"https:\/\/lesours-france.com\/wp-content\/uploads\/IMG_5750-scaled.jpg","type":"image\/jpeg"}],"twitter_card":"summary_large_image","schema":{"@context":"https:\/\/schema.org","@graph":[{"@type":"WebPage","@id":"https:\/\/lesours-france.com\/boutique\/robe-aster-lin-marron\/","url":"https:\/\/lesours-france.com\/boutique\/robe-aster-lin-marron\/","name":"Robe Aster - Lin marron &#8211; Les Ours","isPartOf":{"@id":"https:\/\/lesours-france.com\/en\/#website"},"primaryImageOfPage":{"@id":"https:\/\/lesours-france.com\/boutique\/robe-aster-lin-marron\/#primaryimage"},"image":{"@id":"https:\/\/lesours-france.com\/boutique\/robe-aster-lin-marron\/#primaryimage"},"thumbnailUrl":"https:\/\/lesours-france.com\/wp-content\/uploads\/IMG_5750-scaled.jpg","datePublished":"2024-08-19T09:39:44+00:00","dateModified":"2026-03-13T09:47:47+00:00","description":"Boutique en ligne Les Ours : v\u00eatements de cr\u00e9ateur romantiques, boh\u00e8mes et tr\u00e8s po\u00e9tiques.","breadcrumb":{"@id":"https:\/\/lesours-france.com\/boutique\/robe-aster-lin-marron\/#breadcrumb"},"inLanguage":"en-GB","potentialAction":[{"@type":"ReadAction","target":["https:\/\/lesours-france.com\/boutique\/robe-aster-lin-marron\/"]}]},{"@type":"ImageObject","inLanguage":"en-GB","@id":"https:\/\/lesours-france.com\/boutique\/robe-aster-lin-marron\/#primaryimage","url":"https:\/\/lesours-france.com\/wp-content\/uploads\/IMG_5750-scaled.jpg","contentUrl":"https:\/\/lesours-france.com\/wp-content\/uploads\/IMG_5750-scaled.jpg","width":1431,"height":1920},{"@type":"BreadcrumbList","@id":"https:\/\/lesours-france.com\/boutique\/robe-aster-lin-marron\/#breadcrumb","itemListElement":[{"@type":"ListItem","position":1,"name":"Accueil","item":"https:\/\/lesours-france.com\/"},{"@type":"ListItem","position":2,"name":"Boutique","item":"https:\/\/lesours-france.com\/en\/boutique\/"},{"@type":"ListItem","position":3,"name":"Anciennes collections Hiver","item":"https:\/\/lesours-france.com\/categorie\/anciennes-collections-hiver\/"},{"@type":"ListItem","position":4,"name":"ROBES","item":"https:\/\/lesours-france.com\/categorie\/anciennes-collections-hiver\/robes-avec-manches-anciennes-collections-hiver\/"},{"@type":"ListItem","position":5,"name":"Robe Aster &#8211; Lin marron"}]},{"@type":"WebSite","@id":"https:\/\/lesours-france.com\/en\/#website","url":"https:\/\/lesours-france.com\/en\/","name":"Les Ours","description":"Pr\u00eat \u00e0 porter romantique","publisher":{"@id":"https:\/\/lesours-france.com\/en\/#organization"},"potentialAction":[{"@type":"SearchAction","target":{"@type":"EntryPoint","urlTemplate":"https:\/\/lesours-france.com\/en\/?s={search_term_string}"},"query-input":{"@type":"PropertyValueSpecification","valueRequired":true,"valueName":"search_term_string"}}],"inLanguage":"en-GB"},{"@type":"Organization","@id":"https:\/\/lesours-france.com\/en\/#organization","name":"Les Ours","url":"https:\/\/lesours-france.com\/en\/","logo":{"@type":"ImageObject","inLanguage":"en-GB","@id":"https:\/\/lesours-france.com\/en\/#\/schema\/logo\/image\/","url":"https:\/\/lesours-france.com\/wp-content\/uploads\/Logo_LesOurs_1.png","contentUrl":"https:\/\/lesours-france.com\/wp-content\/uploads\/Logo_LesOurs_1.png","width":260,"height":75,"caption":"Les Ours"},"image":{"@id":"https:\/\/lesours-france.com\/en\/#\/schema\/logo\/image\/"},"sameAs":["https:\/\/www.facebook.com\/leshowroomlesours","https:\/\/www.instagram.com\/les.ours.createur"]}]}},"_links":{"self":[{"href":"https:\/\/lesours-france.com\/en\/wp-json\/wp\/v2\/product\/18180","targetHints":{"allow":["GET"]}}],"collection":[{"href":"https:\/\/lesours-france.com\/en\/wp-json\/wp\/v2\/product"}],"about":[{"href":"https:\/\/lesours-france.com\/en\/wp-json\/wp\/v2\/types\/product"}],"wp:featuredmedia":[{"embeddable":true,"href":"https:\/\/lesours-france.com\/en\/wp-json\/wp\/v2\/media\/18132"}],"wp:attachment":[{"href":"https:\/\/lesours-france.com\/en\/wp-json\/wp\/v2\/media?parent=18180"}],"wp:term":[{"taxonomy":"product_brand","embeddable":true,"href":"https:\/\/lesours-france.com\/en\/wp-json\/wp\/v2\/product_brand?post=18180"},{"taxonomy":"product_cat","embeddable":true,"href":"https:\/\/lesours-france.com\/en\/wp-json\/wp\/v2\/product_cat?post=18180"},{"taxonomy":"product_tag","embeddable":true,"href":"https:\/\/lesours-france.com\/en\/wp-json\/wp\/v2\/product_tag?post=18180"}],"curies":[{"name":"wp","href":"https:\/\/api.w.org\/{rel}","templated":true}]}}