{"id":18593,"date":"2025-01-20T07:55:09","date_gmt":"2025-01-20T06:55:09","guid":{"rendered":"https:\/\/lesours-france.com\/?post_type=product&#038;p=18593"},"modified":"2025-12-19T17:32:27","modified_gmt":"2025-12-19T16:32:27","slug":"ancolie-creme","status":"publish","type":"product","link":"https:\/\/lesours-france.com\/en\/boutique\/ancolie-creme\/","title":{"rendered":"ANCOLIE- cr\u00e8me"},"content":{"rendered":"<p style=\"text-align: left;\">This romantic dress embodies the freshness and lightness of a sunny season.\u00a0Available in ecru cotton, black or flower print, it invites you to daydream and bohemian elegance. Ideal for a summer stroll or an outdoor lunch, this dress embodies the spirit of a light and carefree season, while remaining unique and captivating.<\/p>\n<p>The pretty details: <a href=\"https:\/\/lesours-france.com\/wp-content\/uploads\/ancolie-ete-2025.mov\"><img fetchpriority=\"high\" decoding=\"async\" class=\"alignright wp-image-18640 size-medium\" src=\"https:\/\/lesours-france.com\/wp-content\/uploads\/lesours_ete25_LR-08615-200x300.jpg\" alt=\"\" width=\"200\" height=\"300\" srcset=\"https:\/\/lesours-france.com\/wp-content\/uploads\/lesours_ete25_LR-08615-200x300.jpg 200w, https:\/\/lesours-france.com\/wp-content\/uploads\/lesours_ete25_LR-08615-683x1024.jpg 683w, https:\/\/lesours-france.com\/wp-content\/uploads\/lesours_ete25_LR-08615-768x1152.jpg 768w, https:\/\/lesours-france.com\/wp-content\/uploads\/lesours_ete25_LR-08615-1024x1536.jpg 1024w, https:\/\/lesours-france.com\/wp-content\/uploads\/lesours_ete25_LR-08615-8x12.jpg 8w, https:\/\/lesours-france.com\/wp-content\/uploads\/lesours_ete25_LR-08615-450x675.jpg 450w, https:\/\/lesours-france.com\/wp-content\/uploads\/lesours_ete25_LR-08615.jpg 1280w\" sizes=\"(max-width: 200px) 100vw, 200px\" \/><\/a><\/p>\n<ul>\n<li>100% cotton long dress<\/li>\n<li>Front decorated with a plastron of flat pleats and cotton lace<\/li>\n<li>Two cotton lace ruffles on each side of the bib<\/li>\n<li>Collar and sleeves adorned with a cotton lace ruffle<\/li>\n<li>Bottom decorated with two ruffles in ecru cheesecloth<\/li>\n<li>two pockets.<\/li>\n<\/ul>\n<p>&nbsp;<\/p>\n<p>VIDEO: <a href=\"https:\/\/lesours-france.com\/wp-content\/uploads\/ancolie-ete-2025.mov\">ancolie \u00e9t\u00e9 2025<\/a><\/p>\n<p>&nbsp;<\/p>","protected":false},"excerpt":{"rendered":"<p>Cette robe romantique \u00a0incarne la fra\u00eecheur et la l\u00e9g\u00e8ret\u00e9 d&#8217;une saison ensoleill\u00e9e.\u00a0Disponible en coton \u00e9cru, noir ou en imprim\u00e9 fleurs , elle invite \u00e0 la r\u00eaverie et \u00e0 l&#8217;\u00e9l\u00e9gance boh\u00e8me. Id\u00e9ale pour une promenade estivale ou un d\u00e9jeuner en plein air, cette robe incarne l&#8217;esprit d&#8217;une saison l\u00e9g\u00e8re et insouciante, tout en restant unique et [&hellip;]<\/p>\n","protected":false},"featured_media":18605,"template":"","meta":{"ocean_post_layout":"","ocean_both_sidebars_style":"","ocean_both_sidebars_content_width":0,"ocean_both_sidebars_sidebars_width":0,"ocean_sidebar":"0","ocean_second_sidebar":"0","ocean_disable_margins":"enable","ocean_add_body_class":"","ocean_shortcode_before_top_bar":"","ocean_shortcode_after_top_bar":"","ocean_shortcode_before_header":"","ocean_shortcode_after_header":"","ocean_has_shortcode":"","ocean_shortcode_after_title":"","ocean_shortcode_before_footer_widgets":"","ocean_shortcode_after_footer_widgets":"","ocean_shortcode_before_footer_bottom":"","ocean_shortcode_after_footer_bottom":"","ocean_display_top_bar":"default","ocean_display_header":"default","ocean_header_style":"","ocean_center_header_left_menu":"0","ocean_custom_header_template":"0","ocean_custom_logo":0,"ocean_custom_retina_logo":0,"ocean_custom_logo_max_width":0,"ocean_custom_logo_tablet_max_width":0,"ocean_custom_logo_mobile_max_width":0,"ocean_custom_logo_max_height":0,"ocean_custom_logo_tablet_max_height":0,"ocean_custom_logo_mobile_max_height":0,"ocean_header_custom_menu":"0","ocean_menu_typo_font_family":"0","ocean_menu_typo_font_subset":"","ocean_menu_typo_font_size":0,"ocean_menu_typo_font_size_tablet":0,"ocean_menu_typo_font_size_mobile":0,"ocean_menu_typo_font_size_unit":"px","ocean_menu_typo_font_weight":"","ocean_menu_typo_font_weight_tablet":"","ocean_menu_typo_font_weight_mobile":"","ocean_menu_typo_transform":"","ocean_menu_typo_transform_tablet":"","ocean_menu_typo_transform_mobile":"","ocean_menu_typo_line_height":0,"ocean_menu_typo_line_height_tablet":0,"ocean_menu_typo_line_height_mobile":0,"ocean_menu_typo_line_height_unit":"","ocean_menu_typo_spacing":0,"ocean_menu_typo_spacing_tablet":0,"ocean_menu_typo_spacing_mobile":0,"ocean_menu_typo_spacing_unit":"","ocean_menu_link_color":"","ocean_menu_link_color_hover":"","ocean_menu_link_color_active":"","ocean_menu_link_background":"","ocean_menu_link_hover_background":"","ocean_menu_link_active_background":"","ocean_menu_social_links_bg":"","ocean_menu_social_hover_links_bg":"","ocean_menu_social_links_color":"","ocean_menu_social_hover_links_color":"","ocean_disable_title":"default","ocean_disable_heading":"default","ocean_post_title":"","ocean_post_subheading":"","ocean_post_title_style":"","ocean_post_title_background_color":"","ocean_post_title_background":0,"ocean_post_title_bg_image_position":"","ocean_post_title_bg_image_attachment":"","ocean_post_title_bg_image_repeat":"","ocean_post_title_bg_image_size":"","ocean_post_title_height":0,"ocean_post_title_bg_overlay":0.5,"ocean_post_title_bg_overlay_color":"","ocean_disable_breadcrumbs":"default","ocean_breadcrumbs_color":"","ocean_breadcrumbs_separator_color":"","ocean_breadcrumbs_links_color":"","ocean_breadcrumbs_links_hover_color":"","ocean_display_footer_widgets":"default","ocean_display_footer_bottom":"default","ocean_custom_footer_template":"0","osh_disable_topbar_sticky":"default","osh_disable_header_sticky":"default","osh_sticky_header_style":"default","osh_sticky_header_effect":"","osh_custom_sticky_logo":0,"osh_custom_retina_sticky_logo":0,"osh_custom_sticky_logo_height":0,"osh_background_color":"","osh_links_color":"","osh_links_hover_color":"","osh_links_active_color":"","osh_links_bg_color":"","osh_links_hover_bg_color":"","osh_links_active_bg_color":"","osh_menu_social_links_color":"","osh_menu_social_hover_links_color":""},"product_brand":[],"product_cat":[19,23],"product_tag":[],"class_list":{"0":"post-18593","1":"product","2":"type-product","3":"status-publish","4":"has-post-thumbnail","6":"product_cat-anciennes-collections-ete","7":"product_cat-robes-sans-manches","8":"pa_couleur-coton-ecru-ete-25","9":"pa_couleur-coton-fleurs","10":"pa_taille-l","11":"pa_taille-m","12":"pa_taille-s","13":"pa_taille-xl","14":"pa_taille-xxl","16":"entry","17":"has-media","19":"first","20":"instock","21":"sale","22":"taxable","23":"shipping-taxable","24":"purchasable","25":"product-type-variable","26":"has-product-nav","27":"col","28":"span_1_of_4","29":"owp-content-center","30":"item-entry","31":"owp-thumbs-layout-horizontal","32":"owp-btn-normal","33":"owp-tabs-layout-vertical"},"yoast_head":"<!-- This site is optimized with the Yoast SEO plugin v27.2 - https:\/\/yoast.com\/product\/yoast-seo-wordpress\/ -->\n<title>ANCOLIE- cr\u00e8me &#8211; Les Ours<\/title>\n<meta name=\"description\" content=\"Boutique en ligne Les Ours : v\u00eatements de cr\u00e9ateur romantiques, boh\u00e8mes et tr\u00e8s po\u00e9tiques.\" \/>\n<meta name=\"robots\" content=\"index, follow, max-snippet:-1, max-image-preview:large, max-video-preview:-1\" \/>\n<link rel=\"canonical\" href=\"https:\/\/lesours-france.com\/en\/boutique\/ancolie-creme\/\" \/>\n<meta property=\"og:locale\" content=\"en_GB\" \/>\n<meta property=\"og:type\" content=\"article\" \/>\n<meta property=\"og:title\" content=\"ANCOLIE- cr\u00e8me &#8211; Les Ours\" \/>\n<meta property=\"og:description\" content=\"Boutique en ligne Les Ours : v\u00eatements de cr\u00e9ateur romantiques, boh\u00e8mes et tr\u00e8s po\u00e9tiques.\" \/>\n<meta property=\"og:url\" content=\"https:\/\/lesours-france.com\/en\/boutique\/ancolie-creme\/\" \/>\n<meta property=\"og:site_name\" content=\"Les Ours\" \/>\n<meta property=\"article:publisher\" content=\"https:\/\/www.facebook.com\/leshowroomlesours\" \/>\n<meta property=\"article:modified_time\" content=\"2025-12-19T16:32:27+00:00\" \/>\n<meta property=\"og:image\" content=\"https:\/\/lesours-france.com\/wp-content\/uploads\/ANCOLIE-ECRUE-ETE-25-F-scaled-e1742205545766.jpg\" \/>\n\t<meta property=\"og:image:width\" content=\"1335\" \/>\n\t<meta property=\"og:image:height\" content=\"2313\" \/>\n\t<meta property=\"og:image:type\" content=\"image\/jpeg\" \/>\n<meta name=\"twitter:card\" content=\"summary_large_image\" \/>\n<script type=\"application\/ld+json\" class=\"yoast-schema-graph\">{\"@context\":\"https:\/\/schema.org\",\"@graph\":[{\"@type\":\"WebPage\",\"@id\":\"https:\/\/lesours-france.com\/boutique\/ancolie-creme\/\",\"url\":\"https:\/\/lesours-france.com\/boutique\/ancolie-creme\/\",\"name\":\"ANCOLIE- cr\u00e8me &#8211; Les Ours\",\"isPartOf\":{\"@id\":\"https:\/\/lesours-france.com\/en\/#website\"},\"primaryImageOfPage\":{\"@id\":\"https:\/\/lesours-france.com\/boutique\/ancolie-creme\/#primaryimage\"},\"image\":{\"@id\":\"https:\/\/lesours-france.com\/boutique\/ancolie-creme\/#primaryimage\"},\"thumbnailUrl\":\"https:\/\/lesours-france.com\/wp-content\/uploads\/ANCOLIE-ECRUE-ETE-25-F-scaled-e1742205545766.jpg\",\"datePublished\":\"2025-01-20T06:55:09+00:00\",\"dateModified\":\"2025-12-19T16:32:27+00:00\",\"description\":\"Boutique en ligne Les Ours : v\u00eatements de cr\u00e9ateur romantiques, boh\u00e8mes et tr\u00e8s po\u00e9tiques.\",\"breadcrumb\":{\"@id\":\"https:\/\/lesours-france.com\/boutique\/ancolie-creme\/#breadcrumb\"},\"inLanguage\":\"en-GB\",\"potentialAction\":[{\"@type\":\"ReadAction\",\"target\":[\"https:\/\/lesours-france.com\/boutique\/ancolie-creme\/\"]}]},{\"@type\":\"ImageObject\",\"inLanguage\":\"en-GB\",\"@id\":\"https:\/\/lesours-france.com\/boutique\/ancolie-creme\/#primaryimage\",\"url\":\"https:\/\/lesours-france.com\/wp-content\/uploads\/ANCOLIE-ECRUE-ETE-25-F-scaled-e1742205545766.jpg\",\"contentUrl\":\"https:\/\/lesours-france.com\/wp-content\/uploads\/ANCOLIE-ECRUE-ETE-25-F-scaled-e1742205545766.jpg\",\"width\":1335,\"height\":2313},{\"@type\":\"BreadcrumbList\",\"@id\":\"https:\/\/lesours-france.com\/boutique\/ancolie-creme\/#breadcrumb\",\"itemListElement\":[{\"@type\":\"ListItem\",\"position\":1,\"name\":\"Accueil\",\"item\":\"https:\/\/lesours-france.com\/\"},{\"@type\":\"ListItem\",\"position\":2,\"name\":\"Boutique\",\"item\":\"https:\/\/lesours-france.com\/en\/boutique\/\"},{\"@type\":\"ListItem\",\"position\":3,\"name\":\"Anciennes collections \u00e9t\u00e9\",\"item\":\"https:\/\/lesours-france.com\/categorie\/anciennes-collections-ete\/\"},{\"@type\":\"ListItem\",\"position\":4,\"name\":\"Robes sans manches\",\"item\":\"https:\/\/lesours-france.com\/categorie\/anciennes-collections-ete\/robes-sans-manches\/\"},{\"@type\":\"ListItem\",\"position\":5,\"name\":\"ANCOLIE- cr\u00e8me\"}]},{\"@type\":\"WebSite\",\"@id\":\"https:\/\/lesours-france.com\/en\/#website\",\"url\":\"https:\/\/lesours-france.com\/en\/\",\"name\":\"Les Ours\",\"description\":\"Pr\u00eat \u00e0 porter romantique\",\"publisher\":{\"@id\":\"https:\/\/lesours-france.com\/en\/#organization\"},\"potentialAction\":[{\"@type\":\"SearchAction\",\"target\":{\"@type\":\"EntryPoint\",\"urlTemplate\":\"https:\/\/lesours-france.com\/en\/?s={search_term_string}\"},\"query-input\":{\"@type\":\"PropertyValueSpecification\",\"valueRequired\":true,\"valueName\":\"search_term_string\"}}],\"inLanguage\":\"en-GB\"},{\"@type\":\"Organization\",\"@id\":\"https:\/\/lesours-france.com\/en\/#organization\",\"name\":\"Les Ours\",\"url\":\"https:\/\/lesours-france.com\/en\/\",\"logo\":{\"@type\":\"ImageObject\",\"inLanguage\":\"en-GB\",\"@id\":\"https:\/\/lesours-france.com\/en\/#\/schema\/logo\/image\/\",\"url\":\"https:\/\/lesours-france.com\/wp-content\/uploads\/Logo_LesOurs_1.png\",\"contentUrl\":\"https:\/\/lesours-france.com\/wp-content\/uploads\/Logo_LesOurs_1.png\",\"width\":260,\"height\":75,\"caption\":\"Les Ours\"},\"image\":{\"@id\":\"https:\/\/lesours-france.com\/en\/#\/schema\/logo\/image\/\"},\"sameAs\":[\"https:\/\/www.facebook.com\/leshowroomlesours\",\"https:\/\/www.instagram.com\/les.ours.createur\"]}]}<\/script>\n<!-- \/ Yoast SEO plugin. -->","yoast_head_json":{"title":"ANCOLIE- cr\u00e8me &#8211; Les Ours","description":"Boutique en ligne Les Ours : v\u00eatements de cr\u00e9ateur romantiques, boh\u00e8mes et tr\u00e8s po\u00e9tiques.","robots":{"index":"index","follow":"follow","max-snippet":"max-snippet:-1","max-image-preview":"max-image-preview:large","max-video-preview":"max-video-preview:-1"},"canonical":"https:\/\/lesours-france.com\/en\/boutique\/ancolie-creme\/","og_locale":"en_GB","og_type":"article","og_title":"ANCOLIE- cr\u00e8me &#8211; Les Ours","og_description":"Boutique en ligne Les Ours : v\u00eatements de cr\u00e9ateur romantiques, boh\u00e8mes et tr\u00e8s po\u00e9tiques.","og_url":"https:\/\/lesours-france.com\/en\/boutique\/ancolie-creme\/","og_site_name":"Les Ours","article_publisher":"https:\/\/www.facebook.com\/leshowroomlesours","article_modified_time":"2025-12-19T16:32:27+00:00","og_image":[{"width":1335,"height":2313,"url":"https:\/\/lesours-france.com\/wp-content\/uploads\/ANCOLIE-ECRUE-ETE-25-F-scaled-e1742205545766.jpg","type":"image\/jpeg"}],"twitter_card":"summary_large_image","schema":{"@context":"https:\/\/schema.org","@graph":[{"@type":"WebPage","@id":"https:\/\/lesours-france.com\/boutique\/ancolie-creme\/","url":"https:\/\/lesours-france.com\/boutique\/ancolie-creme\/","name":"ANCOLIE- cr\u00e8me &#8211; Les Ours","isPartOf":{"@id":"https:\/\/lesours-france.com\/en\/#website"},"primaryImageOfPage":{"@id":"https:\/\/lesours-france.com\/boutique\/ancolie-creme\/#primaryimage"},"image":{"@id":"https:\/\/lesours-france.com\/boutique\/ancolie-creme\/#primaryimage"},"thumbnailUrl":"https:\/\/lesours-france.com\/wp-content\/uploads\/ANCOLIE-ECRUE-ETE-25-F-scaled-e1742205545766.jpg","datePublished":"2025-01-20T06:55:09+00:00","dateModified":"2025-12-19T16:32:27+00:00","description":"Boutique en ligne Les Ours : v\u00eatements de cr\u00e9ateur romantiques, boh\u00e8mes et tr\u00e8s po\u00e9tiques.","breadcrumb":{"@id":"https:\/\/lesours-france.com\/boutique\/ancolie-creme\/#breadcrumb"},"inLanguage":"en-GB","potentialAction":[{"@type":"ReadAction","target":["https:\/\/lesours-france.com\/boutique\/ancolie-creme\/"]}]},{"@type":"ImageObject","inLanguage":"en-GB","@id":"https:\/\/lesours-france.com\/boutique\/ancolie-creme\/#primaryimage","url":"https:\/\/lesours-france.com\/wp-content\/uploads\/ANCOLIE-ECRUE-ETE-25-F-scaled-e1742205545766.jpg","contentUrl":"https:\/\/lesours-france.com\/wp-content\/uploads\/ANCOLIE-ECRUE-ETE-25-F-scaled-e1742205545766.jpg","width":1335,"height":2313},{"@type":"BreadcrumbList","@id":"https:\/\/lesours-france.com\/boutique\/ancolie-creme\/#breadcrumb","itemListElement":[{"@type":"ListItem","position":1,"name":"Accueil","item":"https:\/\/lesours-france.com\/"},{"@type":"ListItem","position":2,"name":"Boutique","item":"https:\/\/lesours-france.com\/en\/boutique\/"},{"@type":"ListItem","position":3,"name":"Anciennes collections \u00e9t\u00e9","item":"https:\/\/lesours-france.com\/categorie\/anciennes-collections-ete\/"},{"@type":"ListItem","position":4,"name":"Robes sans manches","item":"https:\/\/lesours-france.com\/categorie\/anciennes-collections-ete\/robes-sans-manches\/"},{"@type":"ListItem","position":5,"name":"ANCOLIE- cr\u00e8me"}]},{"@type":"WebSite","@id":"https:\/\/lesours-france.com\/en\/#website","url":"https:\/\/lesours-france.com\/en\/","name":"Les Ours","description":"Pr\u00eat \u00e0 porter romantique","publisher":{"@id":"https:\/\/lesours-france.com\/en\/#organization"},"potentialAction":[{"@type":"SearchAction","target":{"@type":"EntryPoint","urlTemplate":"https:\/\/lesours-france.com\/en\/?s={search_term_string}"},"query-input":{"@type":"PropertyValueSpecification","valueRequired":true,"valueName":"search_term_string"}}],"inLanguage":"en-GB"},{"@type":"Organization","@id":"https:\/\/lesours-france.com\/en\/#organization","name":"Les Ours","url":"https:\/\/lesours-france.com\/en\/","logo":{"@type":"ImageObject","inLanguage":"en-GB","@id":"https:\/\/lesours-france.com\/en\/#\/schema\/logo\/image\/","url":"https:\/\/lesours-france.com\/wp-content\/uploads\/Logo_LesOurs_1.png","contentUrl":"https:\/\/lesours-france.com\/wp-content\/uploads\/Logo_LesOurs_1.png","width":260,"height":75,"caption":"Les Ours"},"image":{"@id":"https:\/\/lesours-france.com\/en\/#\/schema\/logo\/image\/"},"sameAs":["https:\/\/www.facebook.com\/leshowroomlesours","https:\/\/www.instagram.com\/les.ours.createur"]}]}},"_links":{"self":[{"href":"https:\/\/lesours-france.com\/en\/wp-json\/wp\/v2\/product\/18593","targetHints":{"allow":["GET"]}}],"collection":[{"href":"https:\/\/lesours-france.com\/en\/wp-json\/wp\/v2\/product"}],"about":[{"href":"https:\/\/lesours-france.com\/en\/wp-json\/wp\/v2\/types\/product"}],"wp:featuredmedia":[{"embeddable":true,"href":"https:\/\/lesours-france.com\/en\/wp-json\/wp\/v2\/media\/18605"}],"wp:attachment":[{"href":"https:\/\/lesours-france.com\/en\/wp-json\/wp\/v2\/media?parent=18593"}],"wp:term":[{"taxonomy":"product_brand","embeddable":true,"href":"https:\/\/lesours-france.com\/en\/wp-json\/wp\/v2\/product_brand?post=18593"},{"taxonomy":"product_cat","embeddable":true,"href":"https:\/\/lesours-france.com\/en\/wp-json\/wp\/v2\/product_cat?post=18593"},{"taxonomy":"product_tag","embeddable":true,"href":"https:\/\/lesours-france.com\/en\/wp-json\/wp\/v2\/product_tag?post=18593"}],"curies":[{"name":"wp","href":"https:\/\/api.w.org\/{rel}","templated":true}]}}