{"id":18724,"date":"2025-01-20T07:55:28","date_gmt":"2025-01-20T06:55:28","guid":{"rendered":"https:\/\/lesours-france.com\/?post_type=product&#038;p=18724"},"modified":"2026-03-01T19:06:47","modified_gmt":"2026-03-01T18:06:47","slug":"adriana-ecrue","status":"publish","type":"product","link":"https:\/\/lesours-france.com\/en\/boutique\/adriana-ecrue\/","title":{"rendered":"ADRIANA -Ecrue"},"content":{"rendered":"<p>Adriana is a long dress, perfect for a romantic and elegant atmosphere. The top of the dress is finely embroidered, with delicate flower patterns.\u00a0The bottom of the dress, in light and flowing cotton gauze, has discreet stripes, in a shade of blue. This fabric gives the dress a vaporous, almost ethereal appearance, with ample volume that accompanies every movement. The skirt falls gracefully, creating a silhouette that is both relaxed and sophisticated.<\/p>\n<p>The pretty details:<\/p>\n<ul>\n<li>Crinkled check cotton top (95% cotton, 5% lycra)<\/li>\n<li>Long sleeves<\/li>\n<li>Cotton cheesecloth and embroidered cotton stockings<\/li>\n<li>A series of tone-on-tone covered buttons on the front.<\/li>\n<li>Small iron buttons on the back<\/li>\n<\/ul>\n<p>&nbsp;<\/p>","protected":false},"excerpt":{"rendered":"<p>Adriana est une une robe longue, parfaite pour une ambiance romantique et \u00e9l\u00e9gante. Le haut de la robe est en coton \u00e0 carreaux \u00a0.\u00a0Le bas de la robe, en \u00e9tamine de coton l\u00e9g\u00e8re et fluide et en coton brod\u00e9 de d\u00e9licates fleurs , \u00a0Ce tissu donne \u00e0 la robe un aspect vaporeux, presque \u00e9th\u00e9r\u00e9, avec [&hellip;]<\/p>\n","protected":false},"featured_media":18633,"template":"","meta":{"ocean_post_layout":"","ocean_both_sidebars_style":"","ocean_both_sidebars_content_width":0,"ocean_both_sidebars_sidebars_width":0,"ocean_sidebar":"0","ocean_second_sidebar":"0","ocean_disable_margins":"enable","ocean_add_body_class":"","ocean_shortcode_before_top_bar":"","ocean_shortcode_after_top_bar":"","ocean_shortcode_before_header":"","ocean_shortcode_after_header":"","ocean_has_shortcode":"","ocean_shortcode_after_title":"","ocean_shortcode_before_footer_widgets":"","ocean_shortcode_after_footer_widgets":"","ocean_shortcode_before_footer_bottom":"","ocean_shortcode_after_footer_bottom":"","ocean_display_top_bar":"default","ocean_display_header":"default","ocean_header_style":"","ocean_center_header_left_menu":"0","ocean_custom_header_template":"0","ocean_custom_logo":0,"ocean_custom_retina_logo":0,"ocean_custom_logo_max_width":0,"ocean_custom_logo_tablet_max_width":0,"ocean_custom_logo_mobile_max_width":0,"ocean_custom_logo_max_height":0,"ocean_custom_logo_tablet_max_height":0,"ocean_custom_logo_mobile_max_height":0,"ocean_header_custom_menu":"0","ocean_menu_typo_font_family":"0","ocean_menu_typo_font_subset":"","ocean_menu_typo_font_size":0,"ocean_menu_typo_font_size_tablet":0,"ocean_menu_typo_font_size_mobile":0,"ocean_menu_typo_font_size_unit":"px","ocean_menu_typo_font_weight":"","ocean_menu_typo_font_weight_tablet":"","ocean_menu_typo_font_weight_mobile":"","ocean_menu_typo_transform":"","ocean_menu_typo_transform_tablet":"","ocean_menu_typo_transform_mobile":"","ocean_menu_typo_line_height":0,"ocean_menu_typo_line_height_tablet":0,"ocean_menu_typo_line_height_mobile":0,"ocean_menu_typo_line_height_unit":"","ocean_menu_typo_spacing":0,"ocean_menu_typo_spacing_tablet":0,"ocean_menu_typo_spacing_mobile":0,"ocean_menu_typo_spacing_unit":"","ocean_menu_link_color":"","ocean_menu_link_color_hover":"","ocean_menu_link_color_active":"","ocean_menu_link_background":"","ocean_menu_link_hover_background":"","ocean_menu_link_active_background":"","ocean_menu_social_links_bg":"","ocean_menu_social_hover_links_bg":"","ocean_menu_social_links_color":"","ocean_menu_social_hover_links_color":"","ocean_disable_title":"default","ocean_disable_heading":"default","ocean_post_title":"","ocean_post_subheading":"","ocean_post_title_style":"","ocean_post_title_background_color":"","ocean_post_title_background":0,"ocean_post_title_bg_image_position":"","ocean_post_title_bg_image_attachment":"","ocean_post_title_bg_image_repeat":"","ocean_post_title_bg_image_size":"","ocean_post_title_height":0,"ocean_post_title_bg_overlay":0.5,"ocean_post_title_bg_overlay_color":"","ocean_disable_breadcrumbs":"default","ocean_breadcrumbs_color":"","ocean_breadcrumbs_separator_color":"","ocean_breadcrumbs_links_color":"","ocean_breadcrumbs_links_hover_color":"","ocean_display_footer_widgets":"default","ocean_display_footer_bottom":"default","ocean_custom_footer_template":"0","osh_disable_topbar_sticky":"default","osh_disable_header_sticky":"default","osh_sticky_header_style":"default","osh_sticky_header_effect":"","osh_custom_sticky_logo":0,"osh_custom_retina_sticky_logo":0,"osh_custom_sticky_logo_height":0,"osh_background_color":"","osh_links_color":"","osh_links_hover_color":"","osh_links_active_color":"","osh_links_bg_color":"","osh_links_hover_bg_color":"","osh_links_active_bg_color":"","osh_menu_social_links_color":"","osh_menu_social_hover_links_color":""},"product_brand":[],"product_cat":[19,20],"product_tag":[],"class_list":{"0":"post-18724","1":"product","2":"type-product","3":"status-publish","4":"has-post-thumbnail","6":"product_cat-anciennes-collections-ete","7":"product_cat-robes-avec-manches","8":"pa_couleur-bleu-broderie-et-gaz","9":"pa_couleur-ecru-adriana","10":"pa_couleur-rose-adriana","11":"pa_taille-l","12":"pa_taille-m","13":"pa_taille-s","14":"pa_taille-xl","15":"pa_taille-xxl","17":"entry","18":"has-media","20":"first","21":"instock","22":"sale","23":"taxable","24":"shipping-taxable","25":"purchasable","26":"product-type-variable","27":"has-product-nav","28":"col","29":"span_1_of_4","30":"owp-content-center","31":"item-entry","32":"owp-thumbs-layout-horizontal","33":"owp-btn-normal","34":"owp-tabs-layout-vertical"},"yoast_head":"<!-- This site is optimized with the Yoast SEO plugin v27.2 - https:\/\/yoast.com\/product\/yoast-seo-wordpress\/ -->\n<title>ADRIANA -Ecrue &#8211; Les Ours<\/title>\n<meta name=\"description\" content=\"Boutique en ligne Les Ours : v\u00eatements de cr\u00e9ateur romantiques, boh\u00e8mes et tr\u00e8s po\u00e9tiques.\" \/>\n<meta name=\"robots\" content=\"index, follow, max-snippet:-1, max-image-preview:large, max-video-preview:-1\" \/>\n<link rel=\"canonical\" href=\"https:\/\/lesours-france.com\/en\/boutique\/adriana-ecrue\/\" \/>\n<meta property=\"og:locale\" content=\"en_GB\" \/>\n<meta property=\"og:type\" content=\"article\" \/>\n<meta property=\"og:title\" content=\"ADRIANA -Ecrue &#8211; Les Ours\" \/>\n<meta property=\"og:description\" content=\"Boutique en ligne Les Ours : v\u00eatements de cr\u00e9ateur romantiques, boh\u00e8mes et tr\u00e8s po\u00e9tiques.\" \/>\n<meta property=\"og:url\" content=\"https:\/\/lesours-france.com\/en\/boutique\/adriana-ecrue\/\" \/>\n<meta property=\"og:site_name\" content=\"Les Ours\" \/>\n<meta property=\"article:publisher\" content=\"https:\/\/www.facebook.com\/leshowroomlesours\" \/>\n<meta property=\"article:modified_time\" content=\"2026-03-01T18:06:47+00:00\" \/>\n<meta property=\"og:image\" content=\"https:\/\/lesours-france.com\/wp-content\/uploads\/ADRIANA-CARREAUX-ETE-25-F-scaled-e1742205378911.jpg\" \/>\n\t<meta property=\"og:image:width\" content=\"1260\" \/>\n\t<meta property=\"og:image:height\" content=\"2160\" \/>\n\t<meta property=\"og:image:type\" content=\"image\/jpeg\" \/>\n<meta name=\"twitter:card\" content=\"summary_large_image\" \/>\n<script type=\"application\/ld+json\" class=\"yoast-schema-graph\">{\"@context\":\"https:\/\/schema.org\",\"@graph\":[{\"@type\":\"WebPage\",\"@id\":\"https:\/\/lesours-france.com\/boutique\/adriana-ecrue\/\",\"url\":\"https:\/\/lesours-france.com\/boutique\/adriana-ecrue\/\",\"name\":\"ADRIANA -Ecrue &#8211; Les Ours\",\"isPartOf\":{\"@id\":\"https:\/\/lesours-france.com\/en\/#website\"},\"primaryImageOfPage\":{\"@id\":\"https:\/\/lesours-france.com\/boutique\/adriana-ecrue\/#primaryimage\"},\"image\":{\"@id\":\"https:\/\/lesours-france.com\/boutique\/adriana-ecrue\/#primaryimage\"},\"thumbnailUrl\":\"https:\/\/lesours-france.com\/wp-content\/uploads\/ADRIANA-CARREAUX-ETE-25-F-scaled-e1742205378911.jpg\",\"datePublished\":\"2025-01-20T06:55:28+00:00\",\"dateModified\":\"2026-03-01T18:06:47+00:00\",\"description\":\"Boutique en ligne Les Ours : v\u00eatements de cr\u00e9ateur romantiques, boh\u00e8mes et tr\u00e8s po\u00e9tiques.\",\"breadcrumb\":{\"@id\":\"https:\/\/lesours-france.com\/boutique\/adriana-ecrue\/#breadcrumb\"},\"inLanguage\":\"en-GB\",\"potentialAction\":[{\"@type\":\"ReadAction\",\"target\":[\"https:\/\/lesours-france.com\/boutique\/adriana-ecrue\/\"]}]},{\"@type\":\"ImageObject\",\"inLanguage\":\"en-GB\",\"@id\":\"https:\/\/lesours-france.com\/boutique\/adriana-ecrue\/#primaryimage\",\"url\":\"https:\/\/lesours-france.com\/wp-content\/uploads\/ADRIANA-CARREAUX-ETE-25-F-scaled-e1742205378911.jpg\",\"contentUrl\":\"https:\/\/lesours-france.com\/wp-content\/uploads\/ADRIANA-CARREAUX-ETE-25-F-scaled-e1742205378911.jpg\",\"width\":1260,\"height\":2160},{\"@type\":\"BreadcrumbList\",\"@id\":\"https:\/\/lesours-france.com\/boutique\/adriana-ecrue\/#breadcrumb\",\"itemListElement\":[{\"@type\":\"ListItem\",\"position\":1,\"name\":\"Accueil\",\"item\":\"https:\/\/lesours-france.com\/\"},{\"@type\":\"ListItem\",\"position\":2,\"name\":\"Boutique\",\"item\":\"https:\/\/lesours-france.com\/en\/boutique\/\"},{\"@type\":\"ListItem\",\"position\":3,\"name\":\"Anciennes collections \u00e9t\u00e9\",\"item\":\"https:\/\/lesours-france.com\/categorie\/anciennes-collections-ete\/\"},{\"@type\":\"ListItem\",\"position\":4,\"name\":\"Robes avec manches\",\"item\":\"https:\/\/lesours-france.com\/categorie\/anciennes-collections-ete\/robes-avec-manches\/\"},{\"@type\":\"ListItem\",\"position\":5,\"name\":\"ADRIANA -Ecrue\"}]},{\"@type\":\"WebSite\",\"@id\":\"https:\/\/lesours-france.com\/en\/#website\",\"url\":\"https:\/\/lesours-france.com\/en\/\",\"name\":\"Les Ours\",\"description\":\"Pr\u00eat \u00e0 porter romantique\",\"publisher\":{\"@id\":\"https:\/\/lesours-france.com\/en\/#organization\"},\"potentialAction\":[{\"@type\":\"SearchAction\",\"target\":{\"@type\":\"EntryPoint\",\"urlTemplate\":\"https:\/\/lesours-france.com\/en\/?s={search_term_string}\"},\"query-input\":{\"@type\":\"PropertyValueSpecification\",\"valueRequired\":true,\"valueName\":\"search_term_string\"}}],\"inLanguage\":\"en-GB\"},{\"@type\":\"Organization\",\"@id\":\"https:\/\/lesours-france.com\/en\/#organization\",\"name\":\"Les Ours\",\"url\":\"https:\/\/lesours-france.com\/en\/\",\"logo\":{\"@type\":\"ImageObject\",\"inLanguage\":\"en-GB\",\"@id\":\"https:\/\/lesours-france.com\/en\/#\/schema\/logo\/image\/\",\"url\":\"https:\/\/lesours-france.com\/wp-content\/uploads\/Logo_LesOurs_1.png\",\"contentUrl\":\"https:\/\/lesours-france.com\/wp-content\/uploads\/Logo_LesOurs_1.png\",\"width\":260,\"height\":75,\"caption\":\"Les Ours\"},\"image\":{\"@id\":\"https:\/\/lesours-france.com\/en\/#\/schema\/logo\/image\/\"},\"sameAs\":[\"https:\/\/www.facebook.com\/leshowroomlesours\",\"https:\/\/www.instagram.com\/les.ours.createur\"]}]}<\/script>\n<!-- \/ Yoast SEO plugin. -->","yoast_head_json":{"title":"ADRIANA -Ecrue &#8211; Les Ours","description":"Boutique en ligne Les Ours : v\u00eatements de cr\u00e9ateur romantiques, boh\u00e8mes et tr\u00e8s po\u00e9tiques.","robots":{"index":"index","follow":"follow","max-snippet":"max-snippet:-1","max-image-preview":"max-image-preview:large","max-video-preview":"max-video-preview:-1"},"canonical":"https:\/\/lesours-france.com\/en\/boutique\/adriana-ecrue\/","og_locale":"en_GB","og_type":"article","og_title":"ADRIANA -Ecrue &#8211; Les Ours","og_description":"Boutique en ligne Les Ours : v\u00eatements de cr\u00e9ateur romantiques, boh\u00e8mes et tr\u00e8s po\u00e9tiques.","og_url":"https:\/\/lesours-france.com\/en\/boutique\/adriana-ecrue\/","og_site_name":"Les Ours","article_publisher":"https:\/\/www.facebook.com\/leshowroomlesours","article_modified_time":"2026-03-01T18:06:47+00:00","og_image":[{"width":1260,"height":2160,"url":"https:\/\/lesours-france.com\/wp-content\/uploads\/ADRIANA-CARREAUX-ETE-25-F-scaled-e1742205378911.jpg","type":"image\/jpeg"}],"twitter_card":"summary_large_image","schema":{"@context":"https:\/\/schema.org","@graph":[{"@type":"WebPage","@id":"https:\/\/lesours-france.com\/boutique\/adriana-ecrue\/","url":"https:\/\/lesours-france.com\/boutique\/adriana-ecrue\/","name":"ADRIANA -Ecrue &#8211; Les Ours","isPartOf":{"@id":"https:\/\/lesours-france.com\/en\/#website"},"primaryImageOfPage":{"@id":"https:\/\/lesours-france.com\/boutique\/adriana-ecrue\/#primaryimage"},"image":{"@id":"https:\/\/lesours-france.com\/boutique\/adriana-ecrue\/#primaryimage"},"thumbnailUrl":"https:\/\/lesours-france.com\/wp-content\/uploads\/ADRIANA-CARREAUX-ETE-25-F-scaled-e1742205378911.jpg","datePublished":"2025-01-20T06:55:28+00:00","dateModified":"2026-03-01T18:06:47+00:00","description":"Boutique en ligne Les Ours : v\u00eatements de cr\u00e9ateur romantiques, boh\u00e8mes et tr\u00e8s po\u00e9tiques.","breadcrumb":{"@id":"https:\/\/lesours-france.com\/boutique\/adriana-ecrue\/#breadcrumb"},"inLanguage":"en-GB","potentialAction":[{"@type":"ReadAction","target":["https:\/\/lesours-france.com\/boutique\/adriana-ecrue\/"]}]},{"@type":"ImageObject","inLanguage":"en-GB","@id":"https:\/\/lesours-france.com\/boutique\/adriana-ecrue\/#primaryimage","url":"https:\/\/lesours-france.com\/wp-content\/uploads\/ADRIANA-CARREAUX-ETE-25-F-scaled-e1742205378911.jpg","contentUrl":"https:\/\/lesours-france.com\/wp-content\/uploads\/ADRIANA-CARREAUX-ETE-25-F-scaled-e1742205378911.jpg","width":1260,"height":2160},{"@type":"BreadcrumbList","@id":"https:\/\/lesours-france.com\/boutique\/adriana-ecrue\/#breadcrumb","itemListElement":[{"@type":"ListItem","position":1,"name":"Accueil","item":"https:\/\/lesours-france.com\/"},{"@type":"ListItem","position":2,"name":"Boutique","item":"https:\/\/lesours-france.com\/en\/boutique\/"},{"@type":"ListItem","position":3,"name":"Anciennes collections \u00e9t\u00e9","item":"https:\/\/lesours-france.com\/categorie\/anciennes-collections-ete\/"},{"@type":"ListItem","position":4,"name":"Robes avec manches","item":"https:\/\/lesours-france.com\/categorie\/anciennes-collections-ete\/robes-avec-manches\/"},{"@type":"ListItem","position":5,"name":"ADRIANA -Ecrue"}]},{"@type":"WebSite","@id":"https:\/\/lesours-france.com\/en\/#website","url":"https:\/\/lesours-france.com\/en\/","name":"Les Ours","description":"Pr\u00eat \u00e0 porter romantique","publisher":{"@id":"https:\/\/lesours-france.com\/en\/#organization"},"potentialAction":[{"@type":"SearchAction","target":{"@type":"EntryPoint","urlTemplate":"https:\/\/lesours-france.com\/en\/?s={search_term_string}"},"query-input":{"@type":"PropertyValueSpecification","valueRequired":true,"valueName":"search_term_string"}}],"inLanguage":"en-GB"},{"@type":"Organization","@id":"https:\/\/lesours-france.com\/en\/#organization","name":"Les Ours","url":"https:\/\/lesours-france.com\/en\/","logo":{"@type":"ImageObject","inLanguage":"en-GB","@id":"https:\/\/lesours-france.com\/en\/#\/schema\/logo\/image\/","url":"https:\/\/lesours-france.com\/wp-content\/uploads\/Logo_LesOurs_1.png","contentUrl":"https:\/\/lesours-france.com\/wp-content\/uploads\/Logo_LesOurs_1.png","width":260,"height":75,"caption":"Les Ours"},"image":{"@id":"https:\/\/lesours-france.com\/en\/#\/schema\/logo\/image\/"},"sameAs":["https:\/\/www.facebook.com\/leshowroomlesours","https:\/\/www.instagram.com\/les.ours.createur"]}]}},"_links":{"self":[{"href":"https:\/\/lesours-france.com\/en\/wp-json\/wp\/v2\/product\/18724","targetHints":{"allow":["GET"]}}],"collection":[{"href":"https:\/\/lesours-france.com\/en\/wp-json\/wp\/v2\/product"}],"about":[{"href":"https:\/\/lesours-france.com\/en\/wp-json\/wp\/v2\/types\/product"}],"wp:featuredmedia":[{"embeddable":true,"href":"https:\/\/lesours-france.com\/en\/wp-json\/wp\/v2\/media\/18633"}],"wp:attachment":[{"href":"https:\/\/lesours-france.com\/en\/wp-json\/wp\/v2\/media?parent=18724"}],"wp:term":[{"taxonomy":"product_brand","embeddable":true,"href":"https:\/\/lesours-france.com\/en\/wp-json\/wp\/v2\/product_brand?post=18724"},{"taxonomy":"product_cat","embeddable":true,"href":"https:\/\/lesours-france.com\/en\/wp-json\/wp\/v2\/product_cat?post=18724"},{"taxonomy":"product_tag","embeddable":true,"href":"https:\/\/lesours-france.com\/en\/wp-json\/wp\/v2\/product_tag?post=18724"}],"curies":[{"name":"wp","href":"https:\/\/api.w.org\/{rel}","templated":true}]}}