{"id":18777,"date":"2025-01-20T07:55:10","date_gmt":"2025-01-20T06:55:10","guid":{"rendered":"https:\/\/lesours-france.com\/?post_type=product&#038;p=18777"},"modified":"2025-07-22T10:54:44","modified_gmt":"2025-07-22T08:54:44","slug":"maina-rose","status":"publish","type":"product","link":"https:\/\/lesours-france.com\/en\/boutique\/maina-rose\/","title":{"rendered":"MA\u00cfNA &#8211; ROSE"},"content":{"rendered":"<p>Ma\u00efna embodies the romantic bohemian style through the vision of Sandrine: a loose and fluid cut, a delicate and soothing color palette, a play of fabrics and texture which gives relief and gives this dress a romantic touch and finally a fully back buttoned that can be opened as desired for a shabby effect! At Les Ours we love it!<\/p>\n<p>The pretty details: <a href=\"https:\/\/lesours-france.com\/wp-content\/uploads\/MAINA-ROSE-FLORE-GAZ-RAYEANGE-GAZ-RAYE-.mov\"><img fetchpriority=\"high\" decoding=\"async\" class=\"alignright wp-image-18797 size-medium\" src=\"https:\/\/lesours-france.com\/wp-content\/uploads\/Maina-rose--300x200.jpg\" alt=\"\" width=\"300\" height=\"200\" srcset=\"https:\/\/lesours-france.com\/wp-content\/uploads\/Maina-rose--300x200.jpg 300w, https:\/\/lesours-france.com\/wp-content\/uploads\/Maina-rose--1024x683.jpg 1024w, https:\/\/lesours-france.com\/wp-content\/uploads\/Maina-rose--768x512.jpg 768w, https:\/\/lesours-france.com\/wp-content\/uploads\/Maina-rose--1536x1024.jpg 1536w, https:\/\/lesours-france.com\/wp-content\/uploads\/Maina-rose--18x12.jpg 18w, https:\/\/lesours-france.com\/wp-content\/uploads\/Maina-rose--450x300.jpg 450w, https:\/\/lesours-france.com\/wp-content\/uploads\/Maina-rose-.jpg 1920w\" sizes=\"(max-width: 300px) 100vw, 300px\" \/><\/a><\/p>\n<ul>\n<li>Long dress made from different fabrics (finely striped cotton, cheesecloth, embroidered cotton)<\/li>\n<li>3\/4 sleeves trimmed with a tone-on-tone ruffle<\/li>\n<li>Rounded neckline edged with a tone-on-tone ruffle<\/li>\n<li>Two hidden pockets on each side.<\/li>\n<li>Back fully buttoned with small iron buttons.<\/li>\n<\/ul>\n<p><a href=\"https:\/\/lesours-france.com\/wp-content\/uploads\/MAINA-ROSE-FLORE-GAZ-RAYEANGE-GAZ-RAYE-.mov\">MAINA ROSE, FLORE GAZ RAY\u00c9,ANGE GAZ RAY\u00c9<\/a><\/p>","protected":false},"excerpt":{"rendered":"<p>Ma\u00efna incarne le style boh\u00e8me romantique travers la vision de \u00a0Sandrine : ne coupe ample et fluide, une palette de couleurs d\u00e9licate et apaisante, un jeu de tissus et de texture qui donne du relief et apporte \u00e0 cette robe une touche romantique et enfin un dos enti\u00e8rement boutonn\u00e9 que l&#8217;on peut ouvrir \u00e0 sa [&hellip;]<\/p>\n","protected":false},"featured_media":18778,"template":"","meta":{"ocean_post_layout":"","ocean_both_sidebars_style":"","ocean_both_sidebars_content_width":0,"ocean_both_sidebars_sidebars_width":0,"ocean_sidebar":"0","ocean_second_sidebar":"0","ocean_disable_margins":"enable","ocean_add_body_class":"","ocean_shortcode_before_top_bar":"","ocean_shortcode_after_top_bar":"","ocean_shortcode_before_header":"","ocean_shortcode_after_header":"","ocean_has_shortcode":"","ocean_shortcode_after_title":"","ocean_shortcode_before_footer_widgets":"","ocean_shortcode_after_footer_widgets":"","ocean_shortcode_before_footer_bottom":"","ocean_shortcode_after_footer_bottom":"","ocean_display_top_bar":"default","ocean_display_header":"default","ocean_header_style":"","ocean_center_header_left_menu":"0","ocean_custom_header_template":"0","ocean_custom_logo":0,"ocean_custom_retina_logo":0,"ocean_custom_logo_max_width":0,"ocean_custom_logo_tablet_max_width":0,"ocean_custom_logo_mobile_max_width":0,"ocean_custom_logo_max_height":0,"ocean_custom_logo_tablet_max_height":0,"ocean_custom_logo_mobile_max_height":0,"ocean_header_custom_menu":"0","ocean_menu_typo_font_family":"0","ocean_menu_typo_font_subset":"","ocean_menu_typo_font_size":0,"ocean_menu_typo_font_size_tablet":0,"ocean_menu_typo_font_size_mobile":0,"ocean_menu_typo_font_size_unit":"px","ocean_menu_typo_font_weight":"","ocean_menu_typo_font_weight_tablet":"","ocean_menu_typo_font_weight_mobile":"","ocean_menu_typo_transform":"","ocean_menu_typo_transform_tablet":"","ocean_menu_typo_transform_mobile":"","ocean_menu_typo_line_height":0,"ocean_menu_typo_line_height_tablet":0,"ocean_menu_typo_line_height_mobile":0,"ocean_menu_typo_line_height_unit":"","ocean_menu_typo_spacing":0,"ocean_menu_typo_spacing_tablet":0,"ocean_menu_typo_spacing_mobile":0,"ocean_menu_typo_spacing_unit":"","ocean_menu_link_color":"","ocean_menu_link_color_hover":"","ocean_menu_link_color_active":"","ocean_menu_link_background":"","ocean_menu_link_hover_background":"","ocean_menu_link_active_background":"","ocean_menu_social_links_bg":"","ocean_menu_social_hover_links_bg":"","ocean_menu_social_links_color":"","ocean_menu_social_hover_links_color":"","ocean_disable_title":"default","ocean_disable_heading":"default","ocean_post_title":"","ocean_post_subheading":"","ocean_post_title_style":"","ocean_post_title_background_color":"","ocean_post_title_background":0,"ocean_post_title_bg_image_position":"","ocean_post_title_bg_image_attachment":"","ocean_post_title_bg_image_repeat":"","ocean_post_title_bg_image_size":"","ocean_post_title_height":0,"ocean_post_title_bg_overlay":0.5,"ocean_post_title_bg_overlay_color":"","ocean_disable_breadcrumbs":"default","ocean_breadcrumbs_color":"","ocean_breadcrumbs_separator_color":"","ocean_breadcrumbs_links_color":"","ocean_breadcrumbs_links_hover_color":"","ocean_display_footer_widgets":"default","ocean_display_footer_bottom":"default","ocean_custom_footer_template":"0","osh_disable_topbar_sticky":"default","osh_disable_header_sticky":"default","osh_sticky_header_style":"default","osh_sticky_header_effect":"","osh_custom_sticky_logo":0,"osh_custom_retina_sticky_logo":0,"osh_custom_sticky_logo_height":0,"osh_background_color":"","osh_links_color":"","osh_links_hover_color":"","osh_links_active_color":"","osh_links_bg_color":"","osh_links_hover_bg_color":"","osh_links_active_bg_color":"","osh_menu_social_links_color":"","osh_menu_social_hover_links_color":""},"product_brand":[],"product_cat":[19,20],"product_tag":[],"class_list":{"0":"post-18777","1":"product","2":"type-product","3":"status-publish","4":"has-post-thumbnail","6":"product_cat-anciennes-collections-ete","7":"product_cat-robes-avec-manches","8":"pa_couleur-broderie-ecrue","9":"pa_couleur-broderie-rose","10":"pa_taille-l","11":"pa_taille-m","12":"pa_taille-s","13":"pa_taille-xl","14":"pa_taille-xxl","16":"entry","17":"has-media","19":"first","20":"instock","21":"sale","22":"taxable","23":"shipping-taxable","24":"purchasable","25":"product-type-variable","26":"has-product-nav","27":"col","28":"span_1_of_4","29":"owp-content-center","30":"item-entry","31":"owp-thumbs-layout-horizontal","32":"owp-btn-normal","33":"owp-tabs-layout-vertical"},"yoast_head":"<!-- This site is optimized with the Yoast SEO plugin v27.2 - https:\/\/yoast.com\/product\/yoast-seo-wordpress\/ -->\n<title>MA\u00cfNA - ROSE &#8211; Les Ours<\/title>\n<meta name=\"description\" content=\"Boutique en ligne Les Ours : v\u00eatements de cr\u00e9ateur romantiques, boh\u00e8mes et tr\u00e8s po\u00e9tiques.\" \/>\n<meta name=\"robots\" content=\"index, follow, max-snippet:-1, max-image-preview:large, max-video-preview:-1\" \/>\n<link rel=\"canonical\" href=\"https:\/\/lesours-france.com\/en\/boutique\/maina-rose\/\" \/>\n<meta property=\"og:locale\" content=\"en_GB\" \/>\n<meta property=\"og:type\" content=\"article\" \/>\n<meta property=\"og:title\" content=\"MA\u00cfNA - ROSE &#8211; Les Ours\" \/>\n<meta property=\"og:description\" content=\"Boutique en ligne Les Ours : v\u00eatements de cr\u00e9ateur romantiques, boh\u00e8mes et tr\u00e8s po\u00e9tiques.\" \/>\n<meta property=\"og:url\" content=\"https:\/\/lesours-france.com\/en\/boutique\/maina-rose\/\" \/>\n<meta property=\"og:site_name\" content=\"Les Ours\" \/>\n<meta property=\"article:publisher\" content=\"https:\/\/www.facebook.com\/leshowroomlesours\" \/>\n<meta property=\"article:modified_time\" content=\"2025-07-22T08:54:44+00:00\" \/>\n<meta property=\"og:image\" content=\"https:\/\/lesours-france.com\/wp-content\/uploads\/MAINA-ROSE-ETE-25-F-scaled-e1742206420439.jpg\" \/>\n\t<meta property=\"og:image:width\" content=\"1088\" \/>\n\t<meta property=\"og:image:height\" content=\"1600\" \/>\n\t<meta property=\"og:image:type\" content=\"image\/jpeg\" \/>\n<meta name=\"twitter:card\" content=\"summary_large_image\" \/>\n<script type=\"application\/ld+json\" class=\"yoast-schema-graph\">{\"@context\":\"https:\/\/schema.org\",\"@graph\":[{\"@type\":\"WebPage\",\"@id\":\"https:\/\/lesours-france.com\/boutique\/maina-rose\/\",\"url\":\"https:\/\/lesours-france.com\/boutique\/maina-rose\/\",\"name\":\"MA\u00cfNA - ROSE &#8211; Les Ours\",\"isPartOf\":{\"@id\":\"https:\/\/lesours-france.com\/en\/#website\"},\"primaryImageOfPage\":{\"@id\":\"https:\/\/lesours-france.com\/boutique\/maina-rose\/#primaryimage\"},\"image\":{\"@id\":\"https:\/\/lesours-france.com\/boutique\/maina-rose\/#primaryimage\"},\"thumbnailUrl\":\"https:\/\/lesours-france.com\/wp-content\/uploads\/MAINA-ROSE-ETE-25-F-scaled-e1742206420439.jpg\",\"datePublished\":\"2025-01-20T06:55:10+00:00\",\"dateModified\":\"2025-07-22T08:54:44+00:00\",\"description\":\"Boutique en ligne Les Ours : v\u00eatements de cr\u00e9ateur romantiques, boh\u00e8mes et tr\u00e8s po\u00e9tiques.\",\"breadcrumb\":{\"@id\":\"https:\/\/lesours-france.com\/boutique\/maina-rose\/#breadcrumb\"},\"inLanguage\":\"en-GB\",\"potentialAction\":[{\"@type\":\"ReadAction\",\"target\":[\"https:\/\/lesours-france.com\/boutique\/maina-rose\/\"]}]},{\"@type\":\"ImageObject\",\"inLanguage\":\"en-GB\",\"@id\":\"https:\/\/lesours-france.com\/boutique\/maina-rose\/#primaryimage\",\"url\":\"https:\/\/lesours-france.com\/wp-content\/uploads\/MAINA-ROSE-ETE-25-F-scaled-e1742206420439.jpg\",\"contentUrl\":\"https:\/\/lesours-france.com\/wp-content\/uploads\/MAINA-ROSE-ETE-25-F-scaled-e1742206420439.jpg\",\"width\":1088,\"height\":1600},{\"@type\":\"BreadcrumbList\",\"@id\":\"https:\/\/lesours-france.com\/boutique\/maina-rose\/#breadcrumb\",\"itemListElement\":[{\"@type\":\"ListItem\",\"position\":1,\"name\":\"Accueil\",\"item\":\"https:\/\/lesours-france.com\/\"},{\"@type\":\"ListItem\",\"position\":2,\"name\":\"Boutique\",\"item\":\"https:\/\/lesours-france.com\/en\/boutique\/\"},{\"@type\":\"ListItem\",\"position\":3,\"name\":\"Anciennes collections \u00e9t\u00e9\",\"item\":\"https:\/\/lesours-france.com\/categorie\/anciennes-collections-ete\/\"},{\"@type\":\"ListItem\",\"position\":4,\"name\":\"Robes avec manches\",\"item\":\"https:\/\/lesours-france.com\/categorie\/anciennes-collections-ete\/robes-avec-manches\/\"},{\"@type\":\"ListItem\",\"position\":5,\"name\":\"MA\u00cfNA &#8211; ROSE\"}]},{\"@type\":\"WebSite\",\"@id\":\"https:\/\/lesours-france.com\/en\/#website\",\"url\":\"https:\/\/lesours-france.com\/en\/\",\"name\":\"Les Ours\",\"description\":\"Pr\u00eat \u00e0 porter romantique\",\"publisher\":{\"@id\":\"https:\/\/lesours-france.com\/en\/#organization\"},\"potentialAction\":[{\"@type\":\"SearchAction\",\"target\":{\"@type\":\"EntryPoint\",\"urlTemplate\":\"https:\/\/lesours-france.com\/en\/?s={search_term_string}\"},\"query-input\":{\"@type\":\"PropertyValueSpecification\",\"valueRequired\":true,\"valueName\":\"search_term_string\"}}],\"inLanguage\":\"en-GB\"},{\"@type\":\"Organization\",\"@id\":\"https:\/\/lesours-france.com\/en\/#organization\",\"name\":\"Les Ours\",\"url\":\"https:\/\/lesours-france.com\/en\/\",\"logo\":{\"@type\":\"ImageObject\",\"inLanguage\":\"en-GB\",\"@id\":\"https:\/\/lesours-france.com\/en\/#\/schema\/logo\/image\/\",\"url\":\"https:\/\/lesours-france.com\/wp-content\/uploads\/Logo_LesOurs_1.png\",\"contentUrl\":\"https:\/\/lesours-france.com\/wp-content\/uploads\/Logo_LesOurs_1.png\",\"width\":260,\"height\":75,\"caption\":\"Les Ours\"},\"image\":{\"@id\":\"https:\/\/lesours-france.com\/en\/#\/schema\/logo\/image\/\"},\"sameAs\":[\"https:\/\/www.facebook.com\/leshowroomlesours\",\"https:\/\/www.instagram.com\/les.ours.createur\"]}]}<\/script>\n<!-- \/ Yoast SEO plugin. -->","yoast_head_json":{"title":"MA\u00cfNA - ROSE &#8211; Les Ours","description":"Boutique en ligne Les Ours : v\u00eatements de cr\u00e9ateur romantiques, boh\u00e8mes et tr\u00e8s po\u00e9tiques.","robots":{"index":"index","follow":"follow","max-snippet":"max-snippet:-1","max-image-preview":"max-image-preview:large","max-video-preview":"max-video-preview:-1"},"canonical":"https:\/\/lesours-france.com\/en\/boutique\/maina-rose\/","og_locale":"en_GB","og_type":"article","og_title":"MA\u00cfNA - ROSE &#8211; Les Ours","og_description":"Boutique en ligne Les Ours : v\u00eatements de cr\u00e9ateur romantiques, boh\u00e8mes et tr\u00e8s po\u00e9tiques.","og_url":"https:\/\/lesours-france.com\/en\/boutique\/maina-rose\/","og_site_name":"Les Ours","article_publisher":"https:\/\/www.facebook.com\/leshowroomlesours","article_modified_time":"2025-07-22T08:54:44+00:00","og_image":[{"width":1088,"height":1600,"url":"https:\/\/lesours-france.com\/wp-content\/uploads\/MAINA-ROSE-ETE-25-F-scaled-e1742206420439.jpg","type":"image\/jpeg"}],"twitter_card":"summary_large_image","schema":{"@context":"https:\/\/schema.org","@graph":[{"@type":"WebPage","@id":"https:\/\/lesours-france.com\/boutique\/maina-rose\/","url":"https:\/\/lesours-france.com\/boutique\/maina-rose\/","name":"MA\u00cfNA - ROSE &#8211; Les Ours","isPartOf":{"@id":"https:\/\/lesours-france.com\/en\/#website"},"primaryImageOfPage":{"@id":"https:\/\/lesours-france.com\/boutique\/maina-rose\/#primaryimage"},"image":{"@id":"https:\/\/lesours-france.com\/boutique\/maina-rose\/#primaryimage"},"thumbnailUrl":"https:\/\/lesours-france.com\/wp-content\/uploads\/MAINA-ROSE-ETE-25-F-scaled-e1742206420439.jpg","datePublished":"2025-01-20T06:55:10+00:00","dateModified":"2025-07-22T08:54:44+00:00","description":"Boutique en ligne Les Ours : v\u00eatements de cr\u00e9ateur romantiques, boh\u00e8mes et tr\u00e8s po\u00e9tiques.","breadcrumb":{"@id":"https:\/\/lesours-france.com\/boutique\/maina-rose\/#breadcrumb"},"inLanguage":"en-GB","potentialAction":[{"@type":"ReadAction","target":["https:\/\/lesours-france.com\/boutique\/maina-rose\/"]}]},{"@type":"ImageObject","inLanguage":"en-GB","@id":"https:\/\/lesours-france.com\/boutique\/maina-rose\/#primaryimage","url":"https:\/\/lesours-france.com\/wp-content\/uploads\/MAINA-ROSE-ETE-25-F-scaled-e1742206420439.jpg","contentUrl":"https:\/\/lesours-france.com\/wp-content\/uploads\/MAINA-ROSE-ETE-25-F-scaled-e1742206420439.jpg","width":1088,"height":1600},{"@type":"BreadcrumbList","@id":"https:\/\/lesours-france.com\/boutique\/maina-rose\/#breadcrumb","itemListElement":[{"@type":"ListItem","position":1,"name":"Accueil","item":"https:\/\/lesours-france.com\/"},{"@type":"ListItem","position":2,"name":"Boutique","item":"https:\/\/lesours-france.com\/en\/boutique\/"},{"@type":"ListItem","position":3,"name":"Anciennes collections \u00e9t\u00e9","item":"https:\/\/lesours-france.com\/categorie\/anciennes-collections-ete\/"},{"@type":"ListItem","position":4,"name":"Robes avec manches","item":"https:\/\/lesours-france.com\/categorie\/anciennes-collections-ete\/robes-avec-manches\/"},{"@type":"ListItem","position":5,"name":"MA\u00cfNA &#8211; ROSE"}]},{"@type":"WebSite","@id":"https:\/\/lesours-france.com\/en\/#website","url":"https:\/\/lesours-france.com\/en\/","name":"Les Ours","description":"Pr\u00eat \u00e0 porter romantique","publisher":{"@id":"https:\/\/lesours-france.com\/en\/#organization"},"potentialAction":[{"@type":"SearchAction","target":{"@type":"EntryPoint","urlTemplate":"https:\/\/lesours-france.com\/en\/?s={search_term_string}"},"query-input":{"@type":"PropertyValueSpecification","valueRequired":true,"valueName":"search_term_string"}}],"inLanguage":"en-GB"},{"@type":"Organization","@id":"https:\/\/lesours-france.com\/en\/#organization","name":"Les Ours","url":"https:\/\/lesours-france.com\/en\/","logo":{"@type":"ImageObject","inLanguage":"en-GB","@id":"https:\/\/lesours-france.com\/en\/#\/schema\/logo\/image\/","url":"https:\/\/lesours-france.com\/wp-content\/uploads\/Logo_LesOurs_1.png","contentUrl":"https:\/\/lesours-france.com\/wp-content\/uploads\/Logo_LesOurs_1.png","width":260,"height":75,"caption":"Les Ours"},"image":{"@id":"https:\/\/lesours-france.com\/en\/#\/schema\/logo\/image\/"},"sameAs":["https:\/\/www.facebook.com\/leshowroomlesours","https:\/\/www.instagram.com\/les.ours.createur"]}]}},"_links":{"self":[{"href":"https:\/\/lesours-france.com\/en\/wp-json\/wp\/v2\/product\/18777","targetHints":{"allow":["GET"]}}],"collection":[{"href":"https:\/\/lesours-france.com\/en\/wp-json\/wp\/v2\/product"}],"about":[{"href":"https:\/\/lesours-france.com\/en\/wp-json\/wp\/v2\/types\/product"}],"wp:featuredmedia":[{"embeddable":true,"href":"https:\/\/lesours-france.com\/en\/wp-json\/wp\/v2\/media\/18778"}],"wp:attachment":[{"href":"https:\/\/lesours-france.com\/en\/wp-json\/wp\/v2\/media?parent=18777"}],"wp:term":[{"taxonomy":"product_brand","embeddable":true,"href":"https:\/\/lesours-france.com\/en\/wp-json\/wp\/v2\/product_brand?post=18777"},{"taxonomy":"product_cat","embeddable":true,"href":"https:\/\/lesours-france.com\/en\/wp-json\/wp\/v2\/product_cat?post=18777"},{"taxonomy":"product_tag","embeddable":true,"href":"https:\/\/lesours-france.com\/en\/wp-json\/wp\/v2\/product_tag?post=18777"}],"curies":[{"name":"wp","href":"https:\/\/api.w.org\/{rel}","templated":true}]}}