{"id":19531,"date":"2025-01-20T07:55:06","date_gmt":"2025-01-20T06:55:06","guid":{"rendered":"https:\/\/lesours-france.com\/?post_type=product&#038;p=19531"},"modified":"2026-02-01T19:08:41","modified_gmt":"2026-02-01T18:08:41","slug":"fanfan-fleurs","status":"publish","type":"product","link":"https:\/\/lesours-france.com\/en\/boutique\/fanfan-fleurs\/","title":{"rendered":"FANFAN &#8211; FLEURS"},"content":{"rendered":"<p>Plongez dans une \u00e9l\u00e9gance intemporelle avec notre panty FANFAN un incontournable pour les \u00e2mes romantiques et boh\u00e8mes. Confectionn\u00e9 dans un coton blanc d\u00e9licat, ce panty associe confort et raffinement gr\u00e2ce \u00e0 sa coupe ample et fluide, id\u00e9ale pour des journ\u00e9es ensoleill\u00e9es ou des soir\u00e9es d\u2019\u00e9t\u00e9 pleines de douceur.<\/p>\n<p>The pretty details:<\/p>\n<p>la vid\u00e9o de :\u00a0<a href=\"https:\/\/lesours-france.com\/wp-content\/uploads\/CAMILA-CULOTTE-LOU-ET-FANFAN-FLEURS-.mov\">CAMILA, CULOTTE, LOU ET FANFAN FLEURS<\/a><a href=\"https:\/\/lesours-france.com\/wp-content\/uploads\/CAMILA-CULOTTE-LOU-ET-FANFAN-FLEURS-.mov\"><img fetchpriority=\"high\" decoding=\"async\" class=\"alignright wp-image-18995 size-medium\" src=\"https:\/\/lesours-france.com\/wp-content\/uploads\/FANFAN-FLEURS-CAMILA-FLEURS-200x300.jpg\" alt=\"\" width=\"200\" height=\"300\" srcset=\"https:\/\/lesours-france.com\/wp-content\/uploads\/FANFAN-FLEURS-CAMILA-FLEURS-200x300.jpg 200w, https:\/\/lesours-france.com\/wp-content\/uploads\/FANFAN-FLEURS-CAMILA-FLEURS-683x1024.jpg 683w, https:\/\/lesours-france.com\/wp-content\/uploads\/FANFAN-FLEURS-CAMILA-FLEURS-768x1152.jpg 768w, https:\/\/lesours-france.com\/wp-content\/uploads\/FANFAN-FLEURS-CAMILA-FLEURS-1024x1536.jpg 1024w, https:\/\/lesours-france.com\/wp-content\/uploads\/FANFAN-FLEURS-CAMILA-FLEURS-8x12.jpg 8w, https:\/\/lesours-france.com\/wp-content\/uploads\/FANFAN-FLEURS-CAMILA-FLEURS-450x675.jpg 450w, https:\/\/lesours-france.com\/wp-content\/uploads\/FANFAN-FLEURS-CAMILA-FLEURS.jpg 1280w\" sizes=\"(max-width: 200px) 100vw, 200px\" \/><\/a><br \/>\n&#8211; **Taille smock\u00e9e :** Une ceinture large et \u00e9lastiqu\u00e9e pour un ajustement parfait .<br \/>\n&#8211; **Imprim\u00e9 floral d\u00e9licat :** Les motifs floraux dans des nuances rose poudr\u00e9 et ocre \u00e9voquent un jardin en pleine floraison, insufflant f\u00e9minit\u00e9 et po\u00e9sie \u00e0 ce v\u00eatement.<br \/>\n&#8211; **Bas resserr\u00e9s et fronc\u00e9s :** Une finition romantique orn\u00e9e d\u2019un d\u00e9licat volant pour une touche vintage et \u00e9l\u00e9gante.<br \/>\n&#8211; **Tissu en coton l\u00e9ger :** Respirant et doux au toucher, parfait pour les journ\u00e9es chaudes ou pour fl\u00e2ner avec style \u00e0 la maison.<\/p>\n<p>&nbsp;<\/p>","protected":false},"excerpt":{"rendered":"<p>Plongez dans une \u00e9l\u00e9gance intemporelle avec notre panty FANFAN un incontournable pour les \u00e2mes romantiques et boh\u00e8mes. Confectionn\u00e9 dans un coton blanc d\u00e9licat, ce panty associe confort et raffinement gr\u00e2ce \u00e0 sa coupe ample et fluide, id\u00e9ale pour des journ\u00e9es ensoleill\u00e9es ou des soir\u00e9es d\u2019\u00e9t\u00e9 pleines de douceur. Les jolis d\u00e9tails : la vid\u00e9o de [&hellip;]<\/p>\n","protected":false},"featured_media":20415,"template":"","meta":{"ocean_post_layout":"","ocean_both_sidebars_style":"","ocean_both_sidebars_content_width":0,"ocean_both_sidebars_sidebars_width":0,"ocean_sidebar":"0","ocean_second_sidebar":"0","ocean_disable_margins":"enable","ocean_add_body_class":"","ocean_shortcode_before_top_bar":"","ocean_shortcode_after_top_bar":"","ocean_shortcode_before_header":"","ocean_shortcode_after_header":"","ocean_has_shortcode":"","ocean_shortcode_after_title":"","ocean_shortcode_before_footer_widgets":"","ocean_shortcode_after_footer_widgets":"","ocean_shortcode_before_footer_bottom":"","ocean_shortcode_after_footer_bottom":"","ocean_display_top_bar":"default","ocean_display_header":"default","ocean_header_style":"","ocean_center_header_left_menu":"0","ocean_custom_header_template":"0","ocean_custom_logo":0,"ocean_custom_retina_logo":0,"ocean_custom_logo_max_width":0,"ocean_custom_logo_tablet_max_width":0,"ocean_custom_logo_mobile_max_width":0,"ocean_custom_logo_max_height":0,"ocean_custom_logo_tablet_max_height":0,"ocean_custom_logo_mobile_max_height":0,"ocean_header_custom_menu":"0","ocean_menu_typo_font_family":"0","ocean_menu_typo_font_subset":"","ocean_menu_typo_font_size":0,"ocean_menu_typo_font_size_tablet":0,"ocean_menu_typo_font_size_mobile":0,"ocean_menu_typo_font_size_unit":"px","ocean_menu_typo_font_weight":"","ocean_menu_typo_font_weight_tablet":"","ocean_menu_typo_font_weight_mobile":"","ocean_menu_typo_transform":"","ocean_menu_typo_transform_tablet":"","ocean_menu_typo_transform_mobile":"","ocean_menu_typo_line_height":0,"ocean_menu_typo_line_height_tablet":0,"ocean_menu_typo_line_height_mobile":0,"ocean_menu_typo_line_height_unit":"","ocean_menu_typo_spacing":0,"ocean_menu_typo_spacing_tablet":0,"ocean_menu_typo_spacing_mobile":0,"ocean_menu_typo_spacing_unit":"","ocean_menu_link_color":"","ocean_menu_link_color_hover":"","ocean_menu_link_color_active":"","ocean_menu_link_background":"","ocean_menu_link_hover_background":"","ocean_menu_link_active_background":"","ocean_menu_social_links_bg":"","ocean_menu_social_hover_links_bg":"","ocean_menu_social_links_color":"","ocean_menu_social_hover_links_color":"","ocean_disable_title":"default","ocean_disable_heading":"default","ocean_post_title":"","ocean_post_subheading":"","ocean_post_title_style":"","ocean_post_title_background_color":"","ocean_post_title_background":0,"ocean_post_title_bg_image_position":"","ocean_post_title_bg_image_attachment":"","ocean_post_title_bg_image_repeat":"","ocean_post_title_bg_image_size":"","ocean_post_title_height":0,"ocean_post_title_bg_overlay":0.5,"ocean_post_title_bg_overlay_color":"","ocean_disable_breadcrumbs":"default","ocean_breadcrumbs_color":"","ocean_breadcrumbs_separator_color":"","ocean_breadcrumbs_links_color":"","ocean_breadcrumbs_links_hover_color":"","ocean_display_footer_widgets":"default","ocean_display_footer_bottom":"default","ocean_custom_footer_template":"0","osh_disable_topbar_sticky":"default","osh_disable_header_sticky":"default","osh_sticky_header_style":"default","osh_sticky_header_effect":"","osh_custom_sticky_logo":0,"osh_custom_retina_sticky_logo":0,"osh_custom_sticky_logo_height":0,"osh_background_color":"","osh_links_color":"","osh_links_hover_color":"","osh_links_active_color":"","osh_links_bg_color":"","osh_links_hover_bg_color":"","osh_links_active_bg_color":"","osh_menu_social_links_color":"","osh_menu_social_hover_links_color":""},"product_brand":[],"product_cat":[19,21],"product_tag":[],"class_list":{"0":"post-19531","1":"product","2":"type-product","3":"status-publish","4":"has-post-thumbnail","6":"product_cat-anciennes-collections-ete","7":"product_cat-pantalons-jupons","8":"pa_couleur-coton-bleu-e25","9":"pa_couleur-coton-ecru-ete-25","10":"pa_couleur-coton-fleurs","11":"pa_couleur-coton-rose-e25","12":"pa_taille-l","13":"pa_taille-m","14":"pa_taille-s","15":"pa_taille-xl","16":"pa_taille-xxl","18":"entry","19":"has-media","21":"first","22":"outofstock","23":"taxable","24":"shipping-taxable","25":"product-type-variable","26":"has-product-nav","27":"col","28":"span_1_of_4","29":"owp-content-center","30":"item-entry","31":"owp-thumbs-layout-horizontal","32":"owp-btn-normal","33":"owp-tabs-layout-vertical"},"yoast_head":"<!-- This site is optimized with the Yoast SEO plugin v27.2 - https:\/\/yoast.com\/product\/yoast-seo-wordpress\/ -->\n<title>FANFAN - FLEURS &#8211; Les Ours<\/title>\n<meta name=\"description\" content=\"Boutique en ligne Les Ours : v\u00eatements de cr\u00e9ateur romantiques, boh\u00e8mes et tr\u00e8s po\u00e9tiques.\" \/>\n<meta name=\"robots\" content=\"index, follow, max-snippet:-1, max-image-preview:large, max-video-preview:-1\" \/>\n<link rel=\"canonical\" href=\"https:\/\/lesours-france.com\/en\/boutique\/fanfan-fleurs\/\" \/>\n<meta property=\"og:locale\" content=\"en_GB\" \/>\n<meta property=\"og:type\" content=\"article\" \/>\n<meta property=\"og:title\" content=\"FANFAN - FLEURS &#8211; Les Ours\" \/>\n<meta property=\"og:description\" content=\"Boutique en ligne Les Ours : v\u00eatements de cr\u00e9ateur romantiques, boh\u00e8mes et tr\u00e8s po\u00e9tiques.\" \/>\n<meta property=\"og:url\" content=\"https:\/\/lesours-france.com\/en\/boutique\/fanfan-fleurs\/\" \/>\n<meta property=\"og:site_name\" content=\"Les Ours\" \/>\n<meta property=\"article:publisher\" content=\"https:\/\/www.facebook.com\/leshowroomlesours\" \/>\n<meta property=\"article:modified_time\" content=\"2026-02-01T18:08:41+00:00\" \/>\n<meta property=\"og:image\" content=\"https:\/\/lesours-france.com\/wp-content\/uploads\/fanfan-fleurs-e1742207402864.jpg\" \/>\n\t<meta property=\"og:image:width\" content=\"1070\" \/>\n\t<meta property=\"og:image:height\" content=\"1534\" \/>\n\t<meta property=\"og:image:type\" content=\"image\/jpeg\" \/>\n<meta name=\"twitter:card\" content=\"summary_large_image\" \/>\n<script type=\"application\/ld+json\" class=\"yoast-schema-graph\">{\"@context\":\"https:\/\/schema.org\",\"@graph\":[{\"@type\":\"WebPage\",\"@id\":\"https:\/\/lesours-france.com\/boutique\/fanfan-fleurs\/\",\"url\":\"https:\/\/lesours-france.com\/boutique\/fanfan-fleurs\/\",\"name\":\"FANFAN - FLEURS &#8211; Les Ours\",\"isPartOf\":{\"@id\":\"https:\/\/lesours-france.com\/en\/#website\"},\"primaryImageOfPage\":{\"@id\":\"https:\/\/lesours-france.com\/boutique\/fanfan-fleurs\/#primaryimage\"},\"image\":{\"@id\":\"https:\/\/lesours-france.com\/boutique\/fanfan-fleurs\/#primaryimage\"},\"thumbnailUrl\":\"https:\/\/lesours-france.com\/wp-content\/uploads\/fanfan-fleurs-e1742207402864.jpg\",\"datePublished\":\"2025-01-20T06:55:06+00:00\",\"dateModified\":\"2026-02-01T18:08:41+00:00\",\"description\":\"Boutique en ligne Les Ours : v\u00eatements de cr\u00e9ateur romantiques, boh\u00e8mes et tr\u00e8s po\u00e9tiques.\",\"breadcrumb\":{\"@id\":\"https:\/\/lesours-france.com\/boutique\/fanfan-fleurs\/#breadcrumb\"},\"inLanguage\":\"en-GB\",\"potentialAction\":[{\"@type\":\"ReadAction\",\"target\":[\"https:\/\/lesours-france.com\/boutique\/fanfan-fleurs\/\"]}]},{\"@type\":\"ImageObject\",\"inLanguage\":\"en-GB\",\"@id\":\"https:\/\/lesours-france.com\/boutique\/fanfan-fleurs\/#primaryimage\",\"url\":\"https:\/\/lesours-france.com\/wp-content\/uploads\/fanfan-fleurs-e1742207402864.jpg\",\"contentUrl\":\"https:\/\/lesours-france.com\/wp-content\/uploads\/fanfan-fleurs-e1742207402864.jpg\",\"width\":1070,\"height\":1534},{\"@type\":\"BreadcrumbList\",\"@id\":\"https:\/\/lesours-france.com\/boutique\/fanfan-fleurs\/#breadcrumb\",\"itemListElement\":[{\"@type\":\"ListItem\",\"position\":1,\"name\":\"Accueil\",\"item\":\"https:\/\/lesours-france.com\/\"},{\"@type\":\"ListItem\",\"position\":2,\"name\":\"Boutique\",\"item\":\"https:\/\/lesours-france.com\/en\/boutique\/\"},{\"@type\":\"ListItem\",\"position\":3,\"name\":\"Anciennes collections \u00e9t\u00e9\",\"item\":\"https:\/\/lesours-france.com\/categorie\/anciennes-collections-ete\/\"},{\"@type\":\"ListItem\",\"position\":4,\"name\":\"Pantalons \/ Jupons \/ salopettes\",\"item\":\"https:\/\/lesours-france.com\/categorie\/anciennes-collections-ete\/pantalons-jupons\/\"},{\"@type\":\"ListItem\",\"position\":5,\"name\":\"FANFAN &#8211; FLEURS\"}]},{\"@type\":\"WebSite\",\"@id\":\"https:\/\/lesours-france.com\/en\/#website\",\"url\":\"https:\/\/lesours-france.com\/en\/\",\"name\":\"Les Ours\",\"description\":\"Pr\u00eat \u00e0 porter romantique\",\"publisher\":{\"@id\":\"https:\/\/lesours-france.com\/en\/#organization\"},\"potentialAction\":[{\"@type\":\"SearchAction\",\"target\":{\"@type\":\"EntryPoint\",\"urlTemplate\":\"https:\/\/lesours-france.com\/en\/?s={search_term_string}\"},\"query-input\":{\"@type\":\"PropertyValueSpecification\",\"valueRequired\":true,\"valueName\":\"search_term_string\"}}],\"inLanguage\":\"en-GB\"},{\"@type\":\"Organization\",\"@id\":\"https:\/\/lesours-france.com\/en\/#organization\",\"name\":\"Les Ours\",\"url\":\"https:\/\/lesours-france.com\/en\/\",\"logo\":{\"@type\":\"ImageObject\",\"inLanguage\":\"en-GB\",\"@id\":\"https:\/\/lesours-france.com\/en\/#\/schema\/logo\/image\/\",\"url\":\"https:\/\/lesours-france.com\/wp-content\/uploads\/Logo_LesOurs_1.png\",\"contentUrl\":\"https:\/\/lesours-france.com\/wp-content\/uploads\/Logo_LesOurs_1.png\",\"width\":260,\"height\":75,\"caption\":\"Les Ours\"},\"image\":{\"@id\":\"https:\/\/lesours-france.com\/en\/#\/schema\/logo\/image\/\"},\"sameAs\":[\"https:\/\/www.facebook.com\/leshowroomlesours\",\"https:\/\/www.instagram.com\/les.ours.createur\"]}]}<\/script>\n<!-- \/ Yoast SEO plugin. -->","yoast_head_json":{"title":"FANFAN - FLEURS &#8211; Les Ours","description":"Boutique en ligne Les Ours : v\u00eatements de cr\u00e9ateur romantiques, boh\u00e8mes et tr\u00e8s po\u00e9tiques.","robots":{"index":"index","follow":"follow","max-snippet":"max-snippet:-1","max-image-preview":"max-image-preview:large","max-video-preview":"max-video-preview:-1"},"canonical":"https:\/\/lesours-france.com\/en\/boutique\/fanfan-fleurs\/","og_locale":"en_GB","og_type":"article","og_title":"FANFAN - FLEURS &#8211; Les Ours","og_description":"Boutique en ligne Les Ours : v\u00eatements de cr\u00e9ateur romantiques, boh\u00e8mes et tr\u00e8s po\u00e9tiques.","og_url":"https:\/\/lesours-france.com\/en\/boutique\/fanfan-fleurs\/","og_site_name":"Les Ours","article_publisher":"https:\/\/www.facebook.com\/leshowroomlesours","article_modified_time":"2026-02-01T18:08:41+00:00","og_image":[{"width":1070,"height":1534,"url":"https:\/\/lesours-france.com\/wp-content\/uploads\/fanfan-fleurs-e1742207402864.jpg","type":"image\/jpeg"}],"twitter_card":"summary_large_image","schema":{"@context":"https:\/\/schema.org","@graph":[{"@type":"WebPage","@id":"https:\/\/lesours-france.com\/boutique\/fanfan-fleurs\/","url":"https:\/\/lesours-france.com\/boutique\/fanfan-fleurs\/","name":"FANFAN - FLEURS &#8211; Les Ours","isPartOf":{"@id":"https:\/\/lesours-france.com\/en\/#website"},"primaryImageOfPage":{"@id":"https:\/\/lesours-france.com\/boutique\/fanfan-fleurs\/#primaryimage"},"image":{"@id":"https:\/\/lesours-france.com\/boutique\/fanfan-fleurs\/#primaryimage"},"thumbnailUrl":"https:\/\/lesours-france.com\/wp-content\/uploads\/fanfan-fleurs-e1742207402864.jpg","datePublished":"2025-01-20T06:55:06+00:00","dateModified":"2026-02-01T18:08:41+00:00","description":"Boutique en ligne Les Ours : v\u00eatements de cr\u00e9ateur romantiques, boh\u00e8mes et tr\u00e8s po\u00e9tiques.","breadcrumb":{"@id":"https:\/\/lesours-france.com\/boutique\/fanfan-fleurs\/#breadcrumb"},"inLanguage":"en-GB","potentialAction":[{"@type":"ReadAction","target":["https:\/\/lesours-france.com\/boutique\/fanfan-fleurs\/"]}]},{"@type":"ImageObject","inLanguage":"en-GB","@id":"https:\/\/lesours-france.com\/boutique\/fanfan-fleurs\/#primaryimage","url":"https:\/\/lesours-france.com\/wp-content\/uploads\/fanfan-fleurs-e1742207402864.jpg","contentUrl":"https:\/\/lesours-france.com\/wp-content\/uploads\/fanfan-fleurs-e1742207402864.jpg","width":1070,"height":1534},{"@type":"BreadcrumbList","@id":"https:\/\/lesours-france.com\/boutique\/fanfan-fleurs\/#breadcrumb","itemListElement":[{"@type":"ListItem","position":1,"name":"Accueil","item":"https:\/\/lesours-france.com\/"},{"@type":"ListItem","position":2,"name":"Boutique","item":"https:\/\/lesours-france.com\/en\/boutique\/"},{"@type":"ListItem","position":3,"name":"Anciennes collections \u00e9t\u00e9","item":"https:\/\/lesours-france.com\/categorie\/anciennes-collections-ete\/"},{"@type":"ListItem","position":4,"name":"Pantalons \/ Jupons \/ salopettes","item":"https:\/\/lesours-france.com\/categorie\/anciennes-collections-ete\/pantalons-jupons\/"},{"@type":"ListItem","position":5,"name":"FANFAN &#8211; FLEURS"}]},{"@type":"WebSite","@id":"https:\/\/lesours-france.com\/en\/#website","url":"https:\/\/lesours-france.com\/en\/","name":"Les Ours","description":"Pr\u00eat \u00e0 porter romantique","publisher":{"@id":"https:\/\/lesours-france.com\/en\/#organization"},"potentialAction":[{"@type":"SearchAction","target":{"@type":"EntryPoint","urlTemplate":"https:\/\/lesours-france.com\/en\/?s={search_term_string}"},"query-input":{"@type":"PropertyValueSpecification","valueRequired":true,"valueName":"search_term_string"}}],"inLanguage":"en-GB"},{"@type":"Organization","@id":"https:\/\/lesours-france.com\/en\/#organization","name":"Les Ours","url":"https:\/\/lesours-france.com\/en\/","logo":{"@type":"ImageObject","inLanguage":"en-GB","@id":"https:\/\/lesours-france.com\/en\/#\/schema\/logo\/image\/","url":"https:\/\/lesours-france.com\/wp-content\/uploads\/Logo_LesOurs_1.png","contentUrl":"https:\/\/lesours-france.com\/wp-content\/uploads\/Logo_LesOurs_1.png","width":260,"height":75,"caption":"Les Ours"},"image":{"@id":"https:\/\/lesours-france.com\/en\/#\/schema\/logo\/image\/"},"sameAs":["https:\/\/www.facebook.com\/leshowroomlesours","https:\/\/www.instagram.com\/les.ours.createur"]}]}},"_links":{"self":[{"href":"https:\/\/lesours-france.com\/en\/wp-json\/wp\/v2\/product\/19531","targetHints":{"allow":["GET"]}}],"collection":[{"href":"https:\/\/lesours-france.com\/en\/wp-json\/wp\/v2\/product"}],"about":[{"href":"https:\/\/lesours-france.com\/en\/wp-json\/wp\/v2\/types\/product"}],"wp:featuredmedia":[{"embeddable":true,"href":"https:\/\/lesours-france.com\/en\/wp-json\/wp\/v2\/media\/20415"}],"wp:attachment":[{"href":"https:\/\/lesours-france.com\/en\/wp-json\/wp\/v2\/media?parent=19531"}],"wp:term":[{"taxonomy":"product_brand","embeddable":true,"href":"https:\/\/lesours-france.com\/en\/wp-json\/wp\/v2\/product_brand?post=19531"},{"taxonomy":"product_cat","embeddable":true,"href":"https:\/\/lesours-france.com\/en\/wp-json\/wp\/v2\/product_cat?post=19531"},{"taxonomy":"product_tag","embeddable":true,"href":"https:\/\/lesours-france.com\/en\/wp-json\/wp\/v2\/product_tag?post=19531"}],"curies":[{"name":"wp","href":"https:\/\/api.w.org\/{rel}","templated":true}]}}