{"id":20520,"date":"2026-01-07T08:29:18","date_gmt":"2026-01-07T07:29:18","guid":{"rendered":"https:\/\/lesours-france.com\/?post_type=product&#038;p=20520"},"modified":"2026-02-22T18:24:47","modified_gmt":"2026-02-22T17:24:47","slug":"melo-popeline-cognac","status":"publish","type":"product","link":"https:\/\/lesours-france.com\/en\/boutique\/melo-popeline-cognac\/","title":{"rendered":"MELO  &#8211; POPELINE &#8211; COGNAC"},"content":{"rendered":"<p>Laissez-vous envo\u00fbter par l\u2019\u00e9l\u00e9gance intemporelle de notre robe M\u00e9lo, confectionn\u00e9e dans un tissu en popeline d\u00e9licatement imprim\u00e9s de fleurs. Sa coupe ample invitent \u00e0 la libert\u00e9 de mouvement.<\/p>\n<p>Le col subtilement volant\u00e9 et la patte de boutonnage \u00e0 petits boutons en fer insufflent une touche vintage, tandis que les fronces d\u00e9licates \u00e0 la taille apportent une gr\u00e2ce naturelle et f\u00e9minine. Les manches longues, l\u00e9g\u00e8rement bouffantes, accentuent son allure romantique, parfaite pour les \u00e2mes r\u00eaveuses en qu\u00eate d\u2019authenticit\u00e9.<\/p>\n<p>The pretty details:<a href=\"https:\/\/lesours-france.com\/wp-content\/uploads\/MELO-COGNAC-FLEURS-GUS-BDR-EVAN-MOUSSEPAULINE-LIANE-VLRS-RAS-BDR.jpg\"><img fetchpriority=\"high\" decoding=\"async\" class=\"size-medium wp-image-20504 alignright\" src=\"https:\/\/lesours-france.com\/wp-content\/uploads\/MELO-COGNAC-FLEURS-GUS-BDR-EVAN-MOUSSEPAULINE-LIANE-VLRS-RAS-BDR-200x300.jpg\" alt=\"\" width=\"200\" height=\"300\" srcset=\"https:\/\/lesours-france.com\/wp-content\/uploads\/MELO-COGNAC-FLEURS-GUS-BDR-EVAN-MOUSSEPAULINE-LIANE-VLRS-RAS-BDR-200x300.jpg 200w, https:\/\/lesours-france.com\/wp-content\/uploads\/MELO-COGNAC-FLEURS-GUS-BDR-EVAN-MOUSSEPAULINE-LIANE-VLRS-RAS-BDR-683x1024.jpg 683w, https:\/\/lesours-france.com\/wp-content\/uploads\/MELO-COGNAC-FLEURS-GUS-BDR-EVAN-MOUSSEPAULINE-LIANE-VLRS-RAS-BDR-768x1152.jpg 768w, https:\/\/lesours-france.com\/wp-content\/uploads\/MELO-COGNAC-FLEURS-GUS-BDR-EVAN-MOUSSEPAULINE-LIANE-VLRS-RAS-BDR-1024x1536.jpg 1024w, https:\/\/lesours-france.com\/wp-content\/uploads\/MELO-COGNAC-FLEURS-GUS-BDR-EVAN-MOUSSEPAULINE-LIANE-VLRS-RAS-BDR-8x12.jpg 8w, https:\/\/lesours-france.com\/wp-content\/uploads\/MELO-COGNAC-FLEURS-GUS-BDR-EVAN-MOUSSEPAULINE-LIANE-VLRS-RAS-BDR-450x675.jpg 450w, https:\/\/lesours-france.com\/wp-content\/uploads\/MELO-COGNAC-FLEURS-GUS-BDR-EVAN-MOUSSEPAULINE-LIANE-VLRS-RAS-BDR.jpg 1280w\" sizes=\"(max-width: 200px) 100vw, 200px\" \/><\/a><br \/>\n\ud83c\udf3f95% coton | 5% elastane<\/p>\n<p>\ud83c\udf38 Coupe ample et confortable, id\u00e9ale pour toutes les morphologies<br \/>\n\u2728 D\u00e9tails raffin\u00e9s : col volant\u00e9, boutons nacr\u00e9s, bas fronc\u00e9 et volant\u00e9<\/p>\n<p>Une robe comme une caresse, pens\u00e9e pour celles qui aiment conjuguer naturel et \u00e9l\u00e9gance avec simplicit\u00e9.<\/p>\n<p>&nbsp;<\/p>","protected":false},"excerpt":{"rendered":"<p>Laissez-vous envo\u00fbter par l\u2019\u00e9l\u00e9gance intemporelle de notre robe M\u00e9lo, confectionn\u00e9e dans un tissu en popeline d\u00e9licatement imprim\u00e9s de fleurs. Sa coupe ample invitent \u00e0 la libert\u00e9 de mouvement. Le col subtilement volant\u00e9 et la patte de boutonnage \u00e0 petits boutons en fer insufflent une touche vintage, tandis que les fronces d\u00e9licates \u00e0 la taille apportent [&hellip;]<\/p>\n","protected":false},"featured_media":20499,"template":"","meta":{"ocean_post_layout":"","ocean_both_sidebars_style":"","ocean_both_sidebars_content_width":0,"ocean_both_sidebars_sidebars_width":0,"ocean_sidebar":"0","ocean_second_sidebar":"0","ocean_disable_margins":"enable","ocean_add_body_class":"","ocean_shortcode_before_top_bar":"","ocean_shortcode_after_top_bar":"","ocean_shortcode_before_header":"","ocean_shortcode_after_header":"","ocean_has_shortcode":"","ocean_shortcode_after_title":"","ocean_shortcode_before_footer_widgets":"","ocean_shortcode_after_footer_widgets":"","ocean_shortcode_before_footer_bottom":"","ocean_shortcode_after_footer_bottom":"","ocean_display_top_bar":"default","ocean_display_header":"default","ocean_header_style":"","ocean_center_header_left_menu":"0","ocean_custom_header_template":"0","ocean_custom_logo":0,"ocean_custom_retina_logo":0,"ocean_custom_logo_max_width":0,"ocean_custom_logo_tablet_max_width":0,"ocean_custom_logo_mobile_max_width":0,"ocean_custom_logo_max_height":0,"ocean_custom_logo_tablet_max_height":0,"ocean_custom_logo_mobile_max_height":0,"ocean_header_custom_menu":"0","ocean_menu_typo_font_family":"0","ocean_menu_typo_font_subset":"","ocean_menu_typo_font_size":0,"ocean_menu_typo_font_size_tablet":0,"ocean_menu_typo_font_size_mobile":0,"ocean_menu_typo_font_size_unit":"px","ocean_menu_typo_font_weight":"","ocean_menu_typo_font_weight_tablet":"","ocean_menu_typo_font_weight_mobile":"","ocean_menu_typo_transform":"","ocean_menu_typo_transform_tablet":"","ocean_menu_typo_transform_mobile":"","ocean_menu_typo_line_height":0,"ocean_menu_typo_line_height_tablet":0,"ocean_menu_typo_line_height_mobile":0,"ocean_menu_typo_line_height_unit":"","ocean_menu_typo_spacing":0,"ocean_menu_typo_spacing_tablet":0,"ocean_menu_typo_spacing_mobile":0,"ocean_menu_typo_spacing_unit":"","ocean_menu_link_color":"","ocean_menu_link_color_hover":"","ocean_menu_link_color_active":"","ocean_menu_link_background":"","ocean_menu_link_hover_background":"","ocean_menu_link_active_background":"","ocean_menu_social_links_bg":"","ocean_menu_social_hover_links_bg":"","ocean_menu_social_links_color":"","ocean_menu_social_hover_links_color":"","ocean_disable_title":"default","ocean_disable_heading":"default","ocean_post_title":"","ocean_post_subheading":"","ocean_post_title_style":"","ocean_post_title_background_color":"","ocean_post_title_background":0,"ocean_post_title_bg_image_position":"","ocean_post_title_bg_image_attachment":"","ocean_post_title_bg_image_repeat":"","ocean_post_title_bg_image_size":"","ocean_post_title_height":0,"ocean_post_title_bg_overlay":0.5,"ocean_post_title_bg_overlay_color":"","ocean_disable_breadcrumbs":"default","ocean_breadcrumbs_color":"","ocean_breadcrumbs_separator_color":"","ocean_breadcrumbs_links_color":"","ocean_breadcrumbs_links_hover_color":"","ocean_display_footer_widgets":"default","ocean_display_footer_bottom":"default","ocean_custom_footer_template":"0","osh_disable_topbar_sticky":"default","osh_disable_header_sticky":"default","osh_sticky_header_style":"default","osh_sticky_header_effect":"","osh_custom_sticky_logo":0,"osh_custom_retina_sticky_logo":0,"osh_custom_sticky_logo_height":0,"osh_background_color":"","osh_links_color":"","osh_links_hover_color":"","osh_links_active_color":"","osh_links_bg_color":"","osh_links_hover_bg_color":"","osh_links_active_bg_color":"","osh_menu_social_links_color":"","osh_menu_social_hover_links_color":""},"product_brand":[],"product_cat":[38,41],"product_tag":[],"class_list":{"0":"post-20520","1":"product","2":"type-product","3":"status-publish","4":"has-post-thumbnail","6":"product_cat-anciennes-collections-hiver","7":"product_cat-robes-avec-manches-anciennes-collections-hiver","8":"pa_couleur-bois-de-rose-lin","9":"pa_couleur-cognac-fleurs","10":"pa_couleur-lin-coton-mousse","11":"pa_taille-l","12":"pa_taille-m","13":"pa_taille-s","14":"pa_taille-xl","15":"pa_taille-xxl","17":"entry","18":"has-media","20":"first","21":"outofstock","22":"taxable","23":"shipping-taxable","24":"product-type-variable","25":"has-product-nav","26":"col","27":"span_1_of_4","28":"owp-content-center","29":"item-entry","30":"owp-thumbs-layout-horizontal","31":"owp-btn-normal","32":"owp-tabs-layout-vertical"},"yoast_head":"<!-- This site is optimized with the Yoast SEO plugin v27.2 - https:\/\/yoast.com\/product\/yoast-seo-wordpress\/ -->\n<title>MELO - POPELINE - COGNAC &#8211; Les Ours<\/title>\n<meta name=\"description\" content=\"Boutique en ligne Les Ours : v\u00eatements de cr\u00e9ateur romantiques, boh\u00e8mes et tr\u00e8s po\u00e9tiques.\" \/>\n<meta name=\"robots\" content=\"index, follow, max-snippet:-1, max-image-preview:large, max-video-preview:-1\" \/>\n<link rel=\"canonical\" href=\"https:\/\/lesours-france.com\/en\/boutique\/melo-popeline-cognac\/\" \/>\n<meta property=\"og:locale\" content=\"en_GB\" \/>\n<meta property=\"og:type\" content=\"article\" \/>\n<meta property=\"og:title\" content=\"MELO - POPELINE - COGNAC &#8211; Les Ours\" \/>\n<meta property=\"og:description\" content=\"Boutique en ligne Les Ours : v\u00eatements de cr\u00e9ateur romantiques, boh\u00e8mes et tr\u00e8s po\u00e9tiques.\" \/>\n<meta property=\"og:url\" content=\"https:\/\/lesours-france.com\/en\/boutique\/melo-popeline-cognac\/\" \/>\n<meta property=\"og:site_name\" content=\"Les Ours\" \/>\n<meta property=\"article:publisher\" content=\"https:\/\/www.facebook.com\/leshowroomlesours\" \/>\n<meta property=\"article:modified_time\" content=\"2026-02-22T17:24:47+00:00\" \/>\n<meta property=\"og:image\" content=\"https:\/\/lesours-france.com\/wp-content\/uploads\/MELO-POPELINE-3-scaled-e1759409300342.jpg\" \/>\n\t<meta property=\"og:image:width\" content=\"1545\" \/>\n\t<meta property=\"og:image:height\" content=\"2070\" \/>\n\t<meta property=\"og:image:type\" content=\"image\/jpeg\" \/>\n<meta name=\"twitter:card\" content=\"summary_large_image\" \/>\n<script type=\"application\/ld+json\" class=\"yoast-schema-graph\">{\"@context\":\"https:\/\/schema.org\",\"@graph\":[{\"@type\":\"WebPage\",\"@id\":\"https:\/\/lesours-france.com\/boutique\/melo-popeline-cognac\/\",\"url\":\"https:\/\/lesours-france.com\/boutique\/melo-popeline-cognac\/\",\"name\":\"MELO - POPELINE - COGNAC &#8211; Les Ours\",\"isPartOf\":{\"@id\":\"https:\/\/lesours-france.com\/en\/#website\"},\"primaryImageOfPage\":{\"@id\":\"https:\/\/lesours-france.com\/boutique\/melo-popeline-cognac\/#primaryimage\"},\"image\":{\"@id\":\"https:\/\/lesours-france.com\/boutique\/melo-popeline-cognac\/#primaryimage\"},\"thumbnailUrl\":\"https:\/\/lesours-france.com\/wp-content\/uploads\/MELO-POPELINE-3-scaled-e1759409300342.jpg\",\"datePublished\":\"2026-01-07T07:29:18+00:00\",\"dateModified\":\"2026-02-22T17:24:47+00:00\",\"description\":\"Boutique en ligne Les Ours : v\u00eatements de cr\u00e9ateur romantiques, boh\u00e8mes et tr\u00e8s po\u00e9tiques.\",\"breadcrumb\":{\"@id\":\"https:\/\/lesours-france.com\/boutique\/melo-popeline-cognac\/#breadcrumb\"},\"inLanguage\":\"en-GB\",\"potentialAction\":[{\"@type\":\"ReadAction\",\"target\":[\"https:\/\/lesours-france.com\/boutique\/melo-popeline-cognac\/\"]}]},{\"@type\":\"ImageObject\",\"inLanguage\":\"en-GB\",\"@id\":\"https:\/\/lesours-france.com\/boutique\/melo-popeline-cognac\/#primaryimage\",\"url\":\"https:\/\/lesours-france.com\/wp-content\/uploads\/MELO-POPELINE-3-scaled-e1759409300342.jpg\",\"contentUrl\":\"https:\/\/lesours-france.com\/wp-content\/uploads\/MELO-POPELINE-3-scaled-e1759409300342.jpg\",\"width\":1545,\"height\":2070},{\"@type\":\"BreadcrumbList\",\"@id\":\"https:\/\/lesours-france.com\/boutique\/melo-popeline-cognac\/#breadcrumb\",\"itemListElement\":[{\"@type\":\"ListItem\",\"position\":1,\"name\":\"Accueil\",\"item\":\"https:\/\/lesours-france.com\/\"},{\"@type\":\"ListItem\",\"position\":2,\"name\":\"Boutique\",\"item\":\"https:\/\/lesours-france.com\/en\/boutique\/\"},{\"@type\":\"ListItem\",\"position\":3,\"name\":\"Anciennes collections Hiver\",\"item\":\"https:\/\/lesours-france.com\/categorie\/anciennes-collections-hiver\/\"},{\"@type\":\"ListItem\",\"position\":4,\"name\":\"ROBES\",\"item\":\"https:\/\/lesours-france.com\/categorie\/anciennes-collections-hiver\/robes-avec-manches-anciennes-collections-hiver\/\"},{\"@type\":\"ListItem\",\"position\":5,\"name\":\"MELO &#8211; POPELINE &#8211; COGNAC\"}]},{\"@type\":\"WebSite\",\"@id\":\"https:\/\/lesours-france.com\/en\/#website\",\"url\":\"https:\/\/lesours-france.com\/en\/\",\"name\":\"Les Ours\",\"description\":\"Pr\u00eat \u00e0 porter romantique\",\"publisher\":{\"@id\":\"https:\/\/lesours-france.com\/en\/#organization\"},\"potentialAction\":[{\"@type\":\"SearchAction\",\"target\":{\"@type\":\"EntryPoint\",\"urlTemplate\":\"https:\/\/lesours-france.com\/en\/?s={search_term_string}\"},\"query-input\":{\"@type\":\"PropertyValueSpecification\",\"valueRequired\":true,\"valueName\":\"search_term_string\"}}],\"inLanguage\":\"en-GB\"},{\"@type\":\"Organization\",\"@id\":\"https:\/\/lesours-france.com\/en\/#organization\",\"name\":\"Les Ours\",\"url\":\"https:\/\/lesours-france.com\/en\/\",\"logo\":{\"@type\":\"ImageObject\",\"inLanguage\":\"en-GB\",\"@id\":\"https:\/\/lesours-france.com\/en\/#\/schema\/logo\/image\/\",\"url\":\"https:\/\/lesours-france.com\/wp-content\/uploads\/Logo_LesOurs_1.png\",\"contentUrl\":\"https:\/\/lesours-france.com\/wp-content\/uploads\/Logo_LesOurs_1.png\",\"width\":260,\"height\":75,\"caption\":\"Les Ours\"},\"image\":{\"@id\":\"https:\/\/lesours-france.com\/en\/#\/schema\/logo\/image\/\"},\"sameAs\":[\"https:\/\/www.facebook.com\/leshowroomlesours\",\"https:\/\/www.instagram.com\/les.ours.createur\"]}]}<\/script>\n<!-- \/ Yoast SEO plugin. -->","yoast_head_json":{"title":"MELO - POPELINE - COGNAC &#8211; Les Ours","description":"Boutique en ligne Les Ours : v\u00eatements de cr\u00e9ateur romantiques, boh\u00e8mes et tr\u00e8s po\u00e9tiques.","robots":{"index":"index","follow":"follow","max-snippet":"max-snippet:-1","max-image-preview":"max-image-preview:large","max-video-preview":"max-video-preview:-1"},"canonical":"https:\/\/lesours-france.com\/en\/boutique\/melo-popeline-cognac\/","og_locale":"en_GB","og_type":"article","og_title":"MELO - POPELINE - COGNAC &#8211; Les Ours","og_description":"Boutique en ligne Les Ours : v\u00eatements de cr\u00e9ateur romantiques, boh\u00e8mes et tr\u00e8s po\u00e9tiques.","og_url":"https:\/\/lesours-france.com\/en\/boutique\/melo-popeline-cognac\/","og_site_name":"Les Ours","article_publisher":"https:\/\/www.facebook.com\/leshowroomlesours","article_modified_time":"2026-02-22T17:24:47+00:00","og_image":[{"width":1545,"height":2070,"url":"https:\/\/lesours-france.com\/wp-content\/uploads\/MELO-POPELINE-3-scaled-e1759409300342.jpg","type":"image\/jpeg"}],"twitter_card":"summary_large_image","schema":{"@context":"https:\/\/schema.org","@graph":[{"@type":"WebPage","@id":"https:\/\/lesours-france.com\/boutique\/melo-popeline-cognac\/","url":"https:\/\/lesours-france.com\/boutique\/melo-popeline-cognac\/","name":"MELO - POPELINE - COGNAC &#8211; Les Ours","isPartOf":{"@id":"https:\/\/lesours-france.com\/en\/#website"},"primaryImageOfPage":{"@id":"https:\/\/lesours-france.com\/boutique\/melo-popeline-cognac\/#primaryimage"},"image":{"@id":"https:\/\/lesours-france.com\/boutique\/melo-popeline-cognac\/#primaryimage"},"thumbnailUrl":"https:\/\/lesours-france.com\/wp-content\/uploads\/MELO-POPELINE-3-scaled-e1759409300342.jpg","datePublished":"2026-01-07T07:29:18+00:00","dateModified":"2026-02-22T17:24:47+00:00","description":"Boutique en ligne Les Ours : v\u00eatements de cr\u00e9ateur romantiques, boh\u00e8mes et tr\u00e8s po\u00e9tiques.","breadcrumb":{"@id":"https:\/\/lesours-france.com\/boutique\/melo-popeline-cognac\/#breadcrumb"},"inLanguage":"en-GB","potentialAction":[{"@type":"ReadAction","target":["https:\/\/lesours-france.com\/boutique\/melo-popeline-cognac\/"]}]},{"@type":"ImageObject","inLanguage":"en-GB","@id":"https:\/\/lesours-france.com\/boutique\/melo-popeline-cognac\/#primaryimage","url":"https:\/\/lesours-france.com\/wp-content\/uploads\/MELO-POPELINE-3-scaled-e1759409300342.jpg","contentUrl":"https:\/\/lesours-france.com\/wp-content\/uploads\/MELO-POPELINE-3-scaled-e1759409300342.jpg","width":1545,"height":2070},{"@type":"BreadcrumbList","@id":"https:\/\/lesours-france.com\/boutique\/melo-popeline-cognac\/#breadcrumb","itemListElement":[{"@type":"ListItem","position":1,"name":"Accueil","item":"https:\/\/lesours-france.com\/"},{"@type":"ListItem","position":2,"name":"Boutique","item":"https:\/\/lesours-france.com\/en\/boutique\/"},{"@type":"ListItem","position":3,"name":"Anciennes collections Hiver","item":"https:\/\/lesours-france.com\/categorie\/anciennes-collections-hiver\/"},{"@type":"ListItem","position":4,"name":"ROBES","item":"https:\/\/lesours-france.com\/categorie\/anciennes-collections-hiver\/robes-avec-manches-anciennes-collections-hiver\/"},{"@type":"ListItem","position":5,"name":"MELO &#8211; POPELINE &#8211; COGNAC"}]},{"@type":"WebSite","@id":"https:\/\/lesours-france.com\/en\/#website","url":"https:\/\/lesours-france.com\/en\/","name":"Les Ours","description":"Pr\u00eat \u00e0 porter romantique","publisher":{"@id":"https:\/\/lesours-france.com\/en\/#organization"},"potentialAction":[{"@type":"SearchAction","target":{"@type":"EntryPoint","urlTemplate":"https:\/\/lesours-france.com\/en\/?s={search_term_string}"},"query-input":{"@type":"PropertyValueSpecification","valueRequired":true,"valueName":"search_term_string"}}],"inLanguage":"en-GB"},{"@type":"Organization","@id":"https:\/\/lesours-france.com\/en\/#organization","name":"Les Ours","url":"https:\/\/lesours-france.com\/en\/","logo":{"@type":"ImageObject","inLanguage":"en-GB","@id":"https:\/\/lesours-france.com\/en\/#\/schema\/logo\/image\/","url":"https:\/\/lesours-france.com\/wp-content\/uploads\/Logo_LesOurs_1.png","contentUrl":"https:\/\/lesours-france.com\/wp-content\/uploads\/Logo_LesOurs_1.png","width":260,"height":75,"caption":"Les Ours"},"image":{"@id":"https:\/\/lesours-france.com\/en\/#\/schema\/logo\/image\/"},"sameAs":["https:\/\/www.facebook.com\/leshowroomlesours","https:\/\/www.instagram.com\/les.ours.createur"]}]}},"_links":{"self":[{"href":"https:\/\/lesours-france.com\/en\/wp-json\/wp\/v2\/product\/20520","targetHints":{"allow":["GET"]}}],"collection":[{"href":"https:\/\/lesours-france.com\/en\/wp-json\/wp\/v2\/product"}],"about":[{"href":"https:\/\/lesours-france.com\/en\/wp-json\/wp\/v2\/types\/product"}],"wp:featuredmedia":[{"embeddable":true,"href":"https:\/\/lesours-france.com\/en\/wp-json\/wp\/v2\/media\/20499"}],"wp:attachment":[{"href":"https:\/\/lesours-france.com\/en\/wp-json\/wp\/v2\/media?parent=20520"}],"wp:term":[{"taxonomy":"product_brand","embeddable":true,"href":"https:\/\/lesours-france.com\/en\/wp-json\/wp\/v2\/product_brand?post=20520"},{"taxonomy":"product_cat","embeddable":true,"href":"https:\/\/lesours-france.com\/en\/wp-json\/wp\/v2\/product_cat?post=20520"},{"taxonomy":"product_tag","embeddable":true,"href":"https:\/\/lesours-france.com\/en\/wp-json\/wp\/v2\/product_tag?post=20520"}],"curies":[{"name":"wp","href":"https:\/\/api.w.org\/{rel}","templated":true}]}}