{"id":22831,"date":"2025-08-21T14:22:07","date_gmt":"2025-08-21T12:22:07","guid":{"rendered":"https:\/\/lesours-france.com\/?post_type=product&#038;p=22831"},"modified":"2025-08-21T14:22:07","modified_gmt":"2025-08-21T12:22:07","slug":"manteau-goergette-ecossais-et-havane-fleurs","status":"publish","type":"product","link":"https:\/\/lesours-france.com\/en\/boutique\/manteau-goergette-ecossais-et-havane-fleurs\/","title":{"rendered":"manteau Goergette &#8211; ecossais et havane fleurs"},"content":{"rendered":"<p>Un manteau unique qui allie confort, authenticit\u00e9 et po\u00e9sie boh\u00e8me. Con\u00e7u dans un m\u00e9lange raffin\u00e9 de <strong>laine douce \u00e0 carreaux <\/strong>et de <strong>coton fleuri<\/strong>, il offre une allure \u00e0 la fois \u00e9l\u00e9gante et d\u00e9contract\u00e9e.<\/p>\n<p>\ud83c\udf3f <strong>D\u00e9tails qui font la diff\u00e9rence :<\/strong><\/p>\n<ul>\n<li>Coupe ample et fluide pour un tomb\u00e9 naturel.<\/li>\n<li>Ext\u00e9rieur en laine \u00e0 carreaux, r\u00e9hauss\u00e9 de larges pans en coton fleuri aux tons chauds et romantiques.<\/li>\n<li>Boutonnage par trois gros bouton en fer.<\/li>\n<li>Manches longues \u00e0 poignets fronc\u00e9s, apportant une touche de volume et de caract\u00e8re.<\/li>\n<li>Grandes poches pratiques, parfaites pour y glisser un carnet, un livre ou vos petits essentiels du quotidien.<\/li>\n<\/ul>\n<p>\ud83d\udcab <strong>Style &amp; esprit :<\/strong><br \/>\nCe manteau \u00e9voque un univers boh\u00e8me et intemporel, id\u00e9al pour celles qui aiment les pi\u00e8ces originales, confortables et pleines de charme. Parfait sur une robe longue, une tenue en lin ou m\u00eame avec un pantalon simple, il devient vite la pi\u00e8ce ma\u00eetresse de votre garde-robe.<\/p>\n<p>Un manteau qui raconte une histoire et accompagne vos instants de libert\u00e9.<\/p>\n<p>&nbsp;<\/p>","protected":false},"excerpt":{"rendered":"<p>Un manteau unique qui allie confort, authenticit\u00e9 et po\u00e9sie boh\u00e8me. Con\u00e7u dans un m\u00e9lange raffin\u00e9 de laine douce \u00e0 carreaux et de coton fleuri, il offre une allure \u00e0 la fois \u00e9l\u00e9gante et d\u00e9contract\u00e9e. \ud83c\udf3f D\u00e9tails qui font la diff\u00e9rence : Coupe ample et fluide pour un tomb\u00e9 naturel. Ext\u00e9rieur en laine \u00e0 carreaux, r\u00e9hauss\u00e9 [&hellip;]<\/p>\n","protected":false},"featured_media":22814,"template":"","meta":{"ocean_post_layout":"","ocean_both_sidebars_style":"","ocean_both_sidebars_content_width":0,"ocean_both_sidebars_sidebars_width":0,"ocean_sidebar":"0","ocean_second_sidebar":"0","ocean_disable_margins":"enable","ocean_add_body_class":"","ocean_shortcode_before_top_bar":"","ocean_shortcode_after_top_bar":"","ocean_shortcode_before_header":"","ocean_shortcode_after_header":"","ocean_has_shortcode":"","ocean_shortcode_after_title":"","ocean_shortcode_before_footer_widgets":"","ocean_shortcode_after_footer_widgets":"","ocean_shortcode_before_footer_bottom":"","ocean_shortcode_after_footer_bottom":"","ocean_display_top_bar":"default","ocean_display_header":"default","ocean_header_style":"","ocean_center_header_left_menu":"0","ocean_custom_header_template":"0","ocean_custom_logo":0,"ocean_custom_retina_logo":0,"ocean_custom_logo_max_width":0,"ocean_custom_logo_tablet_max_width":0,"ocean_custom_logo_mobile_max_width":0,"ocean_custom_logo_max_height":0,"ocean_custom_logo_tablet_max_height":0,"ocean_custom_logo_mobile_max_height":0,"ocean_header_custom_menu":"0","ocean_menu_typo_font_family":"0","ocean_menu_typo_font_subset":"","ocean_menu_typo_font_size":0,"ocean_menu_typo_font_size_tablet":0,"ocean_menu_typo_font_size_mobile":0,"ocean_menu_typo_font_size_unit":"px","ocean_menu_typo_font_weight":"","ocean_menu_typo_font_weight_tablet":"","ocean_menu_typo_font_weight_mobile":"","ocean_menu_typo_transform":"","ocean_menu_typo_transform_tablet":"","ocean_menu_typo_transform_mobile":"","ocean_menu_typo_line_height":0,"ocean_menu_typo_line_height_tablet":0,"ocean_menu_typo_line_height_mobile":0,"ocean_menu_typo_line_height_unit":"","ocean_menu_typo_spacing":0,"ocean_menu_typo_spacing_tablet":0,"ocean_menu_typo_spacing_mobile":0,"ocean_menu_typo_spacing_unit":"","ocean_menu_link_color":"","ocean_menu_link_color_hover":"","ocean_menu_link_color_active":"","ocean_menu_link_background":"","ocean_menu_link_hover_background":"","ocean_menu_link_active_background":"","ocean_menu_social_links_bg":"","ocean_menu_social_hover_links_bg":"","ocean_menu_social_links_color":"","ocean_menu_social_hover_links_color":"","ocean_disable_title":"default","ocean_disable_heading":"default","ocean_post_title":"","ocean_post_subheading":"","ocean_post_title_style":"","ocean_post_title_background_color":"","ocean_post_title_background":0,"ocean_post_title_bg_image_position":"","ocean_post_title_bg_image_attachment":"","ocean_post_title_bg_image_repeat":"","ocean_post_title_bg_image_size":"","ocean_post_title_height":0,"ocean_post_title_bg_overlay":0.5,"ocean_post_title_bg_overlay_color":"","ocean_disable_breadcrumbs":"default","ocean_breadcrumbs_color":"","ocean_breadcrumbs_separator_color":"","ocean_breadcrumbs_links_color":"","ocean_breadcrumbs_links_hover_color":"","ocean_display_footer_widgets":"default","ocean_display_footer_bottom":"default","ocean_custom_footer_template":"0","osh_disable_topbar_sticky":"default","osh_disable_header_sticky":"default","osh_sticky_header_style":"default","osh_sticky_header_effect":"","osh_custom_sticky_logo":0,"osh_custom_retina_sticky_logo":0,"osh_custom_sticky_logo_height":0,"osh_background_color":"","osh_links_color":"","osh_links_hover_color":"","osh_links_active_color":"","osh_links_bg_color":"","osh_links_hover_bg_color":"","osh_links_active_bg_color":"","osh_menu_social_links_color":"","osh_menu_social_hover_links_color":""},"product_brand":[],"product_cat":[18,354],"product_tag":[],"class_list":{"0":"post-22831","1":"product","2":"type-product","3":"status-publish","4":"has-post-thumbnail","6":"product_cat-les-petites-pieces-uniques","7":"product_cat-les-vestes-et-manteaux","8":"pa_couleur-ecossais","9":"pa_taille-m","11":"entry","12":"has-media","14":"first","15":"instock","16":"taxable","17":"shipping-taxable","18":"purchasable","19":"product-type-variable","20":"has-product-nav","21":"col","22":"span_1_of_4","23":"owp-content-center","24":"item-entry","25":"owp-thumbs-layout-horizontal","26":"owp-btn-normal","27":"owp-tabs-layout-vertical"},"yoast_head":"<!-- This site is optimized with the Yoast SEO plugin v27.2 - https:\/\/yoast.com\/product\/yoast-seo-wordpress\/ -->\n<title>manteau Goergette - ecossais et havane fleurs &#8211; Les Ours<\/title>\n<meta name=\"description\" content=\"Boutique en ligne Les Ours : v\u00eatements de cr\u00e9ateur romantiques, boh\u00e8mes et tr\u00e8s po\u00e9tiques.\" \/>\n<meta name=\"robots\" content=\"index, follow, max-snippet:-1, max-image-preview:large, max-video-preview:-1\" \/>\n<link rel=\"canonical\" href=\"https:\/\/lesours-france.com\/en\/boutique\/manteau-goergette-ecossais-et-havane-fleurs\/\" \/>\n<meta property=\"og:locale\" content=\"en_GB\" \/>\n<meta property=\"og:type\" content=\"article\" \/>\n<meta property=\"og:title\" content=\"manteau Goergette - ecossais et havane fleurs &#8211; Les Ours\" \/>\n<meta property=\"og:description\" content=\"Boutique en ligne Les Ours : v\u00eatements de cr\u00e9ateur romantiques, boh\u00e8mes et tr\u00e8s po\u00e9tiques.\" \/>\n<meta property=\"og:url\" content=\"https:\/\/lesours-france.com\/en\/boutique\/manteau-goergette-ecossais-et-havane-fleurs\/\" \/>\n<meta property=\"og:site_name\" content=\"Les Ours\" \/>\n<meta property=\"article:publisher\" content=\"https:\/\/www.facebook.com\/leshowroomlesours\" \/>\n<meta property=\"og:image\" content=\"https:\/\/lesours-france.com\/wp-content\/uploads\/bdb203ba-b5fd-449f-a077-462ffb490cf3-1-e1755778827185.jpg\" \/>\n\t<meta property=\"og:image:width\" content=\"773\" \/>\n\t<meta property=\"og:image:height\" content=\"1477\" \/>\n\t<meta property=\"og:image:type\" content=\"image\/jpeg\" \/>\n<meta name=\"twitter:card\" content=\"summary_large_image\" \/>\n<script type=\"application\/ld+json\" class=\"yoast-schema-graph\">{\"@context\":\"https:\/\/schema.org\",\"@graph\":[{\"@type\":\"WebPage\",\"@id\":\"https:\/\/lesours-france.com\/boutique\/manteau-goergette-ecossais-et-havane-fleurs\/\",\"url\":\"https:\/\/lesours-france.com\/boutique\/manteau-goergette-ecossais-et-havane-fleurs\/\",\"name\":\"manteau Goergette - ecossais et havane fleurs &#8211; Les Ours\",\"isPartOf\":{\"@id\":\"https:\/\/lesours-france.com\/en\/#website\"},\"primaryImageOfPage\":{\"@id\":\"https:\/\/lesours-france.com\/boutique\/manteau-goergette-ecossais-et-havane-fleurs\/#primaryimage\"},\"image\":{\"@id\":\"https:\/\/lesours-france.com\/boutique\/manteau-goergette-ecossais-et-havane-fleurs\/#primaryimage\"},\"thumbnailUrl\":\"https:\/\/lesours-france.com\/wp-content\/uploads\/bdb203ba-b5fd-449f-a077-462ffb490cf3-1-e1755778827185.jpg\",\"datePublished\":\"2025-08-21T12:22:07+00:00\",\"description\":\"Boutique en ligne Les Ours : v\u00eatements de cr\u00e9ateur romantiques, boh\u00e8mes et tr\u00e8s po\u00e9tiques.\",\"breadcrumb\":{\"@id\":\"https:\/\/lesours-france.com\/boutique\/manteau-goergette-ecossais-et-havane-fleurs\/#breadcrumb\"},\"inLanguage\":\"en-GB\",\"potentialAction\":[{\"@type\":\"ReadAction\",\"target\":[\"https:\/\/lesours-france.com\/boutique\/manteau-goergette-ecossais-et-havane-fleurs\/\"]}]},{\"@type\":\"ImageObject\",\"inLanguage\":\"en-GB\",\"@id\":\"https:\/\/lesours-france.com\/boutique\/manteau-goergette-ecossais-et-havane-fleurs\/#primaryimage\",\"url\":\"https:\/\/lesours-france.com\/wp-content\/uploads\/bdb203ba-b5fd-449f-a077-462ffb490cf3-1-e1755778827185.jpg\",\"contentUrl\":\"https:\/\/lesours-france.com\/wp-content\/uploads\/bdb203ba-b5fd-449f-a077-462ffb490cf3-1-e1755778827185.jpg\",\"width\":773,\"height\":1477},{\"@type\":\"BreadcrumbList\",\"@id\":\"https:\/\/lesours-france.com\/boutique\/manteau-goergette-ecossais-et-havane-fleurs\/#breadcrumb\",\"itemListElement\":[{\"@type\":\"ListItem\",\"position\":1,\"name\":\"Accueil\",\"item\":\"https:\/\/lesours-france.com\/\"},{\"@type\":\"ListItem\",\"position\":2,\"name\":\"Boutique\",\"item\":\"https:\/\/lesours-france.com\/en\/boutique\/\"},{\"@type\":\"ListItem\",\"position\":3,\"name\":\"Les pi\u00e8ces uniques\",\"item\":\"https:\/\/lesours-france.com\/categorie\/les-petites-pieces-uniques\/\"},{\"@type\":\"ListItem\",\"position\":4,\"name\":\"manteau Goergette &#8211; ecossais et havane fleurs\"}]},{\"@type\":\"WebSite\",\"@id\":\"https:\/\/lesours-france.com\/en\/#website\",\"url\":\"https:\/\/lesours-france.com\/en\/\",\"name\":\"Les Ours\",\"description\":\"Pr\u00eat \u00e0 porter romantique\",\"publisher\":{\"@id\":\"https:\/\/lesours-france.com\/en\/#organization\"},\"potentialAction\":[{\"@type\":\"SearchAction\",\"target\":{\"@type\":\"EntryPoint\",\"urlTemplate\":\"https:\/\/lesours-france.com\/en\/?s={search_term_string}\"},\"query-input\":{\"@type\":\"PropertyValueSpecification\",\"valueRequired\":true,\"valueName\":\"search_term_string\"}}],\"inLanguage\":\"en-GB\"},{\"@type\":\"Organization\",\"@id\":\"https:\/\/lesours-france.com\/en\/#organization\",\"name\":\"Les Ours\",\"url\":\"https:\/\/lesours-france.com\/en\/\",\"logo\":{\"@type\":\"ImageObject\",\"inLanguage\":\"en-GB\",\"@id\":\"https:\/\/lesours-france.com\/en\/#\/schema\/logo\/image\/\",\"url\":\"https:\/\/lesours-france.com\/wp-content\/uploads\/Logo_LesOurs_1.png\",\"contentUrl\":\"https:\/\/lesours-france.com\/wp-content\/uploads\/Logo_LesOurs_1.png\",\"width\":260,\"height\":75,\"caption\":\"Les Ours\"},\"image\":{\"@id\":\"https:\/\/lesours-france.com\/en\/#\/schema\/logo\/image\/\"},\"sameAs\":[\"https:\/\/www.facebook.com\/leshowroomlesours\",\"https:\/\/www.instagram.com\/les.ours.createur\"]}]}<\/script>\n<!-- \/ Yoast SEO plugin. -->","yoast_head_json":{"title":"manteau Goergette - ecossais et havane fleurs &#8211; Les Ours","description":"Boutique en ligne Les Ours : v\u00eatements de cr\u00e9ateur romantiques, boh\u00e8mes et tr\u00e8s po\u00e9tiques.","robots":{"index":"index","follow":"follow","max-snippet":"max-snippet:-1","max-image-preview":"max-image-preview:large","max-video-preview":"max-video-preview:-1"},"canonical":"https:\/\/lesours-france.com\/en\/boutique\/manteau-goergette-ecossais-et-havane-fleurs\/","og_locale":"en_GB","og_type":"article","og_title":"manteau Goergette - ecossais et havane fleurs &#8211; Les Ours","og_description":"Boutique en ligne Les Ours : v\u00eatements de cr\u00e9ateur romantiques, boh\u00e8mes et tr\u00e8s po\u00e9tiques.","og_url":"https:\/\/lesours-france.com\/en\/boutique\/manteau-goergette-ecossais-et-havane-fleurs\/","og_site_name":"Les Ours","article_publisher":"https:\/\/www.facebook.com\/leshowroomlesours","og_image":[{"width":773,"height":1477,"url":"https:\/\/lesours-france.com\/wp-content\/uploads\/bdb203ba-b5fd-449f-a077-462ffb490cf3-1-e1755778827185.jpg","type":"image\/jpeg"}],"twitter_card":"summary_large_image","schema":{"@context":"https:\/\/schema.org","@graph":[{"@type":"WebPage","@id":"https:\/\/lesours-france.com\/boutique\/manteau-goergette-ecossais-et-havane-fleurs\/","url":"https:\/\/lesours-france.com\/boutique\/manteau-goergette-ecossais-et-havane-fleurs\/","name":"manteau Goergette - ecossais et havane fleurs &#8211; Les Ours","isPartOf":{"@id":"https:\/\/lesours-france.com\/en\/#website"},"primaryImageOfPage":{"@id":"https:\/\/lesours-france.com\/boutique\/manteau-goergette-ecossais-et-havane-fleurs\/#primaryimage"},"image":{"@id":"https:\/\/lesours-france.com\/boutique\/manteau-goergette-ecossais-et-havane-fleurs\/#primaryimage"},"thumbnailUrl":"https:\/\/lesours-france.com\/wp-content\/uploads\/bdb203ba-b5fd-449f-a077-462ffb490cf3-1-e1755778827185.jpg","datePublished":"2025-08-21T12:22:07+00:00","description":"Boutique en ligne Les Ours : v\u00eatements de cr\u00e9ateur romantiques, boh\u00e8mes et tr\u00e8s po\u00e9tiques.","breadcrumb":{"@id":"https:\/\/lesours-france.com\/boutique\/manteau-goergette-ecossais-et-havane-fleurs\/#breadcrumb"},"inLanguage":"en-GB","potentialAction":[{"@type":"ReadAction","target":["https:\/\/lesours-france.com\/boutique\/manteau-goergette-ecossais-et-havane-fleurs\/"]}]},{"@type":"ImageObject","inLanguage":"en-GB","@id":"https:\/\/lesours-france.com\/boutique\/manteau-goergette-ecossais-et-havane-fleurs\/#primaryimage","url":"https:\/\/lesours-france.com\/wp-content\/uploads\/bdb203ba-b5fd-449f-a077-462ffb490cf3-1-e1755778827185.jpg","contentUrl":"https:\/\/lesours-france.com\/wp-content\/uploads\/bdb203ba-b5fd-449f-a077-462ffb490cf3-1-e1755778827185.jpg","width":773,"height":1477},{"@type":"BreadcrumbList","@id":"https:\/\/lesours-france.com\/boutique\/manteau-goergette-ecossais-et-havane-fleurs\/#breadcrumb","itemListElement":[{"@type":"ListItem","position":1,"name":"Accueil","item":"https:\/\/lesours-france.com\/"},{"@type":"ListItem","position":2,"name":"Boutique","item":"https:\/\/lesours-france.com\/en\/boutique\/"},{"@type":"ListItem","position":3,"name":"Les pi\u00e8ces uniques","item":"https:\/\/lesours-france.com\/categorie\/les-petites-pieces-uniques\/"},{"@type":"ListItem","position":4,"name":"manteau Goergette &#8211; ecossais et havane fleurs"}]},{"@type":"WebSite","@id":"https:\/\/lesours-france.com\/en\/#website","url":"https:\/\/lesours-france.com\/en\/","name":"Les Ours","description":"Pr\u00eat \u00e0 porter romantique","publisher":{"@id":"https:\/\/lesours-france.com\/en\/#organization"},"potentialAction":[{"@type":"SearchAction","target":{"@type":"EntryPoint","urlTemplate":"https:\/\/lesours-france.com\/en\/?s={search_term_string}"},"query-input":{"@type":"PropertyValueSpecification","valueRequired":true,"valueName":"search_term_string"}}],"inLanguage":"en-GB"},{"@type":"Organization","@id":"https:\/\/lesours-france.com\/en\/#organization","name":"Les Ours","url":"https:\/\/lesours-france.com\/en\/","logo":{"@type":"ImageObject","inLanguage":"en-GB","@id":"https:\/\/lesours-france.com\/en\/#\/schema\/logo\/image\/","url":"https:\/\/lesours-france.com\/wp-content\/uploads\/Logo_LesOurs_1.png","contentUrl":"https:\/\/lesours-france.com\/wp-content\/uploads\/Logo_LesOurs_1.png","width":260,"height":75,"caption":"Les Ours"},"image":{"@id":"https:\/\/lesours-france.com\/en\/#\/schema\/logo\/image\/"},"sameAs":["https:\/\/www.facebook.com\/leshowroomlesours","https:\/\/www.instagram.com\/les.ours.createur"]}]}},"_links":{"self":[{"href":"https:\/\/lesours-france.com\/en\/wp-json\/wp\/v2\/product\/22831","targetHints":{"allow":["GET"]}}],"collection":[{"href":"https:\/\/lesours-france.com\/en\/wp-json\/wp\/v2\/product"}],"about":[{"href":"https:\/\/lesours-france.com\/en\/wp-json\/wp\/v2\/types\/product"}],"wp:featuredmedia":[{"embeddable":true,"href":"https:\/\/lesours-france.com\/en\/wp-json\/wp\/v2\/media\/22814"}],"wp:attachment":[{"href":"https:\/\/lesours-france.com\/en\/wp-json\/wp\/v2\/media?parent=22831"}],"wp:term":[{"taxonomy":"product_brand","embeddable":true,"href":"https:\/\/lesours-france.com\/en\/wp-json\/wp\/v2\/product_brand?post=22831"},{"taxonomy":"product_cat","embeddable":true,"href":"https:\/\/lesours-france.com\/en\/wp-json\/wp\/v2\/product_cat?post=22831"},{"taxonomy":"product_tag","embeddable":true,"href":"https:\/\/lesours-france.com\/en\/wp-json\/wp\/v2\/product_tag?post=22831"}],"curies":[{"name":"wp","href":"https:\/\/api.w.org\/{rel}","templated":true}]}}