{"id":23085,"date":"2026-01-20T08:05:24","date_gmt":"2026-01-20T07:05:24","guid":{"rendered":"https:\/\/lesours-france.com\/?post_type=product&#038;p=23085"},"modified":"2026-04-04T18:09:14","modified_gmt":"2026-04-04T16:09:14","slug":"maniguette-verveine-fleurs","status":"publish","type":"product","link":"https:\/\/lesours-france.com\/en\/boutique\/maniguette-verveine-fleurs\/","title":{"rendered":"MANIGUETTE &#8211; VERVEINE FLEURS"},"content":{"rendered":"<p data-start=\"178\" data-end=\"386\">La robe <strong data-start=\"186\" data-end=\"200\">Maniguette<\/strong> s\u00e9duit par son allure romantique et ses finitions d\u00e9licates. Confectionn\u00e9e en coton imprim\u00e9 fleuri, elle est enti\u00e8rement doubl\u00e9e en voile de coton pour plus de confort et de l\u00e9g\u00e8ret\u00e9. <a href=\"https:\/\/lesours-france.com\/wp-content\/uploads\/MANIGUETTE-VERVEINE-SORA-ECRU-E26-1.jpg\"><img fetchpriority=\"high\" decoding=\"async\" class=\"size-medium wp-image-23095 alignright\" src=\"https:\/\/lesours-france.com\/wp-content\/uploads\/MANIGUETTE-VERVEINE-SORA-ECRU-E26-1-300x200.jpg\" alt=\"\" width=\"300\" height=\"200\" srcset=\"https:\/\/lesours-france.com\/wp-content\/uploads\/MANIGUETTE-VERVEINE-SORA-ECRU-E26-1-300x200.jpg 300w, https:\/\/lesours-france.com\/wp-content\/uploads\/MANIGUETTE-VERVEINE-SORA-ECRU-E26-1-1024x683.jpg 1024w, https:\/\/lesours-france.com\/wp-content\/uploads\/MANIGUETTE-VERVEINE-SORA-ECRU-E26-1-768x512.jpg 768w, https:\/\/lesours-france.com\/wp-content\/uploads\/MANIGUETTE-VERVEINE-SORA-ECRU-E26-1-1536x1024.jpg 1536w, https:\/\/lesours-france.com\/wp-content\/uploads\/MANIGUETTE-VERVEINE-SORA-ECRU-E26-1-18x12.jpg 18w, https:\/\/lesours-france.com\/wp-content\/uploads\/MANIGUETTE-VERVEINE-SORA-ECRU-E26-1-450x300.jpg 450w, https:\/\/lesours-france.com\/wp-content\/uploads\/MANIGUETTE-VERVEINE-SORA-ECRU-E26-1.jpg 1920w\" sizes=\"(max-width: 300px) 100vw, 300px\" \/><\/a><\/p>\n<ul data-start=\"388\" data-end=\"739\">\n<li data-start=\"388\" data-end=\"447\">\n<p data-start=\"390\" data-end=\"447\"><strong data-start=\"390\" data-end=\"401\">Mati\u00e8re<\/strong> : coton imprim\u00e9, doublure en voile de coton<\/p>\n<\/li>\n<li data-start=\"448\" data-end=\"493\">\n<p data-start=\"450\" data-end=\"493\"><strong data-start=\"450\" data-end=\"459\">Coupe<\/strong> : longue, fluide et confortable<\/p>\n<\/li>\n<li data-start=\"494\" data-end=\"541\">\n<p data-start=\"496\" data-end=\"541\"><strong data-start=\"496\" data-end=\"507\">Manches<\/strong> : longues avec poignets smock\u00e9s<\/p>\n<\/li>\n<li data-start=\"542\" data-end=\"595\">\n<p data-start=\"544\" data-end=\"595\"><strong data-start=\"544\" data-end=\"551\">Col<\/strong> : demi-col orn\u00e9 de trois volants d\u00e9licats<\/p>\n<\/li>\n<li data-start=\"596\" data-end=\"652\">\n<p data-start=\"598\" data-end=\"652\"><strong data-start=\"598\" data-end=\"611\">Fermeture<\/strong> : dos boutonn\u00e9 avec 4 boutons en nacre<\/p>\n<\/li>\n<li data-start=\"653\" data-end=\"739\">\n<p data-start=\"655\" data-end=\"739\"><strong data-start=\"655\" data-end=\"666\">D\u00e9tails<\/strong> : empi\u00e8cements en dentelle de coton, deux poches int\u00e9rieures discr\u00e8tes<\/p>\n<\/li>\n<\/ul>\n<p data-start=\"741\" data-end=\"819\">Une robe au charme po\u00e9tique, parfaite pour une allure douce et intemporelle.<\/p>","protected":false},"excerpt":{"rendered":"<p>La robe Maniguette s\u00e9duit par son allure romantique et ses finitions d\u00e9licates. Confectionn\u00e9e en coton imprim\u00e9 fleuri, elle est enti\u00e8rement doubl\u00e9e en voile de coton pour plus de confort et de l\u00e9g\u00e8ret\u00e9. Mati\u00e8re : coton imprim\u00e9, doublure en voile de coton Coupe : longue, fluide et confortable Manches : longues avec poignets smock\u00e9s Col : [&hellip;]<\/p>\n","protected":false},"featured_media":23086,"template":"","meta":{"ocean_post_layout":"","ocean_both_sidebars_style":"","ocean_both_sidebars_content_width":0,"ocean_both_sidebars_sidebars_width":0,"ocean_sidebar":"0","ocean_second_sidebar":"0","ocean_disable_margins":"enable","ocean_add_body_class":"","ocean_shortcode_before_top_bar":"","ocean_shortcode_after_top_bar":"","ocean_shortcode_before_header":"","ocean_shortcode_after_header":"","ocean_has_shortcode":"","ocean_shortcode_after_title":"","ocean_shortcode_before_footer_widgets":"","ocean_shortcode_after_footer_widgets":"","ocean_shortcode_before_footer_bottom":"","ocean_shortcode_after_footer_bottom":"","ocean_display_top_bar":"default","ocean_display_header":"default","ocean_header_style":"","ocean_center_header_left_menu":"0","ocean_custom_header_template":"0","ocean_custom_logo":0,"ocean_custom_retina_logo":0,"ocean_custom_logo_max_width":0,"ocean_custom_logo_tablet_max_width":0,"ocean_custom_logo_mobile_max_width":0,"ocean_custom_logo_max_height":0,"ocean_custom_logo_tablet_max_height":0,"ocean_custom_logo_mobile_max_height":0,"ocean_header_custom_menu":"0","ocean_menu_typo_font_family":"0","ocean_menu_typo_font_subset":"","ocean_menu_typo_font_size":0,"ocean_menu_typo_font_size_tablet":0,"ocean_menu_typo_font_size_mobile":0,"ocean_menu_typo_font_size_unit":"px","ocean_menu_typo_font_weight":"","ocean_menu_typo_font_weight_tablet":"","ocean_menu_typo_font_weight_mobile":"","ocean_menu_typo_transform":"","ocean_menu_typo_transform_tablet":"","ocean_menu_typo_transform_mobile":"","ocean_menu_typo_line_height":0,"ocean_menu_typo_line_height_tablet":0,"ocean_menu_typo_line_height_mobile":0,"ocean_menu_typo_line_height_unit":"","ocean_menu_typo_spacing":0,"ocean_menu_typo_spacing_tablet":0,"ocean_menu_typo_spacing_mobile":0,"ocean_menu_typo_spacing_unit":"","ocean_menu_link_color":"","ocean_menu_link_color_hover":"","ocean_menu_link_color_active":"","ocean_menu_link_background":"","ocean_menu_link_hover_background":"","ocean_menu_link_active_background":"","ocean_menu_social_links_bg":"","ocean_menu_social_hover_links_bg":"","ocean_menu_social_links_color":"","ocean_menu_social_hover_links_color":"","ocean_disable_title":"default","ocean_disable_heading":"default","ocean_post_title":"","ocean_post_subheading":"","ocean_post_title_style":"","ocean_post_title_background_color":"","ocean_post_title_background":0,"ocean_post_title_bg_image_position":"","ocean_post_title_bg_image_attachment":"","ocean_post_title_bg_image_repeat":"","ocean_post_title_bg_image_size":"","ocean_post_title_height":0,"ocean_post_title_bg_overlay":0.5,"ocean_post_title_bg_overlay_color":"","ocean_disable_breadcrumbs":"default","ocean_breadcrumbs_color":"","ocean_breadcrumbs_separator_color":"","ocean_breadcrumbs_links_color":"","ocean_breadcrumbs_links_hover_color":"","ocean_display_footer_widgets":"default","ocean_display_footer_bottom":"default","ocean_custom_footer_template":"0","osh_disable_topbar_sticky":"default","osh_disable_header_sticky":"default","osh_sticky_header_style":"default","osh_sticky_header_effect":"","osh_custom_sticky_logo":0,"osh_custom_retina_sticky_logo":0,"osh_custom_sticky_logo_height":0,"osh_background_color":"","osh_links_color":"","osh_links_hover_color":"","osh_links_active_color":"","osh_links_bg_color":"","osh_links_hover_bg_color":"","osh_links_active_bg_color":"","osh_menu_social_links_color":"","osh_menu_social_hover_links_color":""},"product_brand":[],"product_cat":[541,542],"product_tag":[],"class_list":{"0":"post-23085","1":"product","2":"type-product","3":"status-publish","4":"has-post-thumbnail","6":"product_cat-collection-ete-2026","7":"product_cat-robes","8":"pa_couleur-verveine-fleurs","9":"pa_taille-l","10":"pa_taille-m","11":"pa_taille-s","12":"pa_taille-xl","13":"pa_taille-xxl","15":"entry","16":"has-media","18":"first","19":"instock","20":"taxable","21":"shipping-taxable","22":"purchasable","23":"product-type-variable","24":"has-product-nav","25":"col","26":"span_1_of_4","27":"owp-content-center","28":"item-entry","29":"owp-thumbs-layout-horizontal","30":"owp-btn-normal","31":"owp-tabs-layout-vertical"},"yoast_head":"<!-- This site is optimized with the Yoast SEO plugin v27.2 - https:\/\/yoast.com\/product\/yoast-seo-wordpress\/ -->\n<title>MANIGUETTE - VERVEINE FLEURS &#8211; Les Ours<\/title>\n<meta name=\"description\" content=\"Boutique en ligne Les Ours : v\u00eatements de cr\u00e9ateur romantiques, boh\u00e8mes et tr\u00e8s po\u00e9tiques.\" \/>\n<meta name=\"robots\" content=\"index, follow, max-snippet:-1, max-image-preview:large, max-video-preview:-1\" \/>\n<link rel=\"canonical\" href=\"https:\/\/lesours-france.com\/en\/boutique\/maniguette-verveine-fleurs\/\" \/>\n<meta property=\"og:locale\" content=\"en_GB\" \/>\n<meta property=\"og:type\" content=\"article\" \/>\n<meta property=\"og:title\" content=\"MANIGUETTE - VERVEINE FLEURS &#8211; Les Ours\" \/>\n<meta property=\"og:description\" content=\"Boutique en ligne Les Ours : v\u00eatements de cr\u00e9ateur romantiques, boh\u00e8mes et tr\u00e8s po\u00e9tiques.\" \/>\n<meta property=\"og:url\" content=\"https:\/\/lesours-france.com\/en\/boutique\/maniguette-verveine-fleurs\/\" \/>\n<meta property=\"og:site_name\" content=\"Les Ours\" \/>\n<meta property=\"article:publisher\" content=\"https:\/\/www.facebook.com\/leshowroomlesours\" \/>\n<meta property=\"article:modified_time\" content=\"2026-04-04T16:09:14+00:00\" \/>\n<meta property=\"og:image\" content=\"https:\/\/lesours-france.com\/wp-content\/uploads\/MANIGUETTE-E26-FLEURS-VERVEINE--scaled.jpg\" \/>\n\t<meta property=\"og:image:width\" content=\"1810\" \/>\n\t<meta property=\"og:image:height\" content=\"2560\" \/>\n\t<meta property=\"og:image:type\" content=\"image\/jpeg\" \/>\n<meta name=\"twitter:card\" content=\"summary_large_image\" \/>\n<script type=\"application\/ld+json\" class=\"yoast-schema-graph\">{\"@context\":\"https:\/\/schema.org\",\"@graph\":[{\"@type\":\"WebPage\",\"@id\":\"https:\/\/lesours-france.com\/boutique\/maniguette-verveine-fleurs\/\",\"url\":\"https:\/\/lesours-france.com\/boutique\/maniguette-verveine-fleurs\/\",\"name\":\"MANIGUETTE - VERVEINE FLEURS &#8211; Les Ours\",\"isPartOf\":{\"@id\":\"https:\/\/lesours-france.com\/en\/#website\"},\"primaryImageOfPage\":{\"@id\":\"https:\/\/lesours-france.com\/boutique\/maniguette-verveine-fleurs\/#primaryimage\"},\"image\":{\"@id\":\"https:\/\/lesours-france.com\/boutique\/maniguette-verveine-fleurs\/#primaryimage\"},\"thumbnailUrl\":\"https:\/\/lesours-france.com\/wp-content\/uploads\/MANIGUETTE-E26-FLEURS-VERVEINE--scaled.jpg\",\"datePublished\":\"2026-01-20T07:05:24+00:00\",\"dateModified\":\"2026-04-04T16:09:14+00:00\",\"description\":\"Boutique en ligne Les Ours : v\u00eatements de cr\u00e9ateur romantiques, boh\u00e8mes et tr\u00e8s po\u00e9tiques.\",\"breadcrumb\":{\"@id\":\"https:\/\/lesours-france.com\/boutique\/maniguette-verveine-fleurs\/#breadcrumb\"},\"inLanguage\":\"en-GB\",\"potentialAction\":[{\"@type\":\"ReadAction\",\"target\":[\"https:\/\/lesours-france.com\/boutique\/maniguette-verveine-fleurs\/\"]}]},{\"@type\":\"ImageObject\",\"inLanguage\":\"en-GB\",\"@id\":\"https:\/\/lesours-france.com\/boutique\/maniguette-verveine-fleurs\/#primaryimage\",\"url\":\"https:\/\/lesours-france.com\/wp-content\/uploads\/MANIGUETTE-E26-FLEURS-VERVEINE--scaled.jpg\",\"contentUrl\":\"https:\/\/lesours-france.com\/wp-content\/uploads\/MANIGUETTE-E26-FLEURS-VERVEINE--scaled.jpg\",\"width\":1810,\"height\":2560},{\"@type\":\"BreadcrumbList\",\"@id\":\"https:\/\/lesours-france.com\/boutique\/maniguette-verveine-fleurs\/#breadcrumb\",\"itemListElement\":[{\"@type\":\"ListItem\",\"position\":1,\"name\":\"Accueil\",\"item\":\"https:\/\/lesours-france.com\/\"},{\"@type\":\"ListItem\",\"position\":2,\"name\":\"Boutique\",\"item\":\"https:\/\/lesours-france.com\/en\/boutique\/\"},{\"@type\":\"ListItem\",\"position\":3,\"name\":\"Collection \u00e9t\u00e9 2026\",\"item\":\"https:\/\/lesours-france.com\/categorie\/collection-ete-2026\/\"},{\"@type\":\"ListItem\",\"position\":4,\"name\":\"MANIGUETTE &#8211; VERVEINE FLEURS\"}]},{\"@type\":\"WebSite\",\"@id\":\"https:\/\/lesours-france.com\/en\/#website\",\"url\":\"https:\/\/lesours-france.com\/en\/\",\"name\":\"Les Ours\",\"description\":\"Pr\u00eat \u00e0 porter romantique\",\"publisher\":{\"@id\":\"https:\/\/lesours-france.com\/en\/#organization\"},\"potentialAction\":[{\"@type\":\"SearchAction\",\"target\":{\"@type\":\"EntryPoint\",\"urlTemplate\":\"https:\/\/lesours-france.com\/en\/?s={search_term_string}\"},\"query-input\":{\"@type\":\"PropertyValueSpecification\",\"valueRequired\":true,\"valueName\":\"search_term_string\"}}],\"inLanguage\":\"en-GB\"},{\"@type\":\"Organization\",\"@id\":\"https:\/\/lesours-france.com\/en\/#organization\",\"name\":\"Les Ours\",\"url\":\"https:\/\/lesours-france.com\/en\/\",\"logo\":{\"@type\":\"ImageObject\",\"inLanguage\":\"en-GB\",\"@id\":\"https:\/\/lesours-france.com\/en\/#\/schema\/logo\/image\/\",\"url\":\"https:\/\/lesours-france.com\/wp-content\/uploads\/Logo_LesOurs_1.png\",\"contentUrl\":\"https:\/\/lesours-france.com\/wp-content\/uploads\/Logo_LesOurs_1.png\",\"width\":260,\"height\":75,\"caption\":\"Les Ours\"},\"image\":{\"@id\":\"https:\/\/lesours-france.com\/en\/#\/schema\/logo\/image\/\"},\"sameAs\":[\"https:\/\/www.facebook.com\/leshowroomlesours\",\"https:\/\/www.instagram.com\/les.ours.createur\"]}]}<\/script>\n<!-- \/ Yoast SEO plugin. -->","yoast_head_json":{"title":"MANIGUETTE - VERVEINE FLEURS &#8211; Les Ours","description":"Boutique en ligne Les Ours : v\u00eatements de cr\u00e9ateur romantiques, boh\u00e8mes et tr\u00e8s po\u00e9tiques.","robots":{"index":"index","follow":"follow","max-snippet":"max-snippet:-1","max-image-preview":"max-image-preview:large","max-video-preview":"max-video-preview:-1"},"canonical":"https:\/\/lesours-france.com\/en\/boutique\/maniguette-verveine-fleurs\/","og_locale":"en_GB","og_type":"article","og_title":"MANIGUETTE - VERVEINE FLEURS &#8211; Les Ours","og_description":"Boutique en ligne Les Ours : v\u00eatements de cr\u00e9ateur romantiques, boh\u00e8mes et tr\u00e8s po\u00e9tiques.","og_url":"https:\/\/lesours-france.com\/en\/boutique\/maniguette-verveine-fleurs\/","og_site_name":"Les Ours","article_publisher":"https:\/\/www.facebook.com\/leshowroomlesours","article_modified_time":"2026-04-04T16:09:14+00:00","og_image":[{"width":1810,"height":2560,"url":"https:\/\/lesours-france.com\/wp-content\/uploads\/MANIGUETTE-E26-FLEURS-VERVEINE--scaled.jpg","type":"image\/jpeg"}],"twitter_card":"summary_large_image","schema":{"@context":"https:\/\/schema.org","@graph":[{"@type":"WebPage","@id":"https:\/\/lesours-france.com\/boutique\/maniguette-verveine-fleurs\/","url":"https:\/\/lesours-france.com\/boutique\/maniguette-verveine-fleurs\/","name":"MANIGUETTE - VERVEINE FLEURS &#8211; Les Ours","isPartOf":{"@id":"https:\/\/lesours-france.com\/en\/#website"},"primaryImageOfPage":{"@id":"https:\/\/lesours-france.com\/boutique\/maniguette-verveine-fleurs\/#primaryimage"},"image":{"@id":"https:\/\/lesours-france.com\/boutique\/maniguette-verveine-fleurs\/#primaryimage"},"thumbnailUrl":"https:\/\/lesours-france.com\/wp-content\/uploads\/MANIGUETTE-E26-FLEURS-VERVEINE--scaled.jpg","datePublished":"2026-01-20T07:05:24+00:00","dateModified":"2026-04-04T16:09:14+00:00","description":"Boutique en ligne Les Ours : v\u00eatements de cr\u00e9ateur romantiques, boh\u00e8mes et tr\u00e8s po\u00e9tiques.","breadcrumb":{"@id":"https:\/\/lesours-france.com\/boutique\/maniguette-verveine-fleurs\/#breadcrumb"},"inLanguage":"en-GB","potentialAction":[{"@type":"ReadAction","target":["https:\/\/lesours-france.com\/boutique\/maniguette-verveine-fleurs\/"]}]},{"@type":"ImageObject","inLanguage":"en-GB","@id":"https:\/\/lesours-france.com\/boutique\/maniguette-verveine-fleurs\/#primaryimage","url":"https:\/\/lesours-france.com\/wp-content\/uploads\/MANIGUETTE-E26-FLEURS-VERVEINE--scaled.jpg","contentUrl":"https:\/\/lesours-france.com\/wp-content\/uploads\/MANIGUETTE-E26-FLEURS-VERVEINE--scaled.jpg","width":1810,"height":2560},{"@type":"BreadcrumbList","@id":"https:\/\/lesours-france.com\/boutique\/maniguette-verveine-fleurs\/#breadcrumb","itemListElement":[{"@type":"ListItem","position":1,"name":"Accueil","item":"https:\/\/lesours-france.com\/"},{"@type":"ListItem","position":2,"name":"Boutique","item":"https:\/\/lesours-france.com\/en\/boutique\/"},{"@type":"ListItem","position":3,"name":"Collection \u00e9t\u00e9 2026","item":"https:\/\/lesours-france.com\/categorie\/collection-ete-2026\/"},{"@type":"ListItem","position":4,"name":"MANIGUETTE &#8211; VERVEINE FLEURS"}]},{"@type":"WebSite","@id":"https:\/\/lesours-france.com\/en\/#website","url":"https:\/\/lesours-france.com\/en\/","name":"Les Ours","description":"Pr\u00eat \u00e0 porter romantique","publisher":{"@id":"https:\/\/lesours-france.com\/en\/#organization"},"potentialAction":[{"@type":"SearchAction","target":{"@type":"EntryPoint","urlTemplate":"https:\/\/lesours-france.com\/en\/?s={search_term_string}"},"query-input":{"@type":"PropertyValueSpecification","valueRequired":true,"valueName":"search_term_string"}}],"inLanguage":"en-GB"},{"@type":"Organization","@id":"https:\/\/lesours-france.com\/en\/#organization","name":"Les Ours","url":"https:\/\/lesours-france.com\/en\/","logo":{"@type":"ImageObject","inLanguage":"en-GB","@id":"https:\/\/lesours-france.com\/en\/#\/schema\/logo\/image\/","url":"https:\/\/lesours-france.com\/wp-content\/uploads\/Logo_LesOurs_1.png","contentUrl":"https:\/\/lesours-france.com\/wp-content\/uploads\/Logo_LesOurs_1.png","width":260,"height":75,"caption":"Les Ours"},"image":{"@id":"https:\/\/lesours-france.com\/en\/#\/schema\/logo\/image\/"},"sameAs":["https:\/\/www.facebook.com\/leshowroomlesours","https:\/\/www.instagram.com\/les.ours.createur"]}]}},"_links":{"self":[{"href":"https:\/\/lesours-france.com\/en\/wp-json\/wp\/v2\/product\/23085","targetHints":{"allow":["GET"]}}],"collection":[{"href":"https:\/\/lesours-france.com\/en\/wp-json\/wp\/v2\/product"}],"about":[{"href":"https:\/\/lesours-france.com\/en\/wp-json\/wp\/v2\/types\/product"}],"wp:featuredmedia":[{"embeddable":true,"href":"https:\/\/lesours-france.com\/en\/wp-json\/wp\/v2\/media\/23086"}],"wp:attachment":[{"href":"https:\/\/lesours-france.com\/en\/wp-json\/wp\/v2\/media?parent=23085"}],"wp:term":[{"taxonomy":"product_brand","embeddable":true,"href":"https:\/\/lesours-france.com\/en\/wp-json\/wp\/v2\/product_brand?post=23085"},{"taxonomy":"product_cat","embeddable":true,"href":"https:\/\/lesours-france.com\/en\/wp-json\/wp\/v2\/product_cat?post=23085"},{"taxonomy":"product_tag","embeddable":true,"href":"https:\/\/lesours-france.com\/en\/wp-json\/wp\/v2\/product_tag?post=23085"}],"curies":[{"name":"wp","href":"https:\/\/api.w.org\/{rel}","templated":true}]}}