{"id":23157,"date":"2026-01-07T08:29:20","date_gmt":"2026-01-07T07:29:20","guid":{"rendered":"https:\/\/lesours-france.com\/?post_type=product&#038;p=23157"},"modified":"2026-02-22T18:18:38","modified_gmt":"2026-02-22T17:18:38","slug":"lorea-velours-cotele-bois-de-rose","status":"publish","type":"product","link":"https:\/\/lesours-france.com\/en\/boutique\/lorea-velours-cotele-bois-de-rose\/","title":{"rendered":"LOREA &#8211; VELOURS COTEL\u00c9 BOIS DE ROSE"},"content":{"rendered":"<p data-start=\"156\" data-end=\"392\">Le pantalon <strong data-start=\"168\" data-end=\"177\">Lorea<\/strong> joue sur les mati\u00e8res et les volumes pour une allure originale et confortable. Confectionn\u00e9 en <strong data-start=\"273\" data-end=\"288\">velours de coton<\/strong>, il est sublim\u00e9 par <strong data-start=\"309\" data-end=\"343\">quatre pans en coton cognac fleurs <\/strong>qui cr\u00e9ent un \u00e9l\u00e9gant effet de superpositions.<\/p>\n<ul data-start=\"394\" data-end=\"649\">\n<li data-start=\"394\" data-end=\"443\">\n<p data-start=\"396\" data-end=\"443\"><strong data-start=\"396\" data-end=\"408\">Mati\u00e8res<\/strong> : 100 % coton<\/p>\n<\/li>\n<li data-start=\"394\" data-end=\"443\">\n<p data-start=\"396\" data-end=\"443\"><strong data-start=\"446\" data-end=\"456\">Size<\/strong> : ceinture \u00e9lastiqu\u00e9e pour plus de confort<\/p>\n<\/li>\n<li data-start=\"502\" data-end=\"556\">\n<p data-start=\"504\" data-end=\"556\"><strong data-start=\"504\" data-end=\"513\">Coupe<\/strong> : ample et fluide, au style contemporain<\/p>\n<\/li>\n<li data-start=\"557\" data-end=\"649\">\n<p data-start=\"559\" data-end=\"649\"><strong data-start=\"559\" data-end=\"570\">D\u00e9tails<\/strong> : quatre pans en coton contrast\u00e9 pour un jeu de volumes et de superpositions<\/p>\n<\/li>\n<\/ul>\n<p data-start=\"651\" data-end=\"763\">Un pantalon \u00e0 l\u2019allure boh\u00e8me et moderne, id\u00e9al pour composer des tenues \u00e0 la fois d\u00e9contract\u00e9es et raffin\u00e9es.<\/p>","protected":false},"excerpt":{"rendered":"<p>Le pantalon Lorea joue sur les mati\u00e8res et les volumes pour une allure originale et confortable. Confectionn\u00e9 en velours de coton, il est sublim\u00e9 par quatre pans en coton cognac fleurs qui cr\u00e9ent un \u00e9l\u00e9gant effet de superpositions. Mati\u00e8res : 100 % coton Taille : ceinture \u00e9lastiqu\u00e9e pour plus de confort Coupe : ample et [&hellip;]<\/p>\n","protected":false},"featured_media":23164,"template":"","meta":{"ocean_post_layout":"","ocean_both_sidebars_style":"","ocean_both_sidebars_content_width":0,"ocean_both_sidebars_sidebars_width":0,"ocean_sidebar":"0","ocean_second_sidebar":"0","ocean_disable_margins":"enable","ocean_add_body_class":"","ocean_shortcode_before_top_bar":"","ocean_shortcode_after_top_bar":"","ocean_shortcode_before_header":"","ocean_shortcode_after_header":"","ocean_has_shortcode":"","ocean_shortcode_after_title":"","ocean_shortcode_before_footer_widgets":"","ocean_shortcode_after_footer_widgets":"","ocean_shortcode_before_footer_bottom":"","ocean_shortcode_after_footer_bottom":"","ocean_display_top_bar":"default","ocean_display_header":"default","ocean_header_style":"","ocean_center_header_left_menu":"0","ocean_custom_header_template":"0","ocean_custom_logo":0,"ocean_custom_retina_logo":0,"ocean_custom_logo_max_width":0,"ocean_custom_logo_tablet_max_width":0,"ocean_custom_logo_mobile_max_width":0,"ocean_custom_logo_max_height":0,"ocean_custom_logo_tablet_max_height":0,"ocean_custom_logo_mobile_max_height":0,"ocean_header_custom_menu":"0","ocean_menu_typo_font_family":"0","ocean_menu_typo_font_subset":"","ocean_menu_typo_font_size":0,"ocean_menu_typo_font_size_tablet":0,"ocean_menu_typo_font_size_mobile":0,"ocean_menu_typo_font_size_unit":"px","ocean_menu_typo_font_weight":"","ocean_menu_typo_font_weight_tablet":"","ocean_menu_typo_font_weight_mobile":"","ocean_menu_typo_transform":"","ocean_menu_typo_transform_tablet":"","ocean_menu_typo_transform_mobile":"","ocean_menu_typo_line_height":0,"ocean_menu_typo_line_height_tablet":0,"ocean_menu_typo_line_height_mobile":0,"ocean_menu_typo_line_height_unit":"","ocean_menu_typo_spacing":0,"ocean_menu_typo_spacing_tablet":0,"ocean_menu_typo_spacing_mobile":0,"ocean_menu_typo_spacing_unit":"","ocean_menu_link_color":"","ocean_menu_link_color_hover":"","ocean_menu_link_color_active":"","ocean_menu_link_background":"","ocean_menu_link_hover_background":"","ocean_menu_link_active_background":"","ocean_menu_social_links_bg":"","ocean_menu_social_hover_links_bg":"","ocean_menu_social_links_color":"","ocean_menu_social_hover_links_color":"","ocean_disable_title":"default","ocean_disable_heading":"default","ocean_post_title":"","ocean_post_subheading":"","ocean_post_title_style":"","ocean_post_title_background_color":"","ocean_post_title_background":0,"ocean_post_title_bg_image_position":"","ocean_post_title_bg_image_attachment":"","ocean_post_title_bg_image_repeat":"","ocean_post_title_bg_image_size":"","ocean_post_title_height":0,"ocean_post_title_bg_overlay":0.5,"ocean_post_title_bg_overlay_color":"","ocean_disable_breadcrumbs":"default","ocean_breadcrumbs_color":"","ocean_breadcrumbs_separator_color":"","ocean_breadcrumbs_links_color":"","ocean_breadcrumbs_links_hover_color":"","ocean_display_footer_widgets":"default","ocean_display_footer_bottom":"default","ocean_custom_footer_template":"0","osh_disable_topbar_sticky":"default","osh_disable_header_sticky":"default","osh_sticky_header_style":"default","osh_sticky_header_effect":"","osh_custom_sticky_logo":0,"osh_custom_retina_sticky_logo":0,"osh_custom_sticky_logo_height":0,"osh_background_color":"","osh_links_color":"","osh_links_hover_color":"","osh_links_active_color":"","osh_links_bg_color":"","osh_links_hover_bg_color":"","osh_links_active_bg_color":"","osh_menu_social_links_color":"","osh_menu_social_hover_links_color":""},"product_brand":[],"product_cat":[38,39],"product_tag":[],"class_list":{"0":"post-23157","1":"product","2":"type-product","3":"status-publish","4":"has-post-thumbnail","6":"product_cat-anciennes-collections-hiver","7":"product_cat-pantalons-salopettes","8":"pa_couleur-ecossais","9":"pa_couleur-gros-velours-cotele-bois-de-rose","10":"pa_taille-l","11":"pa_taille-m","12":"pa_taille-s","13":"pa_taille-xl","15":"entry","16":"has-media","18":"first","19":"instock","20":"sale","21":"taxable","22":"shipping-taxable","23":"purchasable","24":"product-type-variable","25":"has-product-nav","26":"col","27":"span_1_of_4","28":"owp-content-center","29":"item-entry","30":"owp-thumbs-layout-horizontal","31":"owp-btn-normal","32":"owp-tabs-layout-vertical"},"yoast_head":"<!-- This site is optimized with the Yoast SEO plugin v27.2 - https:\/\/yoast.com\/product\/yoast-seo-wordpress\/ -->\n<title>LOREA - VELOURS COTEL\u00c9 BOIS DE ROSE &#8211; Les Ours<\/title>\n<meta name=\"description\" content=\"Boutique en ligne Les Ours : v\u00eatements de cr\u00e9ateur romantiques, boh\u00e8mes et tr\u00e8s po\u00e9tiques.\" \/>\n<meta name=\"robots\" content=\"index, follow, max-snippet:-1, max-image-preview:large, max-video-preview:-1\" \/>\n<link rel=\"canonical\" href=\"https:\/\/lesours-france.com\/en\/boutique\/lorea-velours-cotele-bois-de-rose\/\" \/>\n<meta property=\"og:locale\" content=\"en_GB\" \/>\n<meta property=\"og:type\" content=\"article\" \/>\n<meta property=\"og:title\" content=\"LOREA - VELOURS COTEL\u00c9 BOIS DE ROSE &#8211; Les Ours\" \/>\n<meta property=\"og:description\" content=\"Boutique en ligne Les Ours : v\u00eatements de cr\u00e9ateur romantiques, boh\u00e8mes et tr\u00e8s po\u00e9tiques.\" \/>\n<meta property=\"og:url\" content=\"https:\/\/lesours-france.com\/en\/boutique\/lorea-velours-cotele-bois-de-rose\/\" \/>\n<meta property=\"og:site_name\" content=\"Les Ours\" \/>\n<meta property=\"article:publisher\" content=\"https:\/\/www.facebook.com\/leshowroomlesours\" \/>\n<meta property=\"article:modified_time\" content=\"2026-02-22T17:18:38+00:00\" \/>\n<meta property=\"og:image\" content=\"https:\/\/lesours-france.com\/wp-content\/uploads\/LOREA-VELOURS-COTELE-BDR.jpg\" \/>\n\t<meta property=\"og:image:width\" content=\"1140\" \/>\n\t<meta property=\"og:image:height\" content=\"1592\" \/>\n\t<meta property=\"og:image:type\" content=\"image\/jpeg\" \/>\n<meta name=\"twitter:card\" content=\"summary_large_image\" \/>\n<script type=\"application\/ld+json\" class=\"yoast-schema-graph\">{\"@context\":\"https:\/\/schema.org\",\"@graph\":[{\"@type\":\"WebPage\",\"@id\":\"https:\/\/lesours-france.com\/boutique\/lorea-velours-cotele-bois-de-rose\/\",\"url\":\"https:\/\/lesours-france.com\/boutique\/lorea-velours-cotele-bois-de-rose\/\",\"name\":\"LOREA - VELOURS COTEL\u00c9 BOIS DE ROSE &#8211; Les Ours\",\"isPartOf\":{\"@id\":\"https:\/\/lesours-france.com\/en\/#website\"},\"primaryImageOfPage\":{\"@id\":\"https:\/\/lesours-france.com\/boutique\/lorea-velours-cotele-bois-de-rose\/#primaryimage\"},\"image\":{\"@id\":\"https:\/\/lesours-france.com\/boutique\/lorea-velours-cotele-bois-de-rose\/#primaryimage\"},\"thumbnailUrl\":\"https:\/\/lesours-france.com\/wp-content\/uploads\/LOREA-VELOURS-COTELE-BDR.jpg\",\"datePublished\":\"2026-01-07T07:29:20+00:00\",\"dateModified\":\"2026-02-22T17:18:38+00:00\",\"description\":\"Boutique en ligne Les Ours : v\u00eatements de cr\u00e9ateur romantiques, boh\u00e8mes et tr\u00e8s po\u00e9tiques.\",\"breadcrumb\":{\"@id\":\"https:\/\/lesours-france.com\/boutique\/lorea-velours-cotele-bois-de-rose\/#breadcrumb\"},\"inLanguage\":\"en-GB\",\"potentialAction\":[{\"@type\":\"ReadAction\",\"target\":[\"https:\/\/lesours-france.com\/boutique\/lorea-velours-cotele-bois-de-rose\/\"]}]},{\"@type\":\"ImageObject\",\"inLanguage\":\"en-GB\",\"@id\":\"https:\/\/lesours-france.com\/boutique\/lorea-velours-cotele-bois-de-rose\/#primaryimage\",\"url\":\"https:\/\/lesours-france.com\/wp-content\/uploads\/LOREA-VELOURS-COTELE-BDR.jpg\",\"contentUrl\":\"https:\/\/lesours-france.com\/wp-content\/uploads\/LOREA-VELOURS-COTELE-BDR.jpg\",\"width\":1140,\"height\":1592},{\"@type\":\"BreadcrumbList\",\"@id\":\"https:\/\/lesours-france.com\/boutique\/lorea-velours-cotele-bois-de-rose\/#breadcrumb\",\"itemListElement\":[{\"@type\":\"ListItem\",\"position\":1,\"name\":\"Accueil\",\"item\":\"https:\/\/lesours-france.com\/\"},{\"@type\":\"ListItem\",\"position\":2,\"name\":\"Boutique\",\"item\":\"https:\/\/lesours-france.com\/en\/boutique\/\"},{\"@type\":\"ListItem\",\"position\":3,\"name\":\"Anciennes collections Hiver\",\"item\":\"https:\/\/lesours-france.com\/categorie\/anciennes-collections-hiver\/\"},{\"@type\":\"ListItem\",\"position\":4,\"name\":\"PANTALONS ET SALOPETTES\",\"item\":\"https:\/\/lesours-france.com\/categorie\/anciennes-collections-hiver\/pantalons-salopettes\/\"},{\"@type\":\"ListItem\",\"position\":5,\"name\":\"LOREA &#8211; VELOURS COTEL\u00c9 BOIS DE ROSE\"}]},{\"@type\":\"WebSite\",\"@id\":\"https:\/\/lesours-france.com\/en\/#website\",\"url\":\"https:\/\/lesours-france.com\/en\/\",\"name\":\"Les Ours\",\"description\":\"Pr\u00eat \u00e0 porter romantique\",\"publisher\":{\"@id\":\"https:\/\/lesours-france.com\/en\/#organization\"},\"potentialAction\":[{\"@type\":\"SearchAction\",\"target\":{\"@type\":\"EntryPoint\",\"urlTemplate\":\"https:\/\/lesours-france.com\/en\/?s={search_term_string}\"},\"query-input\":{\"@type\":\"PropertyValueSpecification\",\"valueRequired\":true,\"valueName\":\"search_term_string\"}}],\"inLanguage\":\"en-GB\"},{\"@type\":\"Organization\",\"@id\":\"https:\/\/lesours-france.com\/en\/#organization\",\"name\":\"Les Ours\",\"url\":\"https:\/\/lesours-france.com\/en\/\",\"logo\":{\"@type\":\"ImageObject\",\"inLanguage\":\"en-GB\",\"@id\":\"https:\/\/lesours-france.com\/en\/#\/schema\/logo\/image\/\",\"url\":\"https:\/\/lesours-france.com\/wp-content\/uploads\/Logo_LesOurs_1.png\",\"contentUrl\":\"https:\/\/lesours-france.com\/wp-content\/uploads\/Logo_LesOurs_1.png\",\"width\":260,\"height\":75,\"caption\":\"Les Ours\"},\"image\":{\"@id\":\"https:\/\/lesours-france.com\/en\/#\/schema\/logo\/image\/\"},\"sameAs\":[\"https:\/\/www.facebook.com\/leshowroomlesours\",\"https:\/\/www.instagram.com\/les.ours.createur\"]}]}<\/script>\n<!-- \/ Yoast SEO plugin. -->","yoast_head_json":{"title":"LOREA - VELOURS COTEL\u00c9 BOIS DE ROSE &#8211; Les Ours","description":"Boutique en ligne Les Ours : v\u00eatements de cr\u00e9ateur romantiques, boh\u00e8mes et tr\u00e8s po\u00e9tiques.","robots":{"index":"index","follow":"follow","max-snippet":"max-snippet:-1","max-image-preview":"max-image-preview:large","max-video-preview":"max-video-preview:-1"},"canonical":"https:\/\/lesours-france.com\/en\/boutique\/lorea-velours-cotele-bois-de-rose\/","og_locale":"en_GB","og_type":"article","og_title":"LOREA - VELOURS COTEL\u00c9 BOIS DE ROSE &#8211; Les Ours","og_description":"Boutique en ligne Les Ours : v\u00eatements de cr\u00e9ateur romantiques, boh\u00e8mes et tr\u00e8s po\u00e9tiques.","og_url":"https:\/\/lesours-france.com\/en\/boutique\/lorea-velours-cotele-bois-de-rose\/","og_site_name":"Les Ours","article_publisher":"https:\/\/www.facebook.com\/leshowroomlesours","article_modified_time":"2026-02-22T17:18:38+00:00","og_image":[{"width":1140,"height":1592,"url":"https:\/\/lesours-france.com\/wp-content\/uploads\/LOREA-VELOURS-COTELE-BDR.jpg","type":"image\/jpeg"}],"twitter_card":"summary_large_image","schema":{"@context":"https:\/\/schema.org","@graph":[{"@type":"WebPage","@id":"https:\/\/lesours-france.com\/boutique\/lorea-velours-cotele-bois-de-rose\/","url":"https:\/\/lesours-france.com\/boutique\/lorea-velours-cotele-bois-de-rose\/","name":"LOREA - VELOURS COTEL\u00c9 BOIS DE ROSE &#8211; Les Ours","isPartOf":{"@id":"https:\/\/lesours-france.com\/en\/#website"},"primaryImageOfPage":{"@id":"https:\/\/lesours-france.com\/boutique\/lorea-velours-cotele-bois-de-rose\/#primaryimage"},"image":{"@id":"https:\/\/lesours-france.com\/boutique\/lorea-velours-cotele-bois-de-rose\/#primaryimage"},"thumbnailUrl":"https:\/\/lesours-france.com\/wp-content\/uploads\/LOREA-VELOURS-COTELE-BDR.jpg","datePublished":"2026-01-07T07:29:20+00:00","dateModified":"2026-02-22T17:18:38+00:00","description":"Boutique en ligne Les Ours : v\u00eatements de cr\u00e9ateur romantiques, boh\u00e8mes et tr\u00e8s po\u00e9tiques.","breadcrumb":{"@id":"https:\/\/lesours-france.com\/boutique\/lorea-velours-cotele-bois-de-rose\/#breadcrumb"},"inLanguage":"en-GB","potentialAction":[{"@type":"ReadAction","target":["https:\/\/lesours-france.com\/boutique\/lorea-velours-cotele-bois-de-rose\/"]}]},{"@type":"ImageObject","inLanguage":"en-GB","@id":"https:\/\/lesours-france.com\/boutique\/lorea-velours-cotele-bois-de-rose\/#primaryimage","url":"https:\/\/lesours-france.com\/wp-content\/uploads\/LOREA-VELOURS-COTELE-BDR.jpg","contentUrl":"https:\/\/lesours-france.com\/wp-content\/uploads\/LOREA-VELOURS-COTELE-BDR.jpg","width":1140,"height":1592},{"@type":"BreadcrumbList","@id":"https:\/\/lesours-france.com\/boutique\/lorea-velours-cotele-bois-de-rose\/#breadcrumb","itemListElement":[{"@type":"ListItem","position":1,"name":"Accueil","item":"https:\/\/lesours-france.com\/"},{"@type":"ListItem","position":2,"name":"Boutique","item":"https:\/\/lesours-france.com\/en\/boutique\/"},{"@type":"ListItem","position":3,"name":"Anciennes collections Hiver","item":"https:\/\/lesours-france.com\/categorie\/anciennes-collections-hiver\/"},{"@type":"ListItem","position":4,"name":"PANTALONS ET SALOPETTES","item":"https:\/\/lesours-france.com\/categorie\/anciennes-collections-hiver\/pantalons-salopettes\/"},{"@type":"ListItem","position":5,"name":"LOREA &#8211; VELOURS COTEL\u00c9 BOIS DE ROSE"}]},{"@type":"WebSite","@id":"https:\/\/lesours-france.com\/en\/#website","url":"https:\/\/lesours-france.com\/en\/","name":"Les Ours","description":"Pr\u00eat \u00e0 porter romantique","publisher":{"@id":"https:\/\/lesours-france.com\/en\/#organization"},"potentialAction":[{"@type":"SearchAction","target":{"@type":"EntryPoint","urlTemplate":"https:\/\/lesours-france.com\/en\/?s={search_term_string}"},"query-input":{"@type":"PropertyValueSpecification","valueRequired":true,"valueName":"search_term_string"}}],"inLanguage":"en-GB"},{"@type":"Organization","@id":"https:\/\/lesours-france.com\/en\/#organization","name":"Les Ours","url":"https:\/\/lesours-france.com\/en\/","logo":{"@type":"ImageObject","inLanguage":"en-GB","@id":"https:\/\/lesours-france.com\/en\/#\/schema\/logo\/image\/","url":"https:\/\/lesours-france.com\/wp-content\/uploads\/Logo_LesOurs_1.png","contentUrl":"https:\/\/lesours-france.com\/wp-content\/uploads\/Logo_LesOurs_1.png","width":260,"height":75,"caption":"Les Ours"},"image":{"@id":"https:\/\/lesours-france.com\/en\/#\/schema\/logo\/image\/"},"sameAs":["https:\/\/www.facebook.com\/leshowroomlesours","https:\/\/www.instagram.com\/les.ours.createur"]}]}},"_links":{"self":[{"href":"https:\/\/lesours-france.com\/en\/wp-json\/wp\/v2\/product\/23157","targetHints":{"allow":["GET"]}}],"collection":[{"href":"https:\/\/lesours-france.com\/en\/wp-json\/wp\/v2\/product"}],"about":[{"href":"https:\/\/lesours-france.com\/en\/wp-json\/wp\/v2\/types\/product"}],"wp:featuredmedia":[{"embeddable":true,"href":"https:\/\/lesours-france.com\/en\/wp-json\/wp\/v2\/media\/23164"}],"wp:attachment":[{"href":"https:\/\/lesours-france.com\/en\/wp-json\/wp\/v2\/media?parent=23157"}],"wp:term":[{"taxonomy":"product_brand","embeddable":true,"href":"https:\/\/lesours-france.com\/en\/wp-json\/wp\/v2\/product_brand?post=23157"},{"taxonomy":"product_cat","embeddable":true,"href":"https:\/\/lesours-france.com\/en\/wp-json\/wp\/v2\/product_cat?post=23157"},{"taxonomy":"product_tag","embeddable":true,"href":"https:\/\/lesours-france.com\/en\/wp-json\/wp\/v2\/product_tag?post=23157"}],"curies":[{"name":"wp","href":"https:\/\/api.w.org\/{rel}","templated":true}]}}