{"id":23411,"date":"2026-01-20T08:05:39","date_gmt":"2026-01-20T07:05:39","guid":{"rendered":"https:\/\/lesours-france.com\/?post_type=product&#038;p=23411"},"modified":"2026-03-04T06:41:06","modified_gmt":"2026-03-04T05:41:06","slug":"sora-stripe-blush","status":"publish","type":"product","link":"https:\/\/lesours-france.com\/en\/boutique\/sora-stripe-blush\/","title":{"rendered":"SORA &#8211; STRIPE BLUSH"},"content":{"rendered":"<p data-start=\"140\" data-end=\"432\">Chemisier court confectionn\u00e9 en <strong data-start=\"172\" data-end=\"198\">voile de coton d\u00e9licat<\/strong>, l\u00e9ger et vaporeux.<br data-start=\"218\" data-end=\"221\" \/>Son <strong data-start=\"225\" data-end=\"259\">col \u00e0 trois volants superpos\u00e9s<\/strong> lui conf\u00e8re une allure romantique et un charme r\u00e9tro plein de douceur.<br data-start=\"330\" data-end=\"333\" \/>L\u2019ouverture se fait sur le devant, soulign\u00e9e de <strong data-start=\"381\" data-end=\"408\">quatre boutons de nacre<\/strong> discrets et raffin\u00e9s.<\/p>\n<p data-start=\"140\" data-end=\"432\"><a href=\"https:\/\/lesours-france.com\/wp-content\/uploads\/IMG_9462.mov\">VIDEO DE SORA LIBERTY BOUQUET,GASTON ET YOKO VERVEINE FLEURS \u00c9T\u00c8 26<\/a><\/p>\n<p data-start=\"140\" data-end=\"432\"><a href=\"https:\/\/lesours-france.com\/wp-content\/uploads\/SORA-.jpg\"><img fetchpriority=\"high\" decoding=\"async\" class=\"size-medium wp-image-23420 alignright\" src=\"https:\/\/lesours-france.com\/wp-content\/uploads\/SORA--300x169.jpg\" alt=\"\" width=\"300\" height=\"169\" srcset=\"https:\/\/lesours-france.com\/wp-content\/uploads\/SORA--300x169.jpg 300w, https:\/\/lesours-france.com\/wp-content\/uploads\/SORA--1024x576.jpg 1024w, https:\/\/lesours-france.com\/wp-content\/uploads\/SORA--768x432.jpg 768w, https:\/\/lesours-france.com\/wp-content\/uploads\/SORA--1536x864.jpg 1536w, https:\/\/lesours-france.com\/wp-content\/uploads\/SORA--2048x1152.jpg 2048w, https:\/\/lesours-france.com\/wp-content\/uploads\/SORA--18x10.jpg 18w, https:\/\/lesours-france.com\/wp-content\/uploads\/SORA--800x450.jpg 800w, https:\/\/lesours-france.com\/wp-content\/uploads\/SORA--450x253.jpg 450w\" sizes=\"(max-width: 300px) 100vw, 300px\" \/><\/a><\/p>\n<ul data-start=\"361\" data-end=\"672\">\n<li data-start=\"361\" data-end=\"409\">\n<p data-start=\"363\" data-end=\"409\" class=\"translation-block\">Material: 100% cotton<\/p>\n<\/li>\n<li data-start=\"410\" data-end=\"466\">\n<p data-start=\"412\" data-end=\"466\"><strong data-start=\"412\" data-end=\"421\">Coupe<\/strong> : fluide et vaporeuse,<\/p>\n<\/li>\n<li data-start=\"467\" data-end=\"536\">\n<p data-start=\"469\" data-end=\"536\"><strong data-start=\"469\" data-end=\"480\">Manches<\/strong> : courtes<\/p>\n<\/li>\n<li data-start=\"537\" data-end=\"589\">\n<p data-start=\"539\" data-end=\"589\"><strong data-start=\"539\" data-end=\"552\">Fermeture<\/strong> :4 petits boutons en nacre \u00a0sur l&#8217;avant<\/p>\n<\/li>\n<li data-start=\"590\" data-end=\"672\">\n<p data-start=\"592\" data-end=\"672\"><strong data-start=\"592\" data-end=\"603\">D\u00e9tails<\/strong> : Col Claudine \u00e0 3 volants superpos\u00e9s, plis religieuses sur la poitrine<\/p>\n<\/li>\n<\/ul>\n<p data-start=\"674\" data-end=\"809\">Une pi\u00e8ce a\u00e9rienne et f\u00e9minine, pens\u00e9e pour \u00eatre port\u00e9e seule ou superpos\u00e9e.<\/p>","protected":false},"excerpt":{"rendered":"<p>Chemisier court confectionn\u00e9 en voile de coton d\u00e9licat, l\u00e9ger et vaporeux.Son col \u00e0 trois volants superpos\u00e9s lui conf\u00e8re une allure romantique et un charme r\u00e9tro plein de douceur.L\u2019ouverture se fait sur le devant, soulign\u00e9e de quatre boutons de nacre discrets et raffin\u00e9s. VIDEO DE SORA LIBERTY BOUQUET,GASTON ET YOKO VERVEINE FLEURS \u00c9T\u00c8 26 Mati\u00e8re : [&hellip;]<\/p>\n","protected":false},"featured_media":23418,"template":"","meta":{"ocean_post_layout":"","ocean_both_sidebars_style":"","ocean_both_sidebars_content_width":0,"ocean_both_sidebars_sidebars_width":0,"ocean_sidebar":"0","ocean_second_sidebar":"0","ocean_disable_margins":"enable","ocean_add_body_class":"","ocean_shortcode_before_top_bar":"","ocean_shortcode_after_top_bar":"","ocean_shortcode_before_header":"","ocean_shortcode_after_header":"","ocean_has_shortcode":"","ocean_shortcode_after_title":"","ocean_shortcode_before_footer_widgets":"","ocean_shortcode_after_footer_widgets":"","ocean_shortcode_before_footer_bottom":"","ocean_shortcode_after_footer_bottom":"","ocean_display_top_bar":"default","ocean_display_header":"default","ocean_header_style":"","ocean_center_header_left_menu":"0","ocean_custom_header_template":"0","ocean_custom_logo":0,"ocean_custom_retina_logo":0,"ocean_custom_logo_max_width":0,"ocean_custom_logo_tablet_max_width":0,"ocean_custom_logo_mobile_max_width":0,"ocean_custom_logo_max_height":0,"ocean_custom_logo_tablet_max_height":0,"ocean_custom_logo_mobile_max_height":0,"ocean_header_custom_menu":"0","ocean_menu_typo_font_family":"0","ocean_menu_typo_font_subset":"","ocean_menu_typo_font_size":0,"ocean_menu_typo_font_size_tablet":0,"ocean_menu_typo_font_size_mobile":0,"ocean_menu_typo_font_size_unit":"px","ocean_menu_typo_font_weight":"","ocean_menu_typo_font_weight_tablet":"","ocean_menu_typo_font_weight_mobile":"","ocean_menu_typo_transform":"","ocean_menu_typo_transform_tablet":"","ocean_menu_typo_transform_mobile":"","ocean_menu_typo_line_height":0,"ocean_menu_typo_line_height_tablet":0,"ocean_menu_typo_line_height_mobile":0,"ocean_menu_typo_line_height_unit":"","ocean_menu_typo_spacing":0,"ocean_menu_typo_spacing_tablet":0,"ocean_menu_typo_spacing_mobile":0,"ocean_menu_typo_spacing_unit":"","ocean_menu_link_color":"","ocean_menu_link_color_hover":"","ocean_menu_link_color_active":"","ocean_menu_link_background":"","ocean_menu_link_hover_background":"","ocean_menu_link_active_background":"","ocean_menu_social_links_bg":"","ocean_menu_social_hover_links_bg":"","ocean_menu_social_links_color":"","ocean_menu_social_hover_links_color":"","ocean_disable_title":"default","ocean_disable_heading":"default","ocean_post_title":"","ocean_post_subheading":"","ocean_post_title_style":"","ocean_post_title_background_color":"","ocean_post_title_background":0,"ocean_post_title_bg_image_position":"","ocean_post_title_bg_image_attachment":"","ocean_post_title_bg_image_repeat":"","ocean_post_title_bg_image_size":"","ocean_post_title_height":0,"ocean_post_title_bg_overlay":0.5,"ocean_post_title_bg_overlay_color":"","ocean_disable_breadcrumbs":"default","ocean_breadcrumbs_color":"","ocean_breadcrumbs_separator_color":"","ocean_breadcrumbs_links_color":"","ocean_breadcrumbs_links_hover_color":"","ocean_display_footer_widgets":"default","ocean_display_footer_bottom":"default","ocean_custom_footer_template":"0","osh_disable_topbar_sticky":"default","osh_disable_header_sticky":"default","osh_sticky_header_style":"default","osh_sticky_header_effect":"","osh_custom_sticky_logo":0,"osh_custom_retina_sticky_logo":0,"osh_custom_sticky_logo_height":0,"osh_background_color":"","osh_links_color":"","osh_links_hover_color":"","osh_links_active_color":"","osh_links_bg_color":"","osh_links_hover_bg_color":"","osh_links_active_bg_color":"","osh_menu_social_links_color":"","osh_menu_social_hover_links_color":""},"product_brand":[],"product_cat":[541,543],"product_tag":[],"class_list":{"0":"post-23411","1":"product","2":"type-product","3":"status-publish","4":"has-post-thumbnail","6":"product_cat-collection-ete-2026","7":"product_cat-hauts-collection-ete-2026","8":"pa_couleur-stripe-blush","9":"pa_taille-l","10":"pa_taille-m","11":"pa_taille-s","12":"pa_taille-xl","13":"pa_taille-xxl","15":"entry","16":"has-media","18":"first","19":"instock","20":"taxable","21":"shipping-taxable","22":"purchasable","23":"product-type-variable","24":"has-product-nav","25":"col","26":"span_1_of_4","27":"owp-content-center","28":"item-entry","29":"owp-thumbs-layout-horizontal","30":"owp-btn-normal","31":"owp-tabs-layout-vertical"},"yoast_head":"<!-- This site is optimized with the Yoast SEO plugin v27.2 - https:\/\/yoast.com\/product\/yoast-seo-wordpress\/ -->\n<title>SORA - STRIPE BLUSH &#8211; Les Ours<\/title>\n<meta name=\"description\" content=\"Boutique en ligne Les Ours : v\u00eatements de cr\u00e9ateur romantiques, boh\u00e8mes et tr\u00e8s po\u00e9tiques.\" \/>\n<meta name=\"robots\" content=\"index, follow, max-snippet:-1, max-image-preview:large, max-video-preview:-1\" \/>\n<link rel=\"canonical\" href=\"https:\/\/lesours-france.com\/en\/boutique\/sora-stripe-blush\/\" \/>\n<meta property=\"og:locale\" content=\"en_GB\" \/>\n<meta property=\"og:type\" content=\"article\" \/>\n<meta property=\"og:title\" content=\"SORA - STRIPE BLUSH &#8211; Les Ours\" \/>\n<meta property=\"og:description\" content=\"Boutique en ligne Les Ours : v\u00eatements de cr\u00e9ateur romantiques, boh\u00e8mes et tr\u00e8s po\u00e9tiques.\" \/>\n<meta property=\"og:url\" content=\"https:\/\/lesours-france.com\/en\/boutique\/sora-stripe-blush\/\" \/>\n<meta property=\"og:site_name\" content=\"Les Ours\" \/>\n<meta property=\"article:publisher\" content=\"https:\/\/www.facebook.com\/leshowroomlesours\" \/>\n<meta property=\"article:modified_time\" content=\"2026-03-04T05:41:06+00:00\" \/>\n<meta property=\"og:image\" content=\"https:\/\/lesours-france.com\/wp-content\/uploads\/SORA-E26-STRIPE-BLUSH-DETAILS-scaled.jpg\" \/>\n\t<meta property=\"og:image:width\" content=\"1810\" \/>\n\t<meta property=\"og:image:height\" content=\"2560\" \/>\n\t<meta property=\"og:image:type\" content=\"image\/jpeg\" \/>\n<meta name=\"twitter:card\" content=\"summary_large_image\" \/>\n<script type=\"application\/ld+json\" class=\"yoast-schema-graph\">{\"@context\":\"https:\/\/schema.org\",\"@graph\":[{\"@type\":\"WebPage\",\"@id\":\"https:\/\/lesours-france.com\/boutique\/sora-stripe-blush\/\",\"url\":\"https:\/\/lesours-france.com\/boutique\/sora-stripe-blush\/\",\"name\":\"SORA - STRIPE BLUSH &#8211; Les Ours\",\"isPartOf\":{\"@id\":\"https:\/\/lesours-france.com\/en\/#website\"},\"primaryImageOfPage\":{\"@id\":\"https:\/\/lesours-france.com\/boutique\/sora-stripe-blush\/#primaryimage\"},\"image\":{\"@id\":\"https:\/\/lesours-france.com\/boutique\/sora-stripe-blush\/#primaryimage\"},\"thumbnailUrl\":\"https:\/\/lesours-france.com\/wp-content\/uploads\/SORA-E26-STRIPE-BLUSH-DETAILS-scaled.jpg\",\"datePublished\":\"2026-01-20T07:05:39+00:00\",\"dateModified\":\"2026-03-04T05:41:06+00:00\",\"description\":\"Boutique en ligne Les Ours : v\u00eatements de cr\u00e9ateur romantiques, boh\u00e8mes et tr\u00e8s po\u00e9tiques.\",\"breadcrumb\":{\"@id\":\"https:\/\/lesours-france.com\/boutique\/sora-stripe-blush\/#breadcrumb\"},\"inLanguage\":\"en-GB\",\"potentialAction\":[{\"@type\":\"ReadAction\",\"target\":[\"https:\/\/lesours-france.com\/boutique\/sora-stripe-blush\/\"]}]},{\"@type\":\"ImageObject\",\"inLanguage\":\"en-GB\",\"@id\":\"https:\/\/lesours-france.com\/boutique\/sora-stripe-blush\/#primaryimage\",\"url\":\"https:\/\/lesours-france.com\/wp-content\/uploads\/SORA-E26-STRIPE-BLUSH-DETAILS-scaled.jpg\",\"contentUrl\":\"https:\/\/lesours-france.com\/wp-content\/uploads\/SORA-E26-STRIPE-BLUSH-DETAILS-scaled.jpg\",\"width\":1810,\"height\":2560},{\"@type\":\"BreadcrumbList\",\"@id\":\"https:\/\/lesours-france.com\/boutique\/sora-stripe-blush\/#breadcrumb\",\"itemListElement\":[{\"@type\":\"ListItem\",\"position\":1,\"name\":\"Accueil\",\"item\":\"https:\/\/lesours-france.com\/\"},{\"@type\":\"ListItem\",\"position\":2,\"name\":\"Boutique\",\"item\":\"https:\/\/lesours-france.com\/en\/boutique\/\"},{\"@type\":\"ListItem\",\"position\":3,\"name\":\"Collection \u00e9t\u00e9 2026\",\"item\":\"https:\/\/lesours-france.com\/categorie\/collection-ete-2026\/\"},{\"@type\":\"ListItem\",\"position\":4,\"name\":\"SORA &#8211; STRIPE BLUSH\"}]},{\"@type\":\"WebSite\",\"@id\":\"https:\/\/lesours-france.com\/en\/#website\",\"url\":\"https:\/\/lesours-france.com\/en\/\",\"name\":\"Les Ours\",\"description\":\"Pr\u00eat \u00e0 porter romantique\",\"publisher\":{\"@id\":\"https:\/\/lesours-france.com\/en\/#organization\"},\"potentialAction\":[{\"@type\":\"SearchAction\",\"target\":{\"@type\":\"EntryPoint\",\"urlTemplate\":\"https:\/\/lesours-france.com\/en\/?s={search_term_string}\"},\"query-input\":{\"@type\":\"PropertyValueSpecification\",\"valueRequired\":true,\"valueName\":\"search_term_string\"}}],\"inLanguage\":\"en-GB\"},{\"@type\":\"Organization\",\"@id\":\"https:\/\/lesours-france.com\/en\/#organization\",\"name\":\"Les Ours\",\"url\":\"https:\/\/lesours-france.com\/en\/\",\"logo\":{\"@type\":\"ImageObject\",\"inLanguage\":\"en-GB\",\"@id\":\"https:\/\/lesours-france.com\/en\/#\/schema\/logo\/image\/\",\"url\":\"https:\/\/lesours-france.com\/wp-content\/uploads\/Logo_LesOurs_1.png\",\"contentUrl\":\"https:\/\/lesours-france.com\/wp-content\/uploads\/Logo_LesOurs_1.png\",\"width\":260,\"height\":75,\"caption\":\"Les Ours\"},\"image\":{\"@id\":\"https:\/\/lesours-france.com\/en\/#\/schema\/logo\/image\/\"},\"sameAs\":[\"https:\/\/www.facebook.com\/leshowroomlesours\",\"https:\/\/www.instagram.com\/les.ours.createur\"]}]}<\/script>\n<!-- \/ Yoast SEO plugin. -->","yoast_head_json":{"title":"SORA - STRIPE BLUSH &#8211; Les Ours","description":"Boutique en ligne Les Ours : v\u00eatements de cr\u00e9ateur romantiques, boh\u00e8mes et tr\u00e8s po\u00e9tiques.","robots":{"index":"index","follow":"follow","max-snippet":"max-snippet:-1","max-image-preview":"max-image-preview:large","max-video-preview":"max-video-preview:-1"},"canonical":"https:\/\/lesours-france.com\/en\/boutique\/sora-stripe-blush\/","og_locale":"en_GB","og_type":"article","og_title":"SORA - STRIPE BLUSH &#8211; Les Ours","og_description":"Boutique en ligne Les Ours : v\u00eatements de cr\u00e9ateur romantiques, boh\u00e8mes et tr\u00e8s po\u00e9tiques.","og_url":"https:\/\/lesours-france.com\/en\/boutique\/sora-stripe-blush\/","og_site_name":"Les Ours","article_publisher":"https:\/\/www.facebook.com\/leshowroomlesours","article_modified_time":"2026-03-04T05:41:06+00:00","og_image":[{"width":1810,"height":2560,"url":"https:\/\/lesours-france.com\/wp-content\/uploads\/SORA-E26-STRIPE-BLUSH-DETAILS-scaled.jpg","type":"image\/jpeg"}],"twitter_card":"summary_large_image","schema":{"@context":"https:\/\/schema.org","@graph":[{"@type":"WebPage","@id":"https:\/\/lesours-france.com\/boutique\/sora-stripe-blush\/","url":"https:\/\/lesours-france.com\/boutique\/sora-stripe-blush\/","name":"SORA - STRIPE BLUSH &#8211; Les Ours","isPartOf":{"@id":"https:\/\/lesours-france.com\/en\/#website"},"primaryImageOfPage":{"@id":"https:\/\/lesours-france.com\/boutique\/sora-stripe-blush\/#primaryimage"},"image":{"@id":"https:\/\/lesours-france.com\/boutique\/sora-stripe-blush\/#primaryimage"},"thumbnailUrl":"https:\/\/lesours-france.com\/wp-content\/uploads\/SORA-E26-STRIPE-BLUSH-DETAILS-scaled.jpg","datePublished":"2026-01-20T07:05:39+00:00","dateModified":"2026-03-04T05:41:06+00:00","description":"Boutique en ligne Les Ours : v\u00eatements de cr\u00e9ateur romantiques, boh\u00e8mes et tr\u00e8s po\u00e9tiques.","breadcrumb":{"@id":"https:\/\/lesours-france.com\/boutique\/sora-stripe-blush\/#breadcrumb"},"inLanguage":"en-GB","potentialAction":[{"@type":"ReadAction","target":["https:\/\/lesours-france.com\/boutique\/sora-stripe-blush\/"]}]},{"@type":"ImageObject","inLanguage":"en-GB","@id":"https:\/\/lesours-france.com\/boutique\/sora-stripe-blush\/#primaryimage","url":"https:\/\/lesours-france.com\/wp-content\/uploads\/SORA-E26-STRIPE-BLUSH-DETAILS-scaled.jpg","contentUrl":"https:\/\/lesours-france.com\/wp-content\/uploads\/SORA-E26-STRIPE-BLUSH-DETAILS-scaled.jpg","width":1810,"height":2560},{"@type":"BreadcrumbList","@id":"https:\/\/lesours-france.com\/boutique\/sora-stripe-blush\/#breadcrumb","itemListElement":[{"@type":"ListItem","position":1,"name":"Accueil","item":"https:\/\/lesours-france.com\/"},{"@type":"ListItem","position":2,"name":"Boutique","item":"https:\/\/lesours-france.com\/en\/boutique\/"},{"@type":"ListItem","position":3,"name":"Collection \u00e9t\u00e9 2026","item":"https:\/\/lesours-france.com\/categorie\/collection-ete-2026\/"},{"@type":"ListItem","position":4,"name":"SORA &#8211; STRIPE BLUSH"}]},{"@type":"WebSite","@id":"https:\/\/lesours-france.com\/en\/#website","url":"https:\/\/lesours-france.com\/en\/","name":"Les Ours","description":"Pr\u00eat \u00e0 porter romantique","publisher":{"@id":"https:\/\/lesours-france.com\/en\/#organization"},"potentialAction":[{"@type":"SearchAction","target":{"@type":"EntryPoint","urlTemplate":"https:\/\/lesours-france.com\/en\/?s={search_term_string}"},"query-input":{"@type":"PropertyValueSpecification","valueRequired":true,"valueName":"search_term_string"}}],"inLanguage":"en-GB"},{"@type":"Organization","@id":"https:\/\/lesours-france.com\/en\/#organization","name":"Les Ours","url":"https:\/\/lesours-france.com\/en\/","logo":{"@type":"ImageObject","inLanguage":"en-GB","@id":"https:\/\/lesours-france.com\/en\/#\/schema\/logo\/image\/","url":"https:\/\/lesours-france.com\/wp-content\/uploads\/Logo_LesOurs_1.png","contentUrl":"https:\/\/lesours-france.com\/wp-content\/uploads\/Logo_LesOurs_1.png","width":260,"height":75,"caption":"Les Ours"},"image":{"@id":"https:\/\/lesours-france.com\/en\/#\/schema\/logo\/image\/"},"sameAs":["https:\/\/www.facebook.com\/leshowroomlesours","https:\/\/www.instagram.com\/les.ours.createur"]}]}},"_links":{"self":[{"href":"https:\/\/lesours-france.com\/en\/wp-json\/wp\/v2\/product\/23411","targetHints":{"allow":["GET"]}}],"collection":[{"href":"https:\/\/lesours-france.com\/en\/wp-json\/wp\/v2\/product"}],"about":[{"href":"https:\/\/lesours-france.com\/en\/wp-json\/wp\/v2\/types\/product"}],"wp:featuredmedia":[{"embeddable":true,"href":"https:\/\/lesours-france.com\/en\/wp-json\/wp\/v2\/media\/23418"}],"wp:attachment":[{"href":"https:\/\/lesours-france.com\/en\/wp-json\/wp\/v2\/media?parent=23411"}],"wp:term":[{"taxonomy":"product_brand","embeddable":true,"href":"https:\/\/lesours-france.com\/en\/wp-json\/wp\/v2\/product_brand?post=23411"},{"taxonomy":"product_cat","embeddable":true,"href":"https:\/\/lesours-france.com\/en\/wp-json\/wp\/v2\/product_cat?post=23411"},{"taxonomy":"product_tag","embeddable":true,"href":"https:\/\/lesours-france.com\/en\/wp-json\/wp\/v2\/product_tag?post=23411"}],"curies":[{"name":"wp","href":"https:\/\/api.w.org\/{rel}","templated":true}]}}