{"id":23563,"date":"2026-01-20T08:06:41","date_gmt":"2026-01-20T07:06:41","guid":{"rendered":"https:\/\/lesours-france.com\/?post_type=product&#038;p=23563"},"modified":"2026-03-17T00:51:50","modified_gmt":"2026-03-16T23:51:50","slug":"agave-blush","status":"publish","type":"product","link":"https:\/\/lesours-france.com\/en\/boutique\/agave-blush\/","title":{"rendered":"AGAVE &#8211; BLUSH"},"content":{"rendered":"<p data-start=\"16\" data-end=\"70\"><strong data-start=\"16\" data-end=\"64\">Veste courte \u00e0 l\u2019esprit boh\u00e8me et romantique<\/strong><\/p>\n<p data-start=\"72\" data-end=\"394\">Un mod\u00e8le d\u00e9licat, empreint de charme r\u00e9tro, confectionn\u00e9 dans un m\u00e9lange de lin et de coton aux tonalit\u00e9s tendres\u00a0<br data-start=\"238\" data-end=\"241\" \/>Son <strong data-start=\"245\" data-end=\"268\">col tailleur souple<\/strong> apporte une \u00e9l\u00e9gance naturelle, tandis que les smocks sur le devant et le dos dessinent une ligne f\u00e9minine et l\u00e9g\u00e8rement cintr\u00e9e.<\/p>\n<p data-start=\"396\" data-end=\"591\">Fermeture par <strong data-start=\"410\" data-end=\"444\">trois boutons en m\u00e9tal vieilli<\/strong>, subtilement contrast\u00e9s avec la douceur du tissu.<a href=\"https:\/\/lesours-france.com\/wp-content\/uploads\/IMG_9460-scaled.jpg\"><img fetchpriority=\"high\" decoding=\"async\" class=\"size-medium wp-image-23571 alignright\" src=\"https:\/\/lesours-france.com\/wp-content\/uploads\/IMG_9460-225x300.jpg\" alt=\"\" width=\"225\" height=\"300\" srcset=\"https:\/\/lesours-france.com\/wp-content\/uploads\/IMG_9460-225x300.jpg 225w, https:\/\/lesours-france.com\/wp-content\/uploads\/IMG_9460-768x1024.jpg 768w, https:\/\/lesours-france.com\/wp-content\/uploads\/IMG_9460-1152x1536.jpg 1152w, https:\/\/lesours-france.com\/wp-content\/uploads\/IMG_9460-1536x2048.jpg 1536w, https:\/\/lesours-france.com\/wp-content\/uploads\/IMG_9460-9x12.jpg 9w, https:\/\/lesours-france.com\/wp-content\/uploads\/IMG_9460-450x600.jpg 450w, https:\/\/lesours-france.com\/wp-content\/uploads\/IMG_9460-scaled.jpg 1920w\" sizes=\"(max-width: 225px) 100vw, 225px\" \/><\/a><\/p>\n<ul data-start=\"361\" data-end=\"672\">\n<li data-start=\"361\" data-end=\"409\">\n<p data-start=\"363\" data-end=\"409\"><strong data-start=\"363\" data-end=\"374\">Mati\u00e8re<\/strong> : m\u00e9lange lin-coton<\/p>\n<\/li>\n<li data-start=\"361\" data-end=\"409\">\n<p data-start=\"363\" data-end=\"409\"><strong data-start=\"412\" data-end=\"421\">Coupe<\/strong> :courte<\/p>\n<\/li>\n<li data-start=\"467\" data-end=\"536\">\n<p data-start=\"469\" data-end=\"536\"><strong data-start=\"469\" data-end=\"480\">Manches<\/strong> : longues et droites<\/p>\n<\/li>\n<li data-start=\"467\" data-end=\"536\">\n<p data-start=\"469\" data-end=\"536\"><strong data-start=\"539\" data-end=\"552\">Fermeture<\/strong> :par 4 boutons en fer<\/p>\n<\/li>\n<li data-start=\"590\" data-end=\"672\">\n<p data-start=\"592\" data-end=\"672\"><strong data-start=\"592\" data-end=\"603\">D\u00e9tails<\/strong> : Col tailleur, smocks sur l&#8217;avant et l&#8217;arri\u00e8re<\/p>\n<\/li>\n<\/ul>\n<p data-start=\"363\" data-end=\"409\">Une pi\u00e8ce po\u00e9tique, \u00e0 la fois <strong data-start=\"623\" data-end=\"647\">d\u00e9licate et affirm\u00e9e<\/strong>, qui se marie \u00e0 merveille avec une jupe vaporeuse ou une robe en voile pour un look <strong data-start=\"732\" data-end=\"764\">boh\u00e8me raffin\u00e9 et intemporel<\/strong>.<\/p>","protected":false},"excerpt":{"rendered":"<p>Veste courte \u00e0 l\u2019esprit boh\u00e8me et romantique Un mod\u00e8le d\u00e9licat, empreint de charme r\u00e9tro, confectionn\u00e9 dans un m\u00e9lange de lin et de coton aux tonalit\u00e9s tendres\u00a0Son col tailleur souple apporte une \u00e9l\u00e9gance naturelle, tandis que les smocks sur le devant et le dos dessinent une ligne f\u00e9minine et l\u00e9g\u00e8rement cintr\u00e9e. Fermeture par trois boutons en [&hellip;]<\/p>\n","protected":false},"featured_media":23561,"template":"","meta":{"ocean_post_layout":"","ocean_both_sidebars_style":"","ocean_both_sidebars_content_width":0,"ocean_both_sidebars_sidebars_width":0,"ocean_sidebar":"0","ocean_second_sidebar":"0","ocean_disable_margins":"enable","ocean_add_body_class":"","ocean_shortcode_before_top_bar":"","ocean_shortcode_after_top_bar":"","ocean_shortcode_before_header":"","ocean_shortcode_after_header":"","ocean_has_shortcode":"","ocean_shortcode_after_title":"","ocean_shortcode_before_footer_widgets":"","ocean_shortcode_after_footer_widgets":"","ocean_shortcode_before_footer_bottom":"","ocean_shortcode_after_footer_bottom":"","ocean_display_top_bar":"default","ocean_display_header":"default","ocean_header_style":"","ocean_center_header_left_menu":"0","ocean_custom_header_template":"0","ocean_custom_logo":0,"ocean_custom_retina_logo":0,"ocean_custom_logo_max_width":0,"ocean_custom_logo_tablet_max_width":0,"ocean_custom_logo_mobile_max_width":0,"ocean_custom_logo_max_height":0,"ocean_custom_logo_tablet_max_height":0,"ocean_custom_logo_mobile_max_height":0,"ocean_header_custom_menu":"0","ocean_menu_typo_font_family":"0","ocean_menu_typo_font_subset":"","ocean_menu_typo_font_size":0,"ocean_menu_typo_font_size_tablet":0,"ocean_menu_typo_font_size_mobile":0,"ocean_menu_typo_font_size_unit":"px","ocean_menu_typo_font_weight":"","ocean_menu_typo_font_weight_tablet":"","ocean_menu_typo_font_weight_mobile":"","ocean_menu_typo_transform":"","ocean_menu_typo_transform_tablet":"","ocean_menu_typo_transform_mobile":"","ocean_menu_typo_line_height":0,"ocean_menu_typo_line_height_tablet":0,"ocean_menu_typo_line_height_mobile":0,"ocean_menu_typo_line_height_unit":"","ocean_menu_typo_spacing":0,"ocean_menu_typo_spacing_tablet":0,"ocean_menu_typo_spacing_mobile":0,"ocean_menu_typo_spacing_unit":"","ocean_menu_link_color":"","ocean_menu_link_color_hover":"","ocean_menu_link_color_active":"","ocean_menu_link_background":"","ocean_menu_link_hover_background":"","ocean_menu_link_active_background":"","ocean_menu_social_links_bg":"","ocean_menu_social_hover_links_bg":"","ocean_menu_social_links_color":"","ocean_menu_social_hover_links_color":"","ocean_disable_title":"default","ocean_disable_heading":"default","ocean_post_title":"","ocean_post_subheading":"","ocean_post_title_style":"","ocean_post_title_background_color":"","ocean_post_title_background":0,"ocean_post_title_bg_image_position":"","ocean_post_title_bg_image_attachment":"","ocean_post_title_bg_image_repeat":"","ocean_post_title_bg_image_size":"","ocean_post_title_height":0,"ocean_post_title_bg_overlay":0.5,"ocean_post_title_bg_overlay_color":"","ocean_disable_breadcrumbs":"default","ocean_breadcrumbs_color":"","ocean_breadcrumbs_separator_color":"","ocean_breadcrumbs_links_color":"","ocean_breadcrumbs_links_hover_color":"","ocean_display_footer_widgets":"default","ocean_display_footer_bottom":"default","ocean_custom_footer_template":"0","osh_disable_topbar_sticky":"default","osh_disable_header_sticky":"default","osh_sticky_header_style":"default","osh_sticky_header_effect":"","osh_custom_sticky_logo":0,"osh_custom_retina_sticky_logo":0,"osh_custom_sticky_logo_height":0,"osh_background_color":"","osh_links_color":"","osh_links_hover_color":"","osh_links_active_color":"","osh_links_bg_color":"","osh_links_hover_bg_color":"","osh_links_active_bg_color":"","osh_menu_social_links_color":"","osh_menu_social_hover_links_color":""},"product_brand":[],"product_cat":[541,545],"product_tag":[],"class_list":{"0":"post-23563","1":"product","2":"type-product","3":"status-publish","4":"has-post-thumbnail","6":"product_cat-collection-ete-2026","7":"product_cat-vestes-et-manteaux","8":"pa_couleur-blush-lin-coton","9":"pa_couleur-liberty-bouquet","10":"pa_couleur-verveine-fleurs","11":"pa_taille-l","12":"pa_taille-m","13":"pa_taille-s","14":"pa_taille-xl","15":"pa_taille-xxl","17":"entry","18":"has-media","20":"first","21":"instock","22":"taxable","23":"shipping-taxable","24":"purchasable","25":"product-type-variable","26":"has-product-nav","27":"col","28":"span_1_of_4","29":"owp-content-center","30":"item-entry","31":"owp-thumbs-layout-horizontal","32":"owp-btn-normal","33":"owp-tabs-layout-vertical"},"yoast_head":"<!-- This site is optimized with the Yoast SEO plugin v27.2 - https:\/\/yoast.com\/product\/yoast-seo-wordpress\/ -->\n<title>AGAVE - BLUSH &#8211; Les Ours<\/title>\n<meta name=\"description\" content=\"Boutique en ligne Les Ours : v\u00eatements de cr\u00e9ateur romantiques, boh\u00e8mes et tr\u00e8s po\u00e9tiques.\" \/>\n<meta name=\"robots\" content=\"index, follow, max-snippet:-1, max-image-preview:large, max-video-preview:-1\" \/>\n<link rel=\"canonical\" href=\"https:\/\/lesours-france.com\/en\/boutique\/agave-blush\/\" \/>\n<meta property=\"og:locale\" content=\"en_GB\" \/>\n<meta property=\"og:type\" content=\"article\" \/>\n<meta property=\"og:title\" content=\"AGAVE - BLUSH &#8211; Les Ours\" \/>\n<meta property=\"og:description\" content=\"Boutique en ligne Les Ours : v\u00eatements de cr\u00e9ateur romantiques, boh\u00e8mes et tr\u00e8s po\u00e9tiques.\" \/>\n<meta property=\"og:url\" content=\"https:\/\/lesours-france.com\/en\/boutique\/agave-blush\/\" \/>\n<meta property=\"og:site_name\" content=\"Les Ours\" \/>\n<meta property=\"article:publisher\" content=\"https:\/\/www.facebook.com\/leshowroomlesours\" \/>\n<meta property=\"article:modified_time\" content=\"2026-03-16T23:51:50+00:00\" \/>\n<meta property=\"og:image\" content=\"https:\/\/lesours-france.com\/wp-content\/uploads\/AGAVE-BLUSH-AVANT--718x1024.png\" \/>\n\t<meta property=\"og:image:width\" content=\"718\" \/>\n\t<meta property=\"og:image:height\" content=\"1024\" \/>\n\t<meta property=\"og:image:type\" content=\"image\/png\" \/>\n<meta name=\"twitter:card\" content=\"summary_large_image\" \/>\n<script type=\"application\/ld+json\" class=\"yoast-schema-graph\">{\"@context\":\"https:\/\/schema.org\",\"@graph\":[{\"@type\":\"WebPage\",\"@id\":\"https:\/\/lesours-france.com\/boutique\/agave-blush\/\",\"url\":\"https:\/\/lesours-france.com\/boutique\/agave-blush\/\",\"name\":\"AGAVE - BLUSH &#8211; Les Ours\",\"isPartOf\":{\"@id\":\"https:\/\/lesours-france.com\/en\/#website\"},\"primaryImageOfPage\":{\"@id\":\"https:\/\/lesours-france.com\/boutique\/agave-blush\/#primaryimage\"},\"image\":{\"@id\":\"https:\/\/lesours-france.com\/boutique\/agave-blush\/#primaryimage\"},\"thumbnailUrl\":\"https:\/\/lesours-france.com\/wp-content\/uploads\/AGAVE-BLUSH-AVANT-.png\",\"datePublished\":\"2026-01-20T07:06:41+00:00\",\"dateModified\":\"2026-03-16T23:51:50+00:00\",\"description\":\"Boutique en ligne Les Ours : v\u00eatements de cr\u00e9ateur romantiques, boh\u00e8mes et tr\u00e8s po\u00e9tiques.\",\"breadcrumb\":{\"@id\":\"https:\/\/lesours-france.com\/boutique\/agave-blush\/#breadcrumb\"},\"inLanguage\":\"en-GB\",\"potentialAction\":[{\"@type\":\"ReadAction\",\"target\":[\"https:\/\/lesours-france.com\/boutique\/agave-blush\/\"]}]},{\"@type\":\"ImageObject\",\"inLanguage\":\"en-GB\",\"@id\":\"https:\/\/lesours-france.com\/boutique\/agave-blush\/#primaryimage\",\"url\":\"https:\/\/lesours-france.com\/wp-content\/uploads\/AGAVE-BLUSH-AVANT-.png\",\"contentUrl\":\"https:\/\/lesours-france.com\/wp-content\/uploads\/AGAVE-BLUSH-AVANT-.png\",\"width\":1584,\"height\":2260},{\"@type\":\"BreadcrumbList\",\"@id\":\"https:\/\/lesours-france.com\/boutique\/agave-blush\/#breadcrumb\",\"itemListElement\":[{\"@type\":\"ListItem\",\"position\":1,\"name\":\"Accueil\",\"item\":\"https:\/\/lesours-france.com\/\"},{\"@type\":\"ListItem\",\"position\":2,\"name\":\"Boutique\",\"item\":\"https:\/\/lesours-france.com\/en\/boutique\/\"},{\"@type\":\"ListItem\",\"position\":3,\"name\":\"Collection \u00e9t\u00e9 2026\",\"item\":\"https:\/\/lesours-france.com\/categorie\/collection-ete-2026\/\"},{\"@type\":\"ListItem\",\"position\":4,\"name\":\"AGAVE &#8211; BLUSH\"}]},{\"@type\":\"WebSite\",\"@id\":\"https:\/\/lesours-france.com\/en\/#website\",\"url\":\"https:\/\/lesours-france.com\/en\/\",\"name\":\"Les Ours\",\"description\":\"Pr\u00eat \u00e0 porter romantique\",\"publisher\":{\"@id\":\"https:\/\/lesours-france.com\/en\/#organization\"},\"potentialAction\":[{\"@type\":\"SearchAction\",\"target\":{\"@type\":\"EntryPoint\",\"urlTemplate\":\"https:\/\/lesours-france.com\/en\/?s={search_term_string}\"},\"query-input\":{\"@type\":\"PropertyValueSpecification\",\"valueRequired\":true,\"valueName\":\"search_term_string\"}}],\"inLanguage\":\"en-GB\"},{\"@type\":\"Organization\",\"@id\":\"https:\/\/lesours-france.com\/en\/#organization\",\"name\":\"Les Ours\",\"url\":\"https:\/\/lesours-france.com\/en\/\",\"logo\":{\"@type\":\"ImageObject\",\"inLanguage\":\"en-GB\",\"@id\":\"https:\/\/lesours-france.com\/en\/#\/schema\/logo\/image\/\",\"url\":\"https:\/\/lesours-france.com\/wp-content\/uploads\/Logo_LesOurs_1.png\",\"contentUrl\":\"https:\/\/lesours-france.com\/wp-content\/uploads\/Logo_LesOurs_1.png\",\"width\":260,\"height\":75,\"caption\":\"Les Ours\"},\"image\":{\"@id\":\"https:\/\/lesours-france.com\/en\/#\/schema\/logo\/image\/\"},\"sameAs\":[\"https:\/\/www.facebook.com\/leshowroomlesours\",\"https:\/\/www.instagram.com\/les.ours.createur\"]}]}<\/script>\n<!-- \/ Yoast SEO plugin. -->","yoast_head_json":{"title":"AGAVE - BLUSH &#8211; Les Ours","description":"Boutique en ligne Les Ours : v\u00eatements de cr\u00e9ateur romantiques, boh\u00e8mes et tr\u00e8s po\u00e9tiques.","robots":{"index":"index","follow":"follow","max-snippet":"max-snippet:-1","max-image-preview":"max-image-preview:large","max-video-preview":"max-video-preview:-1"},"canonical":"https:\/\/lesours-france.com\/en\/boutique\/agave-blush\/","og_locale":"en_GB","og_type":"article","og_title":"AGAVE - BLUSH &#8211; Les Ours","og_description":"Boutique en ligne Les Ours : v\u00eatements de cr\u00e9ateur romantiques, boh\u00e8mes et tr\u00e8s po\u00e9tiques.","og_url":"https:\/\/lesours-france.com\/en\/boutique\/agave-blush\/","og_site_name":"Les Ours","article_publisher":"https:\/\/www.facebook.com\/leshowroomlesours","article_modified_time":"2026-03-16T23:51:50+00:00","og_image":[{"width":718,"height":1024,"url":"https:\/\/lesours-france.com\/wp-content\/uploads\/AGAVE-BLUSH-AVANT--718x1024.png","type":"image\/png"}],"twitter_card":"summary_large_image","schema":{"@context":"https:\/\/schema.org","@graph":[{"@type":"WebPage","@id":"https:\/\/lesours-france.com\/boutique\/agave-blush\/","url":"https:\/\/lesours-france.com\/boutique\/agave-blush\/","name":"AGAVE - BLUSH &#8211; Les Ours","isPartOf":{"@id":"https:\/\/lesours-france.com\/en\/#website"},"primaryImageOfPage":{"@id":"https:\/\/lesours-france.com\/boutique\/agave-blush\/#primaryimage"},"image":{"@id":"https:\/\/lesours-france.com\/boutique\/agave-blush\/#primaryimage"},"thumbnailUrl":"https:\/\/lesours-france.com\/wp-content\/uploads\/AGAVE-BLUSH-AVANT-.png","datePublished":"2026-01-20T07:06:41+00:00","dateModified":"2026-03-16T23:51:50+00:00","description":"Boutique en ligne Les Ours : v\u00eatements de cr\u00e9ateur romantiques, boh\u00e8mes et tr\u00e8s po\u00e9tiques.","breadcrumb":{"@id":"https:\/\/lesours-france.com\/boutique\/agave-blush\/#breadcrumb"},"inLanguage":"en-GB","potentialAction":[{"@type":"ReadAction","target":["https:\/\/lesours-france.com\/boutique\/agave-blush\/"]}]},{"@type":"ImageObject","inLanguage":"en-GB","@id":"https:\/\/lesours-france.com\/boutique\/agave-blush\/#primaryimage","url":"https:\/\/lesours-france.com\/wp-content\/uploads\/AGAVE-BLUSH-AVANT-.png","contentUrl":"https:\/\/lesours-france.com\/wp-content\/uploads\/AGAVE-BLUSH-AVANT-.png","width":1584,"height":2260},{"@type":"BreadcrumbList","@id":"https:\/\/lesours-france.com\/boutique\/agave-blush\/#breadcrumb","itemListElement":[{"@type":"ListItem","position":1,"name":"Accueil","item":"https:\/\/lesours-france.com\/"},{"@type":"ListItem","position":2,"name":"Boutique","item":"https:\/\/lesours-france.com\/en\/boutique\/"},{"@type":"ListItem","position":3,"name":"Collection \u00e9t\u00e9 2026","item":"https:\/\/lesours-france.com\/categorie\/collection-ete-2026\/"},{"@type":"ListItem","position":4,"name":"AGAVE &#8211; BLUSH"}]},{"@type":"WebSite","@id":"https:\/\/lesours-france.com\/en\/#website","url":"https:\/\/lesours-france.com\/en\/","name":"Les Ours","description":"Pr\u00eat \u00e0 porter romantique","publisher":{"@id":"https:\/\/lesours-france.com\/en\/#organization"},"potentialAction":[{"@type":"SearchAction","target":{"@type":"EntryPoint","urlTemplate":"https:\/\/lesours-france.com\/en\/?s={search_term_string}"},"query-input":{"@type":"PropertyValueSpecification","valueRequired":true,"valueName":"search_term_string"}}],"inLanguage":"en-GB"},{"@type":"Organization","@id":"https:\/\/lesours-france.com\/en\/#organization","name":"Les Ours","url":"https:\/\/lesours-france.com\/en\/","logo":{"@type":"ImageObject","inLanguage":"en-GB","@id":"https:\/\/lesours-france.com\/en\/#\/schema\/logo\/image\/","url":"https:\/\/lesours-france.com\/wp-content\/uploads\/Logo_LesOurs_1.png","contentUrl":"https:\/\/lesours-france.com\/wp-content\/uploads\/Logo_LesOurs_1.png","width":260,"height":75,"caption":"Les Ours"},"image":{"@id":"https:\/\/lesours-france.com\/en\/#\/schema\/logo\/image\/"},"sameAs":["https:\/\/www.facebook.com\/leshowroomlesours","https:\/\/www.instagram.com\/les.ours.createur"]}]}},"_links":{"self":[{"href":"https:\/\/lesours-france.com\/en\/wp-json\/wp\/v2\/product\/23563","targetHints":{"allow":["GET"]}}],"collection":[{"href":"https:\/\/lesours-france.com\/en\/wp-json\/wp\/v2\/product"}],"about":[{"href":"https:\/\/lesours-france.com\/en\/wp-json\/wp\/v2\/types\/product"}],"wp:featuredmedia":[{"embeddable":true,"href":"https:\/\/lesours-france.com\/en\/wp-json\/wp\/v2\/media\/23561"}],"wp:attachment":[{"href":"https:\/\/lesours-france.com\/en\/wp-json\/wp\/v2\/media?parent=23563"}],"wp:term":[{"taxonomy":"product_brand","embeddable":true,"href":"https:\/\/lesours-france.com\/en\/wp-json\/wp\/v2\/product_brand?post=23563"},{"taxonomy":"product_cat","embeddable":true,"href":"https:\/\/lesours-france.com\/en\/wp-json\/wp\/v2\/product_cat?post=23563"},{"taxonomy":"product_tag","embeddable":true,"href":"https:\/\/lesours-france.com\/en\/wp-json\/wp\/v2\/product_tag?post=23563"}],"curies":[{"name":"wp","href":"https:\/\/api.w.org\/{rel}","templated":true}]}}