{"id":23573,"date":"2026-01-20T08:06:43","date_gmt":"2026-01-20T07:06:43","guid":{"rendered":"https:\/\/lesours-france.com\/?post_type=product&#038;p=23573"},"modified":"2026-03-18T10:46:05","modified_gmt":"2026-03-18T09:46:05","slug":"mina-cosmos","status":"publish","type":"product","link":"https:\/\/lesours-france.com\/en\/boutique\/mina-cosmos\/","title":{"rendered":"MINA &#8211; COSMOS"},"content":{"rendered":"<p data-start=\"65\" data-end=\"328\">Une pi\u00e8ce d\u2019exception, o\u00f9 chaque d\u00e9tail raconte la d\u00e9licatesse du geste artisanal.<br data-start=\"147\" data-end=\"150\" \/>Confectionn\u00e9 dans un <strong data-start=\"171\" data-end=\"205\">coton brod\u00e9 \u00e0 la main<\/strong>, le manteau-robe <em data-start=\"223\" data-end=\"229\">MINA<\/em> \u00e9voque la douceur du temps pass\u00e9, l\u2019esprit boh\u00e8me et l\u2019\u00e9l\u00e9gance naturelle d\u2019une cr\u00e9ation unique.<\/p>\n<p data-start=\"330\" data-end=\"670\">Sa coupe fluide et romantique \u00e9pouse le mouvement avec gr\u00e2ce, tandis que les <strong data-start=\"407\" data-end=\"432\">motifs floraux brod\u00e9s<\/strong> se dessinent subtilement en relief sur le tissu, r\u00e9v\u00e9lant tout le savoir-faire d\u2019un travail minutieux.<br data-start=\"535\" data-end=\"538\" \/>Le <strong data-start=\"541\" data-end=\"614\">col et les poignets sont d\u00e9licatement soulign\u00e9s de volants en organza<\/strong>, apportant une touche de transparence et de f\u00e9minit\u00e9.<\/p>\n<p data-start=\"672\" data-end=\"936\">Fermeture par <strong data-start=\"686\" data-end=\"725\">une ligne discr\u00e8te de boutons nacre<\/strong>, pour un effet raffin\u00e9 et intemporel.<\/p>\n<p data-start=\"672\" data-end=\"936\"><a href=\"https:\/\/lesours-france.com\/wp-content\/uploads\/IMG_9537.mov\">VID\u00c9O DE MINA ET SARIETTE<\/a><\/p>\n<ul data-start=\"399\" data-end=\"722\">\n<li data-start=\"361\" data-end=\"409\">\n<p data-start=\"363\" data-end=\"409\" class=\"translation-block\">Material: 100% cotton<\/p>\n<\/li>\n<li data-start=\"361\" data-end=\"409\">\n<p data-start=\"363\" data-end=\"409\"><strong data-start=\"412\" data-end=\"421\">Coupe<\/strong> :longue et \u00e9vas\u00e9e<\/p>\n<\/li>\n<li data-start=\"467\" data-end=\"536\">\n<p data-start=\"469\" data-end=\"536\"><strong data-start=\"469\" data-end=\"480\">Manches<\/strong> : longues , bord\u00e9es d&#8217;un volant en organza blush<\/p>\n<\/li>\n<li data-start=\"467\" data-end=\"536\">\n<p data-start=\"469\" data-end=\"536\"><strong data-start=\"539\" data-end=\"552\">Fermeture<\/strong> :par une s\u00e9rie de petits boutons en nacre<\/p>\n<\/li>\n<li data-start=\"590\" data-end=\"672\">\n<p data-start=\"592\" data-end=\"672\"><strong data-start=\"592\" data-end=\"603\">D\u00e9tails<\/strong> : col volant\u00e9 en organza blush , deux poches de chaque c\u00f4t\u00e9<\/p>\n<\/li>\n<\/ul>\n<p data-start=\"724\" data-end=\"898\">\ud83c\udf3f <em data-start=\"943\" data-end=\"1053\" data-is-last-node=\"\">Un manteau-robe d\u2019atelier au charme d\u2019antan, symbole d\u2019un romantisme pur et d\u2019une \u00e9l\u00e9gance boh\u00e8me \u00e9ternelle.<\/em><\/p>","protected":false},"excerpt":{"rendered":"<p>Une pi\u00e8ce d\u2019exception, o\u00f9 chaque d\u00e9tail raconte la d\u00e9licatesse du geste artisanal.Confectionn\u00e9 dans un coton brod\u00e9 \u00e0 la main, le manteau-robe MINA \u00e9voque la douceur du temps pass\u00e9, l\u2019esprit boh\u00e8me et l\u2019\u00e9l\u00e9gance naturelle d\u2019une cr\u00e9ation unique. Sa coupe fluide et romantique \u00e9pouse le mouvement avec gr\u00e2ce, tandis que les motifs floraux brod\u00e9s se dessinent subtilement [&hellip;]<\/p>\n","protected":false},"featured_media":23582,"template":"","meta":{"ocean_post_layout":"","ocean_both_sidebars_style":"","ocean_both_sidebars_content_width":0,"ocean_both_sidebars_sidebars_width":0,"ocean_sidebar":"0","ocean_second_sidebar":"0","ocean_disable_margins":"enable","ocean_add_body_class":"","ocean_shortcode_before_top_bar":"","ocean_shortcode_after_top_bar":"","ocean_shortcode_before_header":"","ocean_shortcode_after_header":"","ocean_has_shortcode":"","ocean_shortcode_after_title":"","ocean_shortcode_before_footer_widgets":"","ocean_shortcode_after_footer_widgets":"","ocean_shortcode_before_footer_bottom":"","ocean_shortcode_after_footer_bottom":"","ocean_display_top_bar":"default","ocean_display_header":"default","ocean_header_style":"","ocean_center_header_left_menu":"0","ocean_custom_header_template":"0","ocean_custom_logo":0,"ocean_custom_retina_logo":0,"ocean_custom_logo_max_width":0,"ocean_custom_logo_tablet_max_width":0,"ocean_custom_logo_mobile_max_width":0,"ocean_custom_logo_max_height":0,"ocean_custom_logo_tablet_max_height":0,"ocean_custom_logo_mobile_max_height":0,"ocean_header_custom_menu":"0","ocean_menu_typo_font_family":"0","ocean_menu_typo_font_subset":"","ocean_menu_typo_font_size":0,"ocean_menu_typo_font_size_tablet":0,"ocean_menu_typo_font_size_mobile":0,"ocean_menu_typo_font_size_unit":"px","ocean_menu_typo_font_weight":"","ocean_menu_typo_font_weight_tablet":"","ocean_menu_typo_font_weight_mobile":"","ocean_menu_typo_transform":"","ocean_menu_typo_transform_tablet":"","ocean_menu_typo_transform_mobile":"","ocean_menu_typo_line_height":0,"ocean_menu_typo_line_height_tablet":0,"ocean_menu_typo_line_height_mobile":0,"ocean_menu_typo_line_height_unit":"","ocean_menu_typo_spacing":0,"ocean_menu_typo_spacing_tablet":0,"ocean_menu_typo_spacing_mobile":0,"ocean_menu_typo_spacing_unit":"","ocean_menu_link_color":"","ocean_menu_link_color_hover":"","ocean_menu_link_color_active":"","ocean_menu_link_background":"","ocean_menu_link_hover_background":"","ocean_menu_link_active_background":"","ocean_menu_social_links_bg":"","ocean_menu_social_hover_links_bg":"","ocean_menu_social_links_color":"","ocean_menu_social_hover_links_color":"","ocean_disable_title":"default","ocean_disable_heading":"default","ocean_post_title":"","ocean_post_subheading":"","ocean_post_title_style":"","ocean_post_title_background_color":"","ocean_post_title_background":0,"ocean_post_title_bg_image_position":"","ocean_post_title_bg_image_attachment":"","ocean_post_title_bg_image_repeat":"","ocean_post_title_bg_image_size":"","ocean_post_title_height":0,"ocean_post_title_bg_overlay":0.5,"ocean_post_title_bg_overlay_color":"","ocean_disable_breadcrumbs":"default","ocean_breadcrumbs_color":"","ocean_breadcrumbs_separator_color":"","ocean_breadcrumbs_links_color":"","ocean_breadcrumbs_links_hover_color":"","ocean_display_footer_widgets":"default","ocean_display_footer_bottom":"default","ocean_custom_footer_template":"0","osh_disable_topbar_sticky":"default","osh_disable_header_sticky":"default","osh_sticky_header_style":"default","osh_sticky_header_effect":"","osh_custom_sticky_logo":0,"osh_custom_retina_sticky_logo":0,"osh_custom_sticky_logo_height":0,"osh_background_color":"","osh_links_color":"","osh_links_hover_color":"","osh_links_active_color":"","osh_links_bg_color":"","osh_links_hover_bg_color":"","osh_links_active_bg_color":"","osh_menu_social_links_color":"","osh_menu_social_hover_links_color":""},"product_brand":[],"product_cat":[541,545],"product_tag":[],"class_list":{"0":"post-23573","1":"product","2":"type-product","3":"status-publish","4":"has-post-thumbnail","6":"product_cat-collection-ete-2026","7":"product_cat-vestes-et-manteaux","8":"pa_couleur-cosmos-ecru","9":"pa_taille-l","10":"pa_taille-m","11":"pa_taille-s","12":"pa_taille-xl","13":"pa_taille-xxl","15":"entry","16":"has-media","18":"first","19":"instock","20":"taxable","21":"shipping-taxable","22":"purchasable","23":"product-type-variable","24":"has-product-nav","25":"col","26":"span_1_of_4","27":"owp-content-center","28":"item-entry","29":"owp-thumbs-layout-horizontal","30":"owp-btn-normal","31":"owp-tabs-layout-vertical"},"yoast_head":"<!-- This site is optimized with the Yoast SEO plugin v27.2 - https:\/\/yoast.com\/product\/yoast-seo-wordpress\/ -->\n<title>MINA - COSMOS &#8211; Les Ours<\/title>\n<meta name=\"description\" content=\"Boutique en ligne Les Ours : v\u00eatements de cr\u00e9ateur romantiques, boh\u00e8mes et tr\u00e8s po\u00e9tiques.\" \/>\n<meta name=\"robots\" content=\"index, follow, max-snippet:-1, max-image-preview:large, max-video-preview:-1\" \/>\n<link rel=\"canonical\" href=\"https:\/\/lesours-france.com\/en\/boutique\/mina-cosmos\/\" \/>\n<meta property=\"og:locale\" content=\"en_GB\" \/>\n<meta property=\"og:type\" content=\"article\" \/>\n<meta property=\"og:title\" content=\"MINA - COSMOS &#8211; Les Ours\" \/>\n<meta property=\"og:description\" content=\"Boutique en ligne Les Ours : v\u00eatements de cr\u00e9ateur romantiques, boh\u00e8mes et tr\u00e8s po\u00e9tiques.\" \/>\n<meta property=\"og:url\" content=\"https:\/\/lesours-france.com\/en\/boutique\/mina-cosmos\/\" \/>\n<meta property=\"og:site_name\" content=\"Les Ours\" \/>\n<meta property=\"article:publisher\" content=\"https:\/\/www.facebook.com\/leshowroomlesours\" \/>\n<meta property=\"article:modified_time\" content=\"2026-03-18T09:46:05+00:00\" \/>\n<meta property=\"og:image\" content=\"https:\/\/lesours-france.com\/wp-content\/uploads\/MINA-BRODERIE-COSMOS-DETAILS--scaled.jpg\" \/>\n\t<meta property=\"og:image:width\" content=\"1810\" \/>\n\t<meta property=\"og:image:height\" content=\"2560\" \/>\n\t<meta property=\"og:image:type\" content=\"image\/jpeg\" \/>\n<meta name=\"twitter:card\" content=\"summary_large_image\" \/>\n<script type=\"application\/ld+json\" class=\"yoast-schema-graph\">{\"@context\":\"https:\/\/schema.org\",\"@graph\":[{\"@type\":\"WebPage\",\"@id\":\"https:\/\/lesours-france.com\/boutique\/mina-cosmos\/\",\"url\":\"https:\/\/lesours-france.com\/boutique\/mina-cosmos\/\",\"name\":\"MINA - COSMOS &#8211; Les Ours\",\"isPartOf\":{\"@id\":\"https:\/\/lesours-france.com\/en\/#website\"},\"primaryImageOfPage\":{\"@id\":\"https:\/\/lesours-france.com\/boutique\/mina-cosmos\/#primaryimage\"},\"image\":{\"@id\":\"https:\/\/lesours-france.com\/boutique\/mina-cosmos\/#primaryimage\"},\"thumbnailUrl\":\"https:\/\/lesours-france.com\/wp-content\/uploads\/MINA-BRODERIE-COSMOS-DETAILS--scaled.jpg\",\"datePublished\":\"2026-01-20T07:06:43+00:00\",\"dateModified\":\"2026-03-18T09:46:05+00:00\",\"description\":\"Boutique en ligne Les Ours : v\u00eatements de cr\u00e9ateur romantiques, boh\u00e8mes et tr\u00e8s po\u00e9tiques.\",\"breadcrumb\":{\"@id\":\"https:\/\/lesours-france.com\/boutique\/mina-cosmos\/#breadcrumb\"},\"inLanguage\":\"en-GB\",\"potentialAction\":[{\"@type\":\"ReadAction\",\"target\":[\"https:\/\/lesours-france.com\/boutique\/mina-cosmos\/\"]}]},{\"@type\":\"ImageObject\",\"inLanguage\":\"en-GB\",\"@id\":\"https:\/\/lesours-france.com\/boutique\/mina-cosmos\/#primaryimage\",\"url\":\"https:\/\/lesours-france.com\/wp-content\/uploads\/MINA-BRODERIE-COSMOS-DETAILS--scaled.jpg\",\"contentUrl\":\"https:\/\/lesours-france.com\/wp-content\/uploads\/MINA-BRODERIE-COSMOS-DETAILS--scaled.jpg\",\"width\":1810,\"height\":2560},{\"@type\":\"BreadcrumbList\",\"@id\":\"https:\/\/lesours-france.com\/boutique\/mina-cosmos\/#breadcrumb\",\"itemListElement\":[{\"@type\":\"ListItem\",\"position\":1,\"name\":\"Accueil\",\"item\":\"https:\/\/lesours-france.com\/\"},{\"@type\":\"ListItem\",\"position\":2,\"name\":\"Boutique\",\"item\":\"https:\/\/lesours-france.com\/en\/boutique\/\"},{\"@type\":\"ListItem\",\"position\":3,\"name\":\"Collection \u00e9t\u00e9 2026\",\"item\":\"https:\/\/lesours-france.com\/categorie\/collection-ete-2026\/\"},{\"@type\":\"ListItem\",\"position\":4,\"name\":\"MINA &#8211; COSMOS\"}]},{\"@type\":\"WebSite\",\"@id\":\"https:\/\/lesours-france.com\/en\/#website\",\"url\":\"https:\/\/lesours-france.com\/en\/\",\"name\":\"Les Ours\",\"description\":\"Pr\u00eat \u00e0 porter romantique\",\"publisher\":{\"@id\":\"https:\/\/lesours-france.com\/en\/#organization\"},\"potentialAction\":[{\"@type\":\"SearchAction\",\"target\":{\"@type\":\"EntryPoint\",\"urlTemplate\":\"https:\/\/lesours-france.com\/en\/?s={search_term_string}\"},\"query-input\":{\"@type\":\"PropertyValueSpecification\",\"valueRequired\":true,\"valueName\":\"search_term_string\"}}],\"inLanguage\":\"en-GB\"},{\"@type\":\"Organization\",\"@id\":\"https:\/\/lesours-france.com\/en\/#organization\",\"name\":\"Les Ours\",\"url\":\"https:\/\/lesours-france.com\/en\/\",\"logo\":{\"@type\":\"ImageObject\",\"inLanguage\":\"en-GB\",\"@id\":\"https:\/\/lesours-france.com\/en\/#\/schema\/logo\/image\/\",\"url\":\"https:\/\/lesours-france.com\/wp-content\/uploads\/Logo_LesOurs_1.png\",\"contentUrl\":\"https:\/\/lesours-france.com\/wp-content\/uploads\/Logo_LesOurs_1.png\",\"width\":260,\"height\":75,\"caption\":\"Les Ours\"},\"image\":{\"@id\":\"https:\/\/lesours-france.com\/en\/#\/schema\/logo\/image\/\"},\"sameAs\":[\"https:\/\/www.facebook.com\/leshowroomlesours\",\"https:\/\/www.instagram.com\/les.ours.createur\"]}]}<\/script>\n<!-- \/ Yoast SEO plugin. -->","yoast_head_json":{"title":"MINA - COSMOS &#8211; Les Ours","description":"Boutique en ligne Les Ours : v\u00eatements de cr\u00e9ateur romantiques, boh\u00e8mes et tr\u00e8s po\u00e9tiques.","robots":{"index":"index","follow":"follow","max-snippet":"max-snippet:-1","max-image-preview":"max-image-preview:large","max-video-preview":"max-video-preview:-1"},"canonical":"https:\/\/lesours-france.com\/en\/boutique\/mina-cosmos\/","og_locale":"en_GB","og_type":"article","og_title":"MINA - COSMOS &#8211; Les Ours","og_description":"Boutique en ligne Les Ours : v\u00eatements de cr\u00e9ateur romantiques, boh\u00e8mes et tr\u00e8s po\u00e9tiques.","og_url":"https:\/\/lesours-france.com\/en\/boutique\/mina-cosmos\/","og_site_name":"Les Ours","article_publisher":"https:\/\/www.facebook.com\/leshowroomlesours","article_modified_time":"2026-03-18T09:46:05+00:00","og_image":[{"width":1810,"height":2560,"url":"https:\/\/lesours-france.com\/wp-content\/uploads\/MINA-BRODERIE-COSMOS-DETAILS--scaled.jpg","type":"image\/jpeg"}],"twitter_card":"summary_large_image","schema":{"@context":"https:\/\/schema.org","@graph":[{"@type":"WebPage","@id":"https:\/\/lesours-france.com\/boutique\/mina-cosmos\/","url":"https:\/\/lesours-france.com\/boutique\/mina-cosmos\/","name":"MINA - COSMOS &#8211; Les Ours","isPartOf":{"@id":"https:\/\/lesours-france.com\/en\/#website"},"primaryImageOfPage":{"@id":"https:\/\/lesours-france.com\/boutique\/mina-cosmos\/#primaryimage"},"image":{"@id":"https:\/\/lesours-france.com\/boutique\/mina-cosmos\/#primaryimage"},"thumbnailUrl":"https:\/\/lesours-france.com\/wp-content\/uploads\/MINA-BRODERIE-COSMOS-DETAILS--scaled.jpg","datePublished":"2026-01-20T07:06:43+00:00","dateModified":"2026-03-18T09:46:05+00:00","description":"Boutique en ligne Les Ours : v\u00eatements de cr\u00e9ateur romantiques, boh\u00e8mes et tr\u00e8s po\u00e9tiques.","breadcrumb":{"@id":"https:\/\/lesours-france.com\/boutique\/mina-cosmos\/#breadcrumb"},"inLanguage":"en-GB","potentialAction":[{"@type":"ReadAction","target":["https:\/\/lesours-france.com\/boutique\/mina-cosmos\/"]}]},{"@type":"ImageObject","inLanguage":"en-GB","@id":"https:\/\/lesours-france.com\/boutique\/mina-cosmos\/#primaryimage","url":"https:\/\/lesours-france.com\/wp-content\/uploads\/MINA-BRODERIE-COSMOS-DETAILS--scaled.jpg","contentUrl":"https:\/\/lesours-france.com\/wp-content\/uploads\/MINA-BRODERIE-COSMOS-DETAILS--scaled.jpg","width":1810,"height":2560},{"@type":"BreadcrumbList","@id":"https:\/\/lesours-france.com\/boutique\/mina-cosmos\/#breadcrumb","itemListElement":[{"@type":"ListItem","position":1,"name":"Accueil","item":"https:\/\/lesours-france.com\/"},{"@type":"ListItem","position":2,"name":"Boutique","item":"https:\/\/lesours-france.com\/en\/boutique\/"},{"@type":"ListItem","position":3,"name":"Collection \u00e9t\u00e9 2026","item":"https:\/\/lesours-france.com\/categorie\/collection-ete-2026\/"},{"@type":"ListItem","position":4,"name":"MINA &#8211; COSMOS"}]},{"@type":"WebSite","@id":"https:\/\/lesours-france.com\/en\/#website","url":"https:\/\/lesours-france.com\/en\/","name":"Les Ours","description":"Pr\u00eat \u00e0 porter romantique","publisher":{"@id":"https:\/\/lesours-france.com\/en\/#organization"},"potentialAction":[{"@type":"SearchAction","target":{"@type":"EntryPoint","urlTemplate":"https:\/\/lesours-france.com\/en\/?s={search_term_string}"},"query-input":{"@type":"PropertyValueSpecification","valueRequired":true,"valueName":"search_term_string"}}],"inLanguage":"en-GB"},{"@type":"Organization","@id":"https:\/\/lesours-france.com\/en\/#organization","name":"Les Ours","url":"https:\/\/lesours-france.com\/en\/","logo":{"@type":"ImageObject","inLanguage":"en-GB","@id":"https:\/\/lesours-france.com\/en\/#\/schema\/logo\/image\/","url":"https:\/\/lesours-france.com\/wp-content\/uploads\/Logo_LesOurs_1.png","contentUrl":"https:\/\/lesours-france.com\/wp-content\/uploads\/Logo_LesOurs_1.png","width":260,"height":75,"caption":"Les Ours"},"image":{"@id":"https:\/\/lesours-france.com\/en\/#\/schema\/logo\/image\/"},"sameAs":["https:\/\/www.facebook.com\/leshowroomlesours","https:\/\/www.instagram.com\/les.ours.createur"]}]}},"_links":{"self":[{"href":"https:\/\/lesours-france.com\/en\/wp-json\/wp\/v2\/product\/23573","targetHints":{"allow":["GET"]}}],"collection":[{"href":"https:\/\/lesours-france.com\/en\/wp-json\/wp\/v2\/product"}],"about":[{"href":"https:\/\/lesours-france.com\/en\/wp-json\/wp\/v2\/types\/product"}],"wp:featuredmedia":[{"embeddable":true,"href":"https:\/\/lesours-france.com\/en\/wp-json\/wp\/v2\/media\/23582"}],"wp:attachment":[{"href":"https:\/\/lesours-france.com\/en\/wp-json\/wp\/v2\/media?parent=23573"}],"wp:term":[{"taxonomy":"product_brand","embeddable":true,"href":"https:\/\/lesours-france.com\/en\/wp-json\/wp\/v2\/product_brand?post=23573"},{"taxonomy":"product_cat","embeddable":true,"href":"https:\/\/lesours-france.com\/en\/wp-json\/wp\/v2\/product_cat?post=23573"},{"taxonomy":"product_tag","embeddable":true,"href":"https:\/\/lesours-france.com\/en\/wp-json\/wp\/v2\/product_tag?post=23573"}],"curies":[{"name":"wp","href":"https:\/\/api.w.org\/{rel}","templated":true}]}}