{"id":24133,"date":"2025-12-26T19:01:53","date_gmt":"2025-12-26T18:01:53","guid":{"rendered":"https:\/\/lesours-france.com\/?post_type=product&#038;p=24133"},"modified":"2026-02-15T18:28:05","modified_gmt":"2026-02-15T17:28:05","slug":"bruna-bleue","status":"publish","type":"product","link":"https:\/\/lesours-france.com\/en\/boutique\/bruna-bleue\/","title":{"rendered":"BRUNA &#8211; Bleue"},"content":{"rendered":"<p>Laissez-vous s\u00e9duire par l&#8217;\u00e9l\u00e9gance intemporelle de cette jupe longue au style boh\u00e8me et romantique, confectionn\u00e9e dans une combinaison de tissus d\u00e9licats qui racontent chacun une histoire.<\/p>\n<p>&#8211; **Haut de la jupe** : Une ceinture smock\u00e9e extensible qui s&#8217;ajuste parfaitement \u00e0 la silhouette, offrant un confort absolu tout en mettant en valeur la taille.<br \/>\n&#8211; **Tissu principal** : Une base en voile de coton l\u00e9ger, rehauss\u00e9e par des broderies florales subtiles qui apportent une touche de po\u00e9sie et de d\u00e9licatesse.<br \/>\n&#8211; **Panneaux d\u00e9coratifs** : Des empi\u00e8cements en dentelle vintage aux motifs ajour\u00e9s viennent structurer la jupe tout en accentuant son charme romantique. Les petites nouettes discr\u00e8tes ajoutent une dimension artisanale.<br \/>\n&#8211; **Doublure en transparence** : Une sous-jupe en tissu \u00e0 carreaux vaporeux se d\u00e9voile en transparence, ajoutant de la profondeur et du mouvement \u00e0 chaque pas.<br \/>\n&#8211; **Couleurs** : Disponible en trois teintes douces et naturelles : un \u00e9cru lumineux et un rose poudr\u00e9 et un bleu pastel parfaits pour sublimer votre garde-robe estivale.<\/p>\n<p>Id\u00e9ale pour une journ\u00e9e ensoleill\u00e9e ou une soir\u00e9e boh\u00e8me chic, cette jupe se porte aussi bien avec un simple haut en lin qu\u2019avec un chemisier en dentelle pour un look raffin\u00e9. Ses d\u00e9tails faits main et ses mat\u00e9riaux de qualit\u00e9 en font une pi\u00e8ce unique, synonyme de l\u00e9g\u00e8ret\u00e9 et d\u2019\u00e9l\u00e9gance naturelle.<\/p>\n<p>**Composition :**<br \/>\n&#8211; 100 % coton (voile, broderies et doublure)<\/p>\n<p>**Fabriqu\u00e9 avec soin pour les \u00e2mes libres et r\u00eaveuses.**<\/p>\n<p>&nbsp;<\/p>","protected":false},"excerpt":{"rendered":"<p>Laissez-vous s\u00e9duire par l&#8217;\u00e9l\u00e9gance intemporelle de cette jupe longue au style boh\u00e8me et romantique, confectionn\u00e9e dans une combinaison de tissus d\u00e9licats qui racontent chacun une histoire. &#8211; **Haut de la jupe** : Une ceinture smock\u00e9e extensible qui s&#8217;ajuste parfaitement \u00e0 la silhouette, offrant un confort absolu tout en mettant en valeur la taille. &#8211; **Tissu [&hellip;]<\/p>\n","protected":false},"featured_media":24135,"template":"","meta":{"ocean_post_layout":"","ocean_both_sidebars_style":"","ocean_both_sidebars_content_width":0,"ocean_both_sidebars_sidebars_width":0,"ocean_sidebar":"0","ocean_second_sidebar":"0","ocean_disable_margins":"enable","ocean_add_body_class":"","ocean_shortcode_before_top_bar":"","ocean_shortcode_after_top_bar":"","ocean_shortcode_before_header":"","ocean_shortcode_after_header":"","ocean_has_shortcode":"","ocean_shortcode_after_title":"","ocean_shortcode_before_footer_widgets":"","ocean_shortcode_after_footer_widgets":"","ocean_shortcode_before_footer_bottom":"","ocean_shortcode_after_footer_bottom":"","ocean_display_top_bar":"default","ocean_display_header":"default","ocean_header_style":"","ocean_center_header_left_menu":"0","ocean_custom_header_template":"0","ocean_custom_logo":0,"ocean_custom_retina_logo":0,"ocean_custom_logo_max_width":0,"ocean_custom_logo_tablet_max_width":0,"ocean_custom_logo_mobile_max_width":0,"ocean_custom_logo_max_height":0,"ocean_custom_logo_tablet_max_height":0,"ocean_custom_logo_mobile_max_height":0,"ocean_header_custom_menu":"0","ocean_menu_typo_font_family":"0","ocean_menu_typo_font_subset":"","ocean_menu_typo_font_size":0,"ocean_menu_typo_font_size_tablet":0,"ocean_menu_typo_font_size_mobile":0,"ocean_menu_typo_font_size_unit":"px","ocean_menu_typo_font_weight":"","ocean_menu_typo_font_weight_tablet":"","ocean_menu_typo_font_weight_mobile":"","ocean_menu_typo_transform":"","ocean_menu_typo_transform_tablet":"","ocean_menu_typo_transform_mobile":"","ocean_menu_typo_line_height":0,"ocean_menu_typo_line_height_tablet":0,"ocean_menu_typo_line_height_mobile":0,"ocean_menu_typo_line_height_unit":"","ocean_menu_typo_spacing":0,"ocean_menu_typo_spacing_tablet":0,"ocean_menu_typo_spacing_mobile":0,"ocean_menu_typo_spacing_unit":"","ocean_menu_link_color":"","ocean_menu_link_color_hover":"","ocean_menu_link_color_active":"","ocean_menu_link_background":"","ocean_menu_link_hover_background":"","ocean_menu_link_active_background":"","ocean_menu_social_links_bg":"","ocean_menu_social_hover_links_bg":"","ocean_menu_social_links_color":"","ocean_menu_social_hover_links_color":"","ocean_disable_title":"default","ocean_disable_heading":"default","ocean_post_title":"","ocean_post_subheading":"","ocean_post_title_style":"","ocean_post_title_background_color":"","ocean_post_title_background":0,"ocean_post_title_bg_image_position":"","ocean_post_title_bg_image_attachment":"","ocean_post_title_bg_image_repeat":"","ocean_post_title_bg_image_size":"","ocean_post_title_height":0,"ocean_post_title_bg_overlay":0.5,"ocean_post_title_bg_overlay_color":"","ocean_disable_breadcrumbs":"default","ocean_breadcrumbs_color":"","ocean_breadcrumbs_separator_color":"","ocean_breadcrumbs_links_color":"","ocean_breadcrumbs_links_hover_color":"","ocean_display_footer_widgets":"default","ocean_display_footer_bottom":"default","ocean_custom_footer_template":"0","osh_disable_topbar_sticky":"default","osh_disable_header_sticky":"default","osh_sticky_header_style":"default","osh_sticky_header_effect":"","osh_custom_sticky_logo":0,"osh_custom_retina_sticky_logo":0,"osh_custom_sticky_logo_height":0,"osh_background_color":"","osh_links_color":"","osh_links_hover_color":"","osh_links_active_color":"","osh_links_bg_color":"","osh_links_hover_bg_color":"","osh_links_active_bg_color":"","osh_menu_social_links_color":"","osh_menu_social_hover_links_color":""},"product_brand":[],"product_cat":[19,21],"product_tag":[],"class_list":{"0":"post-24133","1":"product","2":"type-product","3":"status-publish","4":"has-post-thumbnail","6":"product_cat-anciennes-collections-ete","7":"product_cat-pantalons-jupons","8":"pa_couleur-broderie-bleue","9":"pa_taille-taille-unique","11":"entry","12":"has-media","14":"first","15":"outofstock","16":"taxable","17":"shipping-taxable","18":"product-type-variable","19":"has-product-nav","20":"col","21":"span_1_of_4","22":"owp-content-center","23":"item-entry","24":"owp-thumbs-layout-horizontal","25":"owp-btn-normal","26":"owp-tabs-layout-vertical"},"yoast_head":"<!-- This site is optimized with the Yoast SEO plugin v27.2 - https:\/\/yoast.com\/product\/yoast-seo-wordpress\/ -->\n<title>BRUNA - Bleue &#8211; Les Ours<\/title>\n<meta name=\"description\" content=\"Boutique en ligne Les Ours : v\u00eatements de cr\u00e9ateur romantiques, boh\u00e8mes et tr\u00e8s po\u00e9tiques.\" \/>\n<meta name=\"robots\" content=\"index, follow, max-snippet:-1, max-image-preview:large, max-video-preview:-1\" \/>\n<link rel=\"canonical\" href=\"https:\/\/lesours-france.com\/en\/boutique\/bruna-bleue\/\" \/>\n<meta property=\"og:locale\" content=\"en_GB\" \/>\n<meta property=\"og:type\" content=\"article\" \/>\n<meta property=\"og:title\" content=\"BRUNA - Bleue &#8211; Les Ours\" \/>\n<meta property=\"og:description\" content=\"Boutique en ligne Les Ours : v\u00eatements de cr\u00e9ateur romantiques, boh\u00e8mes et tr\u00e8s po\u00e9tiques.\" \/>\n<meta property=\"og:url\" content=\"https:\/\/lesours-france.com\/en\/boutique\/bruna-bleue\/\" \/>\n<meta property=\"og:site_name\" content=\"Les Ours\" \/>\n<meta property=\"article:publisher\" content=\"https:\/\/www.facebook.com\/leshowroomlesours\" \/>\n<meta property=\"article:modified_time\" content=\"2026-02-15T17:28:05+00:00\" \/>\n<meta property=\"og:image\" content=\"https:\/\/lesours-france.com\/wp-content\/uploads\/IMG_1243.png\" \/>\n\t<meta property=\"og:image:width\" content=\"640\" \/>\n\t<meta property=\"og:image:height\" content=\"853\" \/>\n\t<meta property=\"og:image:type\" content=\"image\/png\" \/>\n<meta name=\"twitter:card\" content=\"summary_large_image\" \/>\n<script type=\"application\/ld+json\" class=\"yoast-schema-graph\">{\"@context\":\"https:\/\/schema.org\",\"@graph\":[{\"@type\":\"WebPage\",\"@id\":\"https:\/\/lesours-france.com\/boutique\/bruna-bleue\/\",\"url\":\"https:\/\/lesours-france.com\/boutique\/bruna-bleue\/\",\"name\":\"BRUNA - Bleue &#8211; Les Ours\",\"isPartOf\":{\"@id\":\"https:\/\/lesours-france.com\/en\/#website\"},\"primaryImageOfPage\":{\"@id\":\"https:\/\/lesours-france.com\/boutique\/bruna-bleue\/#primaryimage\"},\"image\":{\"@id\":\"https:\/\/lesours-france.com\/boutique\/bruna-bleue\/#primaryimage\"},\"thumbnailUrl\":\"https:\/\/lesours-france.com\/wp-content\/uploads\/IMG_1243.png\",\"datePublished\":\"2025-12-26T18:01:53+00:00\",\"dateModified\":\"2026-02-15T17:28:05+00:00\",\"description\":\"Boutique en ligne Les Ours : v\u00eatements de cr\u00e9ateur romantiques, boh\u00e8mes et tr\u00e8s po\u00e9tiques.\",\"breadcrumb\":{\"@id\":\"https:\/\/lesours-france.com\/boutique\/bruna-bleue\/#breadcrumb\"},\"inLanguage\":\"en-GB\",\"potentialAction\":[{\"@type\":\"ReadAction\",\"target\":[\"https:\/\/lesours-france.com\/boutique\/bruna-bleue\/\"]}]},{\"@type\":\"ImageObject\",\"inLanguage\":\"en-GB\",\"@id\":\"https:\/\/lesours-france.com\/boutique\/bruna-bleue\/#primaryimage\",\"url\":\"https:\/\/lesours-france.com\/wp-content\/uploads\/IMG_1243.png\",\"contentUrl\":\"https:\/\/lesours-france.com\/wp-content\/uploads\/IMG_1243.png\",\"width\":640,\"height\":853},{\"@type\":\"BreadcrumbList\",\"@id\":\"https:\/\/lesours-france.com\/boutique\/bruna-bleue\/#breadcrumb\",\"itemListElement\":[{\"@type\":\"ListItem\",\"position\":1,\"name\":\"Accueil\",\"item\":\"https:\/\/lesours-france.com\/\"},{\"@type\":\"ListItem\",\"position\":2,\"name\":\"Boutique\",\"item\":\"https:\/\/lesours-france.com\/en\/boutique\/\"},{\"@type\":\"ListItem\",\"position\":3,\"name\":\"Anciennes collections \u00e9t\u00e9\",\"item\":\"https:\/\/lesours-france.com\/categorie\/anciennes-collections-ete\/\"},{\"@type\":\"ListItem\",\"position\":4,\"name\":\"Pantalons \/ Jupons \/ salopettes\",\"item\":\"https:\/\/lesours-france.com\/categorie\/anciennes-collections-ete\/pantalons-jupons\/\"},{\"@type\":\"ListItem\",\"position\":5,\"name\":\"BRUNA &#8211; Bleue\"}]},{\"@type\":\"WebSite\",\"@id\":\"https:\/\/lesours-france.com\/en\/#website\",\"url\":\"https:\/\/lesours-france.com\/en\/\",\"name\":\"Les Ours\",\"description\":\"Pr\u00eat \u00e0 porter romantique\",\"publisher\":{\"@id\":\"https:\/\/lesours-france.com\/en\/#organization\"},\"potentialAction\":[{\"@type\":\"SearchAction\",\"target\":{\"@type\":\"EntryPoint\",\"urlTemplate\":\"https:\/\/lesours-france.com\/en\/?s={search_term_string}\"},\"query-input\":{\"@type\":\"PropertyValueSpecification\",\"valueRequired\":true,\"valueName\":\"search_term_string\"}}],\"inLanguage\":\"en-GB\"},{\"@type\":\"Organization\",\"@id\":\"https:\/\/lesours-france.com\/en\/#organization\",\"name\":\"Les Ours\",\"url\":\"https:\/\/lesours-france.com\/en\/\",\"logo\":{\"@type\":\"ImageObject\",\"inLanguage\":\"en-GB\",\"@id\":\"https:\/\/lesours-france.com\/en\/#\/schema\/logo\/image\/\",\"url\":\"https:\/\/lesours-france.com\/wp-content\/uploads\/Logo_LesOurs_1.png\",\"contentUrl\":\"https:\/\/lesours-france.com\/wp-content\/uploads\/Logo_LesOurs_1.png\",\"width\":260,\"height\":75,\"caption\":\"Les Ours\"},\"image\":{\"@id\":\"https:\/\/lesours-france.com\/en\/#\/schema\/logo\/image\/\"},\"sameAs\":[\"https:\/\/www.facebook.com\/leshowroomlesours\",\"https:\/\/www.instagram.com\/les.ours.createur\"]}]}<\/script>\n<!-- \/ Yoast SEO plugin. -->","yoast_head_json":{"title":"BRUNA - Bleue &#8211; Les Ours","description":"Boutique en ligne Les Ours : v\u00eatements de cr\u00e9ateur romantiques, boh\u00e8mes et tr\u00e8s po\u00e9tiques.","robots":{"index":"index","follow":"follow","max-snippet":"max-snippet:-1","max-image-preview":"max-image-preview:large","max-video-preview":"max-video-preview:-1"},"canonical":"https:\/\/lesours-france.com\/en\/boutique\/bruna-bleue\/","og_locale":"en_GB","og_type":"article","og_title":"BRUNA - Bleue &#8211; Les Ours","og_description":"Boutique en ligne Les Ours : v\u00eatements de cr\u00e9ateur romantiques, boh\u00e8mes et tr\u00e8s po\u00e9tiques.","og_url":"https:\/\/lesours-france.com\/en\/boutique\/bruna-bleue\/","og_site_name":"Les Ours","article_publisher":"https:\/\/www.facebook.com\/leshowroomlesours","article_modified_time":"2026-02-15T17:28:05+00:00","og_image":[{"width":640,"height":853,"url":"https:\/\/lesours-france.com\/wp-content\/uploads\/IMG_1243.png","type":"image\/png"}],"twitter_card":"summary_large_image","schema":{"@context":"https:\/\/schema.org","@graph":[{"@type":"WebPage","@id":"https:\/\/lesours-france.com\/boutique\/bruna-bleue\/","url":"https:\/\/lesours-france.com\/boutique\/bruna-bleue\/","name":"BRUNA - Bleue &#8211; Les Ours","isPartOf":{"@id":"https:\/\/lesours-france.com\/en\/#website"},"primaryImageOfPage":{"@id":"https:\/\/lesours-france.com\/boutique\/bruna-bleue\/#primaryimage"},"image":{"@id":"https:\/\/lesours-france.com\/boutique\/bruna-bleue\/#primaryimage"},"thumbnailUrl":"https:\/\/lesours-france.com\/wp-content\/uploads\/IMG_1243.png","datePublished":"2025-12-26T18:01:53+00:00","dateModified":"2026-02-15T17:28:05+00:00","description":"Boutique en ligne Les Ours : v\u00eatements de cr\u00e9ateur romantiques, boh\u00e8mes et tr\u00e8s po\u00e9tiques.","breadcrumb":{"@id":"https:\/\/lesours-france.com\/boutique\/bruna-bleue\/#breadcrumb"},"inLanguage":"en-GB","potentialAction":[{"@type":"ReadAction","target":["https:\/\/lesours-france.com\/boutique\/bruna-bleue\/"]}]},{"@type":"ImageObject","inLanguage":"en-GB","@id":"https:\/\/lesours-france.com\/boutique\/bruna-bleue\/#primaryimage","url":"https:\/\/lesours-france.com\/wp-content\/uploads\/IMG_1243.png","contentUrl":"https:\/\/lesours-france.com\/wp-content\/uploads\/IMG_1243.png","width":640,"height":853},{"@type":"BreadcrumbList","@id":"https:\/\/lesours-france.com\/boutique\/bruna-bleue\/#breadcrumb","itemListElement":[{"@type":"ListItem","position":1,"name":"Accueil","item":"https:\/\/lesours-france.com\/"},{"@type":"ListItem","position":2,"name":"Boutique","item":"https:\/\/lesours-france.com\/en\/boutique\/"},{"@type":"ListItem","position":3,"name":"Anciennes collections \u00e9t\u00e9","item":"https:\/\/lesours-france.com\/categorie\/anciennes-collections-ete\/"},{"@type":"ListItem","position":4,"name":"Pantalons \/ Jupons \/ salopettes","item":"https:\/\/lesours-france.com\/categorie\/anciennes-collections-ete\/pantalons-jupons\/"},{"@type":"ListItem","position":5,"name":"BRUNA &#8211; Bleue"}]},{"@type":"WebSite","@id":"https:\/\/lesours-france.com\/en\/#website","url":"https:\/\/lesours-france.com\/en\/","name":"Les Ours","description":"Pr\u00eat \u00e0 porter romantique","publisher":{"@id":"https:\/\/lesours-france.com\/en\/#organization"},"potentialAction":[{"@type":"SearchAction","target":{"@type":"EntryPoint","urlTemplate":"https:\/\/lesours-france.com\/en\/?s={search_term_string}"},"query-input":{"@type":"PropertyValueSpecification","valueRequired":true,"valueName":"search_term_string"}}],"inLanguage":"en-GB"},{"@type":"Organization","@id":"https:\/\/lesours-france.com\/en\/#organization","name":"Les Ours","url":"https:\/\/lesours-france.com\/en\/","logo":{"@type":"ImageObject","inLanguage":"en-GB","@id":"https:\/\/lesours-france.com\/en\/#\/schema\/logo\/image\/","url":"https:\/\/lesours-france.com\/wp-content\/uploads\/Logo_LesOurs_1.png","contentUrl":"https:\/\/lesours-france.com\/wp-content\/uploads\/Logo_LesOurs_1.png","width":260,"height":75,"caption":"Les Ours"},"image":{"@id":"https:\/\/lesours-france.com\/en\/#\/schema\/logo\/image\/"},"sameAs":["https:\/\/www.facebook.com\/leshowroomlesours","https:\/\/www.instagram.com\/les.ours.createur"]}]}},"_links":{"self":[{"href":"https:\/\/lesours-france.com\/en\/wp-json\/wp\/v2\/product\/24133","targetHints":{"allow":["GET"]}}],"collection":[{"href":"https:\/\/lesours-france.com\/en\/wp-json\/wp\/v2\/product"}],"about":[{"href":"https:\/\/lesours-france.com\/en\/wp-json\/wp\/v2\/types\/product"}],"wp:featuredmedia":[{"embeddable":true,"href":"https:\/\/lesours-france.com\/en\/wp-json\/wp\/v2\/media\/24135"}],"wp:attachment":[{"href":"https:\/\/lesours-france.com\/en\/wp-json\/wp\/v2\/media?parent=24133"}],"wp:term":[{"taxonomy":"product_brand","embeddable":true,"href":"https:\/\/lesours-france.com\/en\/wp-json\/wp\/v2\/product_brand?post=24133"},{"taxonomy":"product_cat","embeddable":true,"href":"https:\/\/lesours-france.com\/en\/wp-json\/wp\/v2\/product_cat?post=24133"},{"taxonomy":"product_tag","embeddable":true,"href":"https:\/\/lesours-france.com\/en\/wp-json\/wp\/v2\/product_tag?post=24133"}],"curies":[{"name":"wp","href":"https:\/\/api.w.org\/{rel}","templated":true}]}}